{"id":38072,"date":"2026-02-23T09:04:31","date_gmt":"2026-02-23T09:04:31","guid":{"rendered":"https:\/\/adidascombat.md\/product\/%d0%b1%d1%80%d0%b5%d0%bb%d0%be%d0%ba-%d0%bf%d0%be%d1%8f%d1%81-%d0%b4%d0%bb%d1%8f-%d0%b1%d1%80%d0%b0%d0%b7%d0%b8%d0%bb%d1%8c%d1%81%d0%ba%d0%be%d0%b3%d0%be-%d0%b4%d0%b6%d0%b8%d1%83-%d0%b4%d0%b6%d0%b8\/"},"modified":"2026-02-23T09:06:01","modified_gmt":"2026-02-23T09:06:01","slug":"%d0%b1%d1%80%d0%b5%d0%bb%d0%be%d0%ba-%d0%bf%d0%be%d1%8f%d1%81-%d0%b4%d0%bb%d1%8f-%d0%b1%d1%80%d0%b0%d0%b7%d0%b8%d0%bb%d1%8c%d1%81%d0%ba%d0%be%d0%b3%d0%be-%d0%b4%d0%b6%d0%b8%d1%83-%d0%b4%d0%b6%d0%b8","status":"publish","type":"product","link":"https:\/\/adidascombat.md\/ro\/Produs\/%d0%b1%d1%80%d0%b5%d0%bb%d0%be%d0%ba-%d0%bf%d0%be%d1%8f%d1%81-%d0%b4%d0%bb%d1%8f-%d0%b1%d1%80%d0%b0%d0%b7%d0%b8%d0%bb%d1%8c%d1%81%d0%ba%d0%be%d0%b3%d0%be-%d0%b4%d0%b6%d0%b8%d1%83-%d0%b4%d0%b6%d0%b8\/","title":{"rendered":"Breloc cu centur\u0103 de Jiu-Jitsu brazilian"},"content":{"rendered":"<p>Prezint\u0103-\u021bi afilierea la echip\u0103! Aceast\u0103 curea unic\u0103 pentru breloc este elegant\u0103, cu broderie aurie \u0219i simboluri sportive, de aproximativ 10 x 4 cm. Aceast\u0103 versiune are o sec\u021biune special\u0103 pentru sportivii de BJJ.<\/p>\n<p>Caracteristici:<\/p>\n<ul>\n<li>\u00a0Material original<\/li>\n<li>Prezint\u0103-\u021bi culoarea curelei pe acest breloc!<\/li>\n<li>Broderie aurie frumoas\u0103 cu simboluri sportive<\/li>\n<li>aproximativ 10 x 4 cm<\/li>\n<\/ul>\n","protected":false},"excerpt":{"rendered":"<p>Prezint\u0103-\u021bi afilierea la echip\u0103! Aceast\u0103 curea unic\u0103 pentru breloc este elegant\u0103, cu broderie aurie \u0219i simboluri sportive, de aproximativ 10<\/p>\n","protected":false},"featured_media":38068,"comment_status":"open","ping_status":"closed","template":"","meta":[],"product_brand":[],"product_cat":[795,785],"product_tag":[],"class_list":{"0":"post-38072","1":"product","2":"type-product","3":"status-publish","4":"has-post-thumbnail","6":"product_cat-accesorii-ro-6","7":"product_cat-adidas-bjj-ro","9":"first","10":"instock","11":"shipping-taxable","12":"purchasable","13":"product-type-variable"},"_links":{"self":[{"href":"https:\/\/adidascombat.md\/ro\/wp-json\/wp\/v2\/product\/38072","targetHints":{"allow":["GET"]}}],"collection":[{"href":"https:\/\/adidascombat.md\/ro\/wp-json\/wp\/v2\/product"}],"about":[{"href":"https:\/\/adidascombat.md\/ro\/wp-json\/wp\/v2\/types\/product"}],"replies":[{"embeddable":true,"href":"https:\/\/adidascombat.md\/ro\/wp-json\/wp\/v2\/comments?post=38072"}],"version-history":[{"count":1,"href":"https:\/\/adidascombat.md\/ro\/wp-json\/wp\/v2\/product\/38072\/revisions"}],"predecessor-version":[{"id":38078,"href":"https:\/\/adidascombat.md\/ro\/wp-json\/wp\/v2\/product\/38072\/revisions\/38078"}],"wp:featuredmedia":[{"embeddable":true,"href":"https:\/\/adidascombat.md\/ro\/wp-json\/wp\/v2\/media\/38068"}],"wp:attachment":[{"href":"https:\/\/adidascombat.md\/ro\/wp-json\/wp\/v2\/media?parent=38072"}],"wp:term":[{"taxonomy":"product_brand","embeddable":true,"href":"https:\/\/adidascombat.md\/ro\/wp-json\/wp\/v2\/product_brand?post=38072"},{"taxonomy":"product_cat","embeddable":true,"href":"https:\/\/adidascombat.md\/ro\/wp-json\/wp\/v2\/product_cat?post=38072"},{"taxonomy":"product_tag","embeddable":true,"href":"https:\/\/adidascombat.md\/ro\/wp-json\/wp\/v2\/product_tag?post=38072"}],"curies":[{"name":"wp","href":"https:\/\/api.w.org\/{rel}","templated":true}]}}