{"id":38099,"date":"2026-02-25T07:15:01","date_gmt":"2026-02-25T07:15:01","guid":{"rendered":"https:\/\/adidascombat.md\/product\/%d0%bf%d0%b5%d1%80%d1%87%d0%b0%d1%82%d0%ba%d0%b0-%d0%bc%d0%b8%d0%bd%d0%b8-%d0%b4%d0%b7%d1%8e-%d0%b4%d0%b7%d1%8e%d1%86%d1%83\/"},"modified":"2026-02-25T07:17:08","modified_gmt":"2026-02-25T07:17:08","slug":"%d0%bf%d0%b5%d1%80%d1%87%d0%b0%d1%82%d0%ba%d0%b0-%d0%bc%d0%b8%d0%bd%d0%b8-%d0%b4%d0%b7%d1%8e-%d0%b4%d0%b7%d1%8e%d1%86%d1%83","status":"publish","type":"product","link":"https:\/\/adidascombat.md\/ro\/Produs\/%d0%bf%d0%b5%d1%80%d1%87%d0%b0%d1%82%d0%ba%d0%b0-%d0%bc%d0%b8%d0%bd%d0%b8-%d0%b4%d0%b7%d1%8e-%d0%b4%d0%b7%d1%8e%d1%86%d1%83\/","title":{"rendered":"M\u0103nu\u0219\u0103 Mini Jujutsu"},"content":{"rendered":"<p>O m\u0103nu\u0219\u0103 miniatural\u0103 de competi\u021bie de jiu-jitsu sub form\u0103 de breloc din piele cu inel de chei \u0219i \u00eenchidere mini-velcro la \u00eencheietura m\u00e2inii \u0219i buclele degetelor, de aproximativ 7 x 4 cm.<\/p>\n<p>Caracteristici:<\/p>\n<ul>\n<li>M\u0103nu\u0219\u0103 miniatural\u0103 de jiu-jitsu\/karate<\/li>\n<li>cu inel de chei<\/li>\n<li>\u00cen\u0219el\u0103tor de realist\u0103, cu toate caracteristicile pe care ar trebui s\u0103 le aib\u0103 o m\u0103nu\u0219\u0103 adev\u0103rat\u0103.<\/li>\n<\/ul>\n","protected":false},"excerpt":{"rendered":"<p>O m\u0103nu\u0219\u0103 miniatural\u0103 de competi\u021bie de jiu-jitsu sub form\u0103 de breloc din piele cu inel de chei \u0219i \u00eenchidere mini-velcro<\/p>\n","protected":false},"featured_media":38096,"comment_status":"open","ping_status":"closed","template":"","meta":[],"product_brand":[],"product_cat":[814,145,801,137],"product_tag":[],"class_list":{"0":"post-38099","1":"product","2":"type-product","3":"status-publish","4":"has-post-thumbnail","6":"product_cat-accesorii-ro-7","7":"product_cat-accesorii-ro-2","8":"product_cat-adidas-ju-jutsu","9":"product_cat-adidas-karate-ro","11":"first","12":"instock","13":"shipping-taxable","14":"purchasable","15":"product-type-variable"},"_links":{"self":[{"href":"https:\/\/adidascombat.md\/ro\/wp-json\/wp\/v2\/product\/38099","targetHints":{"allow":["GET"]}}],"collection":[{"href":"https:\/\/adidascombat.md\/ro\/wp-json\/wp\/v2\/product"}],"about":[{"href":"https:\/\/adidascombat.md\/ro\/wp-json\/wp\/v2\/types\/product"}],"replies":[{"embeddable":true,"href":"https:\/\/adidascombat.md\/ro\/wp-json\/wp\/v2\/comments?post=38099"}],"version-history":[{"count":2,"href":"https:\/\/adidascombat.md\/ro\/wp-json\/wp\/v2\/product\/38099\/revisions"}],"predecessor-version":[{"id":38103,"href":"https:\/\/adidascombat.md\/ro\/wp-json\/wp\/v2\/product\/38099\/revisions\/38103"}],"wp:featuredmedia":[{"embeddable":true,"href":"https:\/\/adidascombat.md\/ro\/wp-json\/wp\/v2\/media\/38096"}],"wp:attachment":[{"href":"https:\/\/adidascombat.md\/ro\/wp-json\/wp\/v2\/media?parent=38099"}],"wp:term":[{"taxonomy":"product_brand","embeddable":true,"href":"https:\/\/adidascombat.md\/ro\/wp-json\/wp\/v2\/product_brand?post=38099"},{"taxonomy":"product_cat","embeddable":true,"href":"https:\/\/adidascombat.md\/ro\/wp-json\/wp\/v2\/product_cat?post=38099"},{"taxonomy":"product_tag","embeddable":true,"href":"https:\/\/adidascombat.md\/ro\/wp-json\/wp\/v2\/product_tag?post=38099"}],"curies":[{"name":"wp","href":"https:\/\/api.w.org\/{rel}","templated":true}]}}