{"id":38128,"date":"2026-02-25T07:29:36","date_gmt":"2026-02-25T07:29:36","guid":{"rendered":"https:\/\/adidascombat.md\/product\/%d0%b1%d1%80%d0%b5%d0%bb%d0%be%d0%ba-%d0%b2-%d0%b2%d0%b8%d0%b4%d0%b5-%d0%b6%d0%b8%d0%b2%d0%be%d1%82%d0%bd%d0%be%d0%b3%d0%be-%d1%80%d0%b5%d0%b7%d0%b8%d0%bd%d0%be%d0%b2%d1%8b%d0%b9-%d0%b1%d1%80%d0%b5-2\/"},"modified":"2026-02-25T07:31:19","modified_gmt":"2026-02-25T07:31:19","slug":"%d0%b1%d1%80%d0%b5%d0%bb%d0%be%d0%ba-%d0%b2-%d0%b2%d0%b8%d0%b4%d0%b5-%d0%b6%d0%b8%d0%b2%d0%be%d1%82%d0%bd%d0%be%d0%b3%d0%be-%d1%80%d0%b5%d0%b7%d0%b8%d0%bd%d0%be%d0%b2%d1%8b%d0%b9-%d0%b1%d1%80%d0%b5-2","status":"publish","type":"product","link":"https:\/\/adidascombat.md\/ro\/Produs\/%d0%b1%d1%80%d0%b5%d0%bb%d0%be%d0%ba-%d0%b2-%d0%b2%d0%b8%d0%b4%d0%b5-%d0%b6%d0%b8%d0%b2%d0%be%d1%82%d0%bd%d0%be%d0%b3%d0%be-%d1%80%d0%b5%d0%b7%d0%b8%d0%bd%d0%be%d0%b2%d1%8b%d0%b9-%d0%b1%d1%80%d0%b5-2\/","title":{"rendered":"Breloc cu animale &#8211; Breloc din cauciuc"},"content":{"rendered":"<p>Cadoul sau suvenirul perfect pentru fanii artelor mar\u021biale &#8211; un accesoriu elegant care v\u0103 va permite s\u0103 v\u0103 etala\u021bi pasiunea pentru artele mar\u021biale oriunde a\u021bi merge.<\/p>\n<p><strong>Dimensiune: aproximativ 5 cm<\/strong><\/p>\n<p><strong>Material: Cauciuc<\/strong><\/p>\n","protected":false},"excerpt":{"rendered":"<p>Cadoul sau suvenirul perfect pentru fanii artelor mar\u021biale &#8211; un accesoriu elegant care v\u0103 va permite s\u0103 v\u0103 etala\u021bi pasiunea<\/p>\n","protected":false},"featured_media":38123,"comment_status":"open","ping_status":"closed","template":"","meta":[],"product_brand":[],"product_cat":[814,801],"product_tag":[],"class_list":{"0":"post-38128","1":"product","2":"type-product","3":"status-publish","4":"has-post-thumbnail","6":"product_cat-accesorii-ro-7","7":"product_cat-adidas-ju-jutsu","9":"first","10":"instock","11":"shipping-taxable","12":"purchasable","13":"product-type-simple"},"_links":{"self":[{"href":"https:\/\/adidascombat.md\/ro\/wp-json\/wp\/v2\/product\/38128","targetHints":{"allow":["GET"]}}],"collection":[{"href":"https:\/\/adidascombat.md\/ro\/wp-json\/wp\/v2\/product"}],"about":[{"href":"https:\/\/adidascombat.md\/ro\/wp-json\/wp\/v2\/types\/product"}],"replies":[{"embeddable":true,"href":"https:\/\/adidascombat.md\/ro\/wp-json\/wp\/v2\/comments?post=38128"}],"version-history":[{"count":1,"href":"https:\/\/adidascombat.md\/ro\/wp-json\/wp\/v2\/product\/38128\/revisions"}],"predecessor-version":[{"id":38129,"href":"https:\/\/adidascombat.md\/ro\/wp-json\/wp\/v2\/product\/38128\/revisions\/38129"}],"wp:featuredmedia":[{"embeddable":true,"href":"https:\/\/adidascombat.md\/ro\/wp-json\/wp\/v2\/media\/38123"}],"wp:attachment":[{"href":"https:\/\/adidascombat.md\/ro\/wp-json\/wp\/v2\/media?parent=38128"}],"wp:term":[{"taxonomy":"product_brand","embeddable":true,"href":"https:\/\/adidascombat.md\/ro\/wp-json\/wp\/v2\/product_brand?post=38128"},{"taxonomy":"product_cat","embeddable":true,"href":"https:\/\/adidascombat.md\/ro\/wp-json\/wp\/v2\/product_cat?post=38128"},{"taxonomy":"product_tag","embeddable":true,"href":"https:\/\/adidascombat.md\/ro\/wp-json\/wp\/v2\/product_tag?post=38128"}],"curies":[{"name":"wp","href":"https:\/\/api.w.org\/{rel}","templated":true}]}}