{"id":38219,"date":"2026-02-25T08:24:24","date_gmt":"2026-02-25T08:24:24","guid":{"rendered":"https:\/\/adidascombat.md\/product\/%d0%b1%d1%80%d0%b5%d0%bb%d0%be%d0%ba-%d0%b8%d0%b7-%d0%bd%d0%b0%d1%82%d1%83%d1%80%d0%b0%d0%bb%d1%8c%d0%bd%d0%be%d0%b9-%d0%ba%d0%be%d0%b6%d0%b8-%d1%81-%d0%b2%d1%8b%d0%b3%d1%80%d0%b0%d0%b2%d0%b8%d1%80\/"},"modified":"2026-02-25T08:25:23","modified_gmt":"2026-02-25T08:25:23","slug":"%d0%b1%d1%80%d0%b5%d0%bb%d0%be%d0%ba-%d0%b8%d0%b7-%d0%bd%d0%b0%d1%82%d1%83%d1%80%d0%b0%d0%bb%d1%8c%d0%bd%d0%be%d0%b9-%d0%ba%d0%be%d0%b6%d0%b8-%d1%81-%d0%b2%d1%8b%d0%b3%d1%80%d0%b0%d0%b2%d0%b8%d1%80","status":"publish","type":"product","link":"https:\/\/adidascombat.md\/ro\/Produs\/%d0%b1%d1%80%d0%b5%d0%bb%d0%be%d0%ba-%d0%b8%d0%b7-%d0%bd%d0%b0%d1%82%d1%83%d1%80%d0%b0%d0%bb%d1%8c%d0%bd%d0%be%d0%b9-%d0%ba%d0%be%d0%b6%d0%b8-%d1%81-%d0%b2%d1%8b%d0%b3%d1%80%d0%b0%d0%b2%d0%b8%d1%80\/","title":{"rendered":"Breloc din piele natural\u0103 cu hieroglif\u0103 ju-jutsu gravat\u0103."},"content":{"rendered":"<p>Breloc de \u00eenalt\u0103 calitate cu personaje Ju-Jutsu gravate (piele natural\u0103 cu plac\u0103 metalic\u0103) (7 x 4,5 cm)<\/p>\n","protected":false},"excerpt":{"rendered":"<p>Breloc de \u00eenalt\u0103 calitate cu personaje Ju-Jutsu gravate (piele natural\u0103 cu plac\u0103 metalic\u0103) (7 x 4,5 cm)<\/p>\n","protected":false},"featured_media":38216,"comment_status":"open","ping_status":"closed","template":"","meta":[],"product_brand":[],"product_cat":[814,801],"product_tag":[],"class_list":{"0":"post-38219","1":"product","2":"type-product","3":"status-publish","4":"has-post-thumbnail","6":"product_cat-accesorii-ro-7","7":"product_cat-adidas-ju-jutsu","9":"first","10":"instock","11":"shipping-taxable","12":"purchasable","13":"product-type-simple"},"_links":{"self":[{"href":"https:\/\/adidascombat.md\/ro\/wp-json\/wp\/v2\/product\/38219","targetHints":{"allow":["GET"]}}],"collection":[{"href":"https:\/\/adidascombat.md\/ro\/wp-json\/wp\/v2\/product"}],"about":[{"href":"https:\/\/adidascombat.md\/ro\/wp-json\/wp\/v2\/types\/product"}],"replies":[{"embeddable":true,"href":"https:\/\/adidascombat.md\/ro\/wp-json\/wp\/v2\/comments?post=38219"}],"version-history":[{"count":2,"href":"https:\/\/adidascombat.md\/ro\/wp-json\/wp\/v2\/product\/38219\/revisions"}],"predecessor-version":[{"id":38221,"href":"https:\/\/adidascombat.md\/ro\/wp-json\/wp\/v2\/product\/38219\/revisions\/38221"}],"wp:featuredmedia":[{"embeddable":true,"href":"https:\/\/adidascombat.md\/ro\/wp-json\/wp\/v2\/media\/38216"}],"wp:attachment":[{"href":"https:\/\/adidascombat.md\/ro\/wp-json\/wp\/v2\/media?parent=38219"}],"wp:term":[{"taxonomy":"product_brand","embeddable":true,"href":"https:\/\/adidascombat.md\/ro\/wp-json\/wp\/v2\/product_brand?post=38219"},{"taxonomy":"product_cat","embeddable":true,"href":"https:\/\/adidascombat.md\/ro\/wp-json\/wp\/v2\/product_cat?post=38219"},{"taxonomy":"product_tag","embeddable":true,"href":"https:\/\/adidascombat.md\/ro\/wp-json\/wp\/v2\/product_tag?post=38219"}],"curies":[{"name":"wp","href":"https:\/\/api.w.org\/{rel}","templated":true}]}}