{"id":38246,"date":"2026-02-25T08:38:53","date_gmt":"2026-02-25T08:38:53","guid":{"rendered":"https:\/\/adidascombat.md\/product\/%d0%b3%d1%80%d0%b8%d1%84-%d0%b1%d1%8d%d0%b3-%d0%b8%d0%b7-%d1%82%d0%ba%d0%b0%d0%bd%d0%b8-%d0%b4%d0%bb%d1%8f-%d0%ba%d0%b8%d0%bc%d0%be%d0%bd%d0%be\/"},"modified":"2026-02-25T08:40:47","modified_gmt":"2026-02-25T08:40:47","slug":"%d0%b3%d1%80%d0%b8%d1%84-%d0%b1%d1%8d%d0%b3-%d0%b8%d0%b7-%d1%82%d0%ba%d0%b0%d0%bd%d0%b8-%d0%b4%d0%bb%d1%8f-%d0%ba%d0%b8%d0%bc%d0%be%d0%bd%d0%be","status":"publish","type":"product","link":"https:\/\/adidascombat.md\/ro\/Produs\/%d0%b3%d1%80%d0%b8%d1%84-%d0%b1%d1%8d%d0%b3-%d0%b8%d0%b7-%d1%82%d0%ba%d0%b0%d0%bd%d0%b8-%d0%b4%d0%bb%d1%8f-%d0%ba%d0%b8%d0%bc%d0%be%d0%bd%d0%be\/","title":{"rendered":"Geant\u0103 Grif confec\u021bionat\u0103 din material kimono."},"content":{"rendered":"<p>Cu acest sac de box \u00een stil judo, \u00ee\u021bi po\u021bi antrena \u00een mod juc\u0103u\u0219 priza, coordonarea \u0219i viteza, at\u00e2t singur, c\u00e2t \u0219i cu al\u021bii. Este foarte u\u0219or \u0219i eficient.<\/p>\n<p>Disponibil \u00een diferite dimensiuni:<\/p>\n<p><strong>\u2022 M\u0103rimea S: 15 x 20 cm, aproximativ 500 g<\/strong><\/p>\n<p><strong>\u2022 M\u0103rimea M: 23 x 30 cm, aproximativ 1,5 kg<\/strong><\/p>\n<p><strong>\u2022 M\u0103rimea L: 33 x 44 cm, aproximativ 3 kg<\/strong><\/p>\n<p>Caracteristici:<\/p>\n<p>\u2022 Un instrument inteligent de antrenament pentru judo, dar potrivit \u0219i pentru jiu-jitsu, BJJ \u0219i grappling\/MMA<\/p>\n<p>\u2022 Fabricat din material rezistent pentru judo<\/p>\n<p>\u2022 Culoare albastr\u0103<\/p>\n<p>\u2022 Umplut cu s\u00e2mburi de cire\u0219e<\/p>\n<p>\u2022 U\u0219or de sp\u0103lat<\/p>\n<p>Acest sac de box \u00een stil judo arat\u0103 ca un gadget distractiv, dar este \u0219i incredibil de eficient. A fost dezvoltat de expertul \u00een judo Theis Linsen.<\/p>\n<p>Scopul s\u0103u: de a oferi un antrenament eficient \u0219i realist \u00een timpul antrenamentului \u00een circuit \u0219i\/sau al antrenamentului de for\u021b\u0103 \u0219i fitness.<\/p>\n<p>Combina\u021bia dintre elementele mobile \u0219i echipamentul de judo permite un antrenament eficient \u0219i distractiv al coordon\u0103rii, vitezei de reac\u021bie \u0219i, bine\u00een\u021beles, al for\u021bei de prindere. \u00cembun\u0103t\u0103\u021be\u0219te-\u021bi abilit\u0103\u021bile \u0219i viteza cu u\u0219urin\u021b\u0103 \u0219i distrac\u021bie. Geanta este disponibil\u0103 \u00een diferite dimensiuni. Un alt mare avantaj: este u\u0219or de cur\u0103\u021bat. Indiferent dac\u0103 te antrenezi singur sau cu un partener, aceast\u0103 geant\u0103 este un must-have!<\/p>\n","protected":false},"excerpt":{"rendered":"<p>Cu acest sac de box \u00een stil judo, \u00ee\u021bi po\u021bi antrena \u00een mod juc\u0103u\u0219 priza, coordonarea \u0219i viteza, at\u00e2t singur,<\/p>\n","protected":false},"featured_media":38235,"comment_status":"open","ping_status":"closed","template":"","meta":[],"product_brand":[],"product_cat":[795,814,785,801],"product_tag":[],"class_list":{"0":"post-38246","1":"product","2":"type-product","3":"status-publish","4":"has-post-thumbnail","6":"product_cat-accesorii-ro-6","7":"product_cat-accesorii-ro-7","8":"product_cat-adidas-bjj-ro","9":"product_cat-adidas-ju-jutsu","11":"first","12":"instock","13":"shipping-taxable","14":"purchasable","15":"product-type-variable"},"_links":{"self":[{"href":"https:\/\/adidascombat.md\/ro\/wp-json\/wp\/v2\/product\/38246","targetHints":{"allow":["GET"]}}],"collection":[{"href":"https:\/\/adidascombat.md\/ro\/wp-json\/wp\/v2\/product"}],"about":[{"href":"https:\/\/adidascombat.md\/ro\/wp-json\/wp\/v2\/types\/product"}],"replies":[{"embeddable":true,"href":"https:\/\/adidascombat.md\/ro\/wp-json\/wp\/v2\/comments?post=38246"}],"version-history":[{"count":2,"href":"https:\/\/adidascombat.md\/ro\/wp-json\/wp\/v2\/product\/38246\/revisions"}],"predecessor-version":[{"id":38251,"href":"https:\/\/adidascombat.md\/ro\/wp-json\/wp\/v2\/product\/38246\/revisions\/38251"}],"wp:featuredmedia":[{"embeddable":true,"href":"https:\/\/adidascombat.md\/ro\/wp-json\/wp\/v2\/media\/38235"}],"wp:attachment":[{"href":"https:\/\/adidascombat.md\/ro\/wp-json\/wp\/v2\/media?parent=38246"}],"wp:term":[{"taxonomy":"product_brand","embeddable":true,"href":"https:\/\/adidascombat.md\/ro\/wp-json\/wp\/v2\/product_brand?post=38246"},{"taxonomy":"product_cat","embeddable":true,"href":"https:\/\/adidascombat.md\/ro\/wp-json\/wp\/v2\/product_cat?post=38246"},{"taxonomy":"product_tag","embeddable":true,"href":"https:\/\/adidascombat.md\/ro\/wp-json\/wp\/v2\/product_tag?post=38246"}],"curies":[{"name":"wp","href":"https:\/\/api.w.org\/{rel}","templated":true}]}}