{"id":38312,"date":"2026-02-25T10:35:48","date_gmt":"2026-02-25T10:35:48","guid":{"rendered":"https:\/\/adidascombat.md\/product\/%d0%ba%d0%be%d0%bc%d0%bf%d0%bb%d0%b5%d0%ba%d1%82-%d0%b8%d0%b7-%d1%84%d1%83%d1%82%d0%b1%d0%be%d0%bb%d0%ba%d0%b8-%d0%b8-%d1%88%d0%be%d1%80%d1%82-%d0%b4%d0%bb%d1%8f-%d0%bf%d1%80%d0%b5%d0%b4%d1%81%d0%be\/"},"modified":"2026-02-25T10:37:14","modified_gmt":"2026-02-25T10:37:14","slug":"%d0%ba%d0%be%d0%bc%d0%bf%d0%bb%d0%b5%d0%ba%d1%82-%d0%b8%d0%b7-%d1%84%d1%83%d1%82%d0%b1%d0%be%d0%bb%d0%ba%d0%b8-%d0%b8-%d1%88%d0%be%d1%80%d1%82-%d0%b4%d0%bb%d1%8f-%d0%bf%d1%80%d0%b5%d0%b4%d1%81%d0%be","status":"publish","type":"product","link":"https:\/\/adidascombat.md\/ro\/Produs\/%d0%ba%d0%be%d0%bc%d0%bf%d0%bb%d0%b5%d0%ba%d1%82-%d0%b8%d0%b7-%d1%84%d1%83%d1%82%d0%b1%d0%be%d0%bb%d0%ba%d0%b8-%d0%b8-%d1%88%d0%be%d1%80%d1%82-%d0%b4%d0%bb%d1%8f-%d0%bf%d1%80%d0%b5%d0%b4%d1%81%d0%be\/","title":{"rendered":"Set tricou \u0219i pantaloni scur\u021bi pentru c\u00e2nt\u0103rire \u00eenainte de competi\u021bie"},"content":{"rendered":"<p>Setul este format dintr-un tricou \u0219i pantaloni scur\u021bi.<\/p>\n<p>100% poliester.<\/p>\n<p>Fabricat av\u00e2nd \u00een vedere greutatea minim\u0103 \u00een timpul produc\u021biei. Este conceput \u00een conformitate cu cele mai recente reguli JJIF pentru c\u00e2nt\u0103ririle pre-competi\u021bionale, fiind ideal pentru cei care doresc s\u0103 scape de ultimele kilograme.<\/p>\n<p>Regulile prev\u0103d c\u0103 la c\u00e2nt\u0103rire este obligatorie purtarea unor pantaloni scur\u021bi p\u00e2n\u0103 la genunchi \u0219i a unui tricou care acoper\u0103 umerii (acest lucru se aplic\u0103 at\u00e2t pentru Ne-Waza, c\u00e2t \u0219i pentru Fighting in Ju-Jitsu, at\u00e2t la nivel na\u021bional, c\u00e2t \u0219i interna\u021bional).<\/p>\n<p>Recomand\u0103m setul S pentru sportivii cu o \u00een\u0103l\u021bime de p\u00e2n\u0103 la 70 kg sau p\u00e2n\u0103 la 160 cm, iar setul L pentru sportivii cu o \u00een\u0103l\u021bime de p\u00e2n\u0103 la 94 kg sau p\u00e2n\u0103 la 190 cm.<\/p>\n<p>Setul vine \u00eentr-o geant\u0103 practic\u0103 de plas\u0103 cu fermoar.<\/p>\n<p><strong>Greutate Set S &#8211; Tricou aprox. 100 grame &#8211; Pantaloni scur\u021bi aprox. 90 grame<\/strong><\/p>\n<p><strong>Greutate Set L &#8211; Tricou aprox. 115 grame &#8211; Pantaloni scur\u021bi aprox. 95 grame<\/strong><\/p>\n","protected":false},"excerpt":{"rendered":"<p>Setul este format dintr-un tricou \u0219i pantaloni scur\u021bi. 100% poliester. Fabricat av\u00e2nd \u00een vedere greutatea minim\u0103 \u00een timpul produc\u021biei. Este<\/p>\n","protected":false},"featured_media":38301,"comment_status":"open","ping_status":"closed","template":"","meta":[],"product_brand":[],"product_cat":[785,801,789,815],"product_tag":[],"class_list":{"0":"post-38312","1":"product","2":"type-product","3":"status-publish","4":"has-post-thumbnail","6":"product_cat-adidas-bjj-ro","7":"product_cat-adidas-ju-jutsu","8":"product_cat-imbracaminte-antrenament-6","9":"product_cat-imbracaminte-incaltaminte-ro-7","11":"first","12":"instock","13":"shipping-taxable","14":"purchasable","15":"product-type-variable"},"_links":{"self":[{"href":"https:\/\/adidascombat.md\/ro\/wp-json\/wp\/v2\/product\/38312","targetHints":{"allow":["GET"]}}],"collection":[{"href":"https:\/\/adidascombat.md\/ro\/wp-json\/wp\/v2\/product"}],"about":[{"href":"https:\/\/adidascombat.md\/ro\/wp-json\/wp\/v2\/types\/product"}],"replies":[{"embeddable":true,"href":"https:\/\/adidascombat.md\/ro\/wp-json\/wp\/v2\/comments?post=38312"}],"version-history":[{"count":1,"href":"https:\/\/adidascombat.md\/ro\/wp-json\/wp\/v2\/product\/38312\/revisions"}],"predecessor-version":[{"id":38315,"href":"https:\/\/adidascombat.md\/ro\/wp-json\/wp\/v2\/product\/38312\/revisions\/38315"}],"wp:featuredmedia":[{"embeddable":true,"href":"https:\/\/adidascombat.md\/ro\/wp-json\/wp\/v2\/media\/38301"}],"wp:attachment":[{"href":"https:\/\/adidascombat.md\/ro\/wp-json\/wp\/v2\/media?parent=38312"}],"wp:term":[{"taxonomy":"product_brand","embeddable":true,"href":"https:\/\/adidascombat.md\/ro\/wp-json\/wp\/v2\/product_brand?post=38312"},{"taxonomy":"product_cat","embeddable":true,"href":"https:\/\/adidascombat.md\/ro\/wp-json\/wp\/v2\/product_cat?post=38312"},{"taxonomy":"product_tag","embeddable":true,"href":"https:\/\/adidascombat.md\/ro\/wp-json\/wp\/v2\/product_tag?post=38312"}],"curies":[{"name":"wp","href":"https:\/\/api.w.org\/{rel}","templated":true}]}}