{"id":38337,"date":"2026-02-25T12:08:42","date_gmt":"2026-02-25T12:08:42","guid":{"rendered":"https:\/\/adidascombat.md\/product\/%d1%81%d1%83%d0%bc%d0%ba%d0%b0-%d0%b4%d0%bb%d1%8f-%d0%b4%d0%b7%d1%8e-%d0%b4%d0%b7%d1%8e%d1%86%d1%83\/"},"modified":"2026-02-25T12:10:23","modified_gmt":"2026-02-25T12:10:23","slug":"%d1%81%d1%83%d0%bc%d0%ba%d0%b0-%d0%b4%d0%bb%d1%8f-%d0%b4%d0%b7%d1%8e-%d0%b4%d0%b7%d1%8e%d1%86%d1%83","status":"publish","type":"product","link":"https:\/\/adidascombat.md\/ro\/Produs\/%d1%81%d1%83%d0%bc%d0%ba%d0%b0-%d0%b4%d0%bb%d1%8f-%d0%b4%d0%b7%d1%8e-%d0%b4%d0%b7%d1%8e%d1%86%d1%83\/","title":{"rendered":"Geanta Ju-Jutsu"},"content":{"rendered":"<p>Aceast\u0103 geant\u0103 este fabricat\u0103 dintr-un amestec de poliester \u0219i nailon (600D\/420D), are o curea de um\u0103r c\u0103ptu\u0219it\u0103, dou\u0103 buzunare exterioare mari, o baz\u0103 \u00eent\u0103rit\u0103 \u0219i o capacitate de 55 de litri.<\/p>\n<p><strong>Dimensiuni: 62 x 30 x 30 cm.<\/strong><\/p>\n<p>Cu logo-ul Jujutsu imprimat pe lateralul gen\u021bii. Con\u021bine tot ce ai nevoie pentru antrenament, cu spa\u021biu amplu pentru \u00eembr\u0103c\u0103minte \u0219i echipament de protec\u021bie.<\/p>\n","protected":false},"excerpt":{"rendered":"<p>Aceast\u0103 geant\u0103 este fabricat\u0103 dintr-un amestec de poliester \u0219i nailon (600D\/420D), are o curea de um\u0103r c\u0103ptu\u0219it\u0103, dou\u0103 buzunare exterioare<\/p>\n","protected":false},"featured_media":38334,"comment_status":"open","ping_status":"closed","template":"","meta":[],"product_brand":[],"product_cat":[814,801],"product_tag":[],"class_list":{"0":"post-38337","1":"product","2":"type-product","3":"status-publish","4":"has-post-thumbnail","6":"product_cat-accesorii-ro-7","7":"product_cat-adidas-ju-jutsu","9":"first","10":"instock","11":"shipping-taxable","12":"purchasable","13":"product-type-variable"},"_links":{"self":[{"href":"https:\/\/adidascombat.md\/ro\/wp-json\/wp\/v2\/product\/38337","targetHints":{"allow":["GET"]}}],"collection":[{"href":"https:\/\/adidascombat.md\/ro\/wp-json\/wp\/v2\/product"}],"about":[{"href":"https:\/\/adidascombat.md\/ro\/wp-json\/wp\/v2\/types\/product"}],"replies":[{"embeddable":true,"href":"https:\/\/adidascombat.md\/ro\/wp-json\/wp\/v2\/comments?post=38337"}],"version-history":[{"count":2,"href":"https:\/\/adidascombat.md\/ro\/wp-json\/wp\/v2\/product\/38337\/revisions"}],"predecessor-version":[{"id":38342,"href":"https:\/\/adidascombat.md\/ro\/wp-json\/wp\/v2\/product\/38337\/revisions\/38342"}],"wp:featuredmedia":[{"embeddable":true,"href":"https:\/\/adidascombat.md\/ro\/wp-json\/wp\/v2\/media\/38334"}],"wp:attachment":[{"href":"https:\/\/adidascombat.md\/ro\/wp-json\/wp\/v2\/media?parent=38337"}],"wp:term":[{"taxonomy":"product_brand","embeddable":true,"href":"https:\/\/adidascombat.md\/ro\/wp-json\/wp\/v2\/product_brand?post=38337"},{"taxonomy":"product_cat","embeddable":true,"href":"https:\/\/adidascombat.md\/ro\/wp-json\/wp\/v2\/product_cat?post=38337"},{"taxonomy":"product_tag","embeddable":true,"href":"https:\/\/adidascombat.md\/ro\/wp-json\/wp\/v2\/product_tag?post=38337"}],"curies":[{"name":"wp","href":"https:\/\/api.w.org\/{rel}","templated":true}]}}