{"id":38370,"date":"2026-02-25T12:22:26","date_gmt":"2026-02-25T12:22:26","guid":{"rendered":"https:\/\/adidascombat.md\/product\/%d1%80%d0%b5%d0%bc%d0%b5%d0%bd%d1%8c-%d0%b8%d0%b7-%d0%bd%d0%b0%d1%82%d1%83%d1%80%d0%b0%d0%bb%d1%8c%d0%bd%d0%be%d0%b9-%d0%ba%d0%be%d0%b6%d0%b8-%d1%81-%d0%b2%d1%8b%d0%b3%d1%80%d0%b0%d0%b2%d0%b8%d1%80\/"},"modified":"2026-02-25T12:24:05","modified_gmt":"2026-02-25T12:24:05","slug":"%d1%80%d0%b5%d0%bc%d0%b5%d0%bd%d1%8c-%d0%b8%d0%b7-%d0%bd%d0%b0%d1%82%d1%83%d1%80%d0%b0%d0%bb%d1%8c%d0%bd%d0%be%d0%b9-%d0%ba%d0%be%d0%b6%d0%b8-%d1%81-%d0%b2%d1%8b%d0%b3%d1%80%d0%b0%d0%b2%d0%b8%d1%80","status":"publish","type":"product","link":"https:\/\/adidascombat.md\/ro\/Produs\/%d1%80%d0%b5%d0%bc%d0%b5%d0%bd%d1%8c-%d0%b8%d0%b7-%d0%bd%d0%b0%d1%82%d1%83%d1%80%d0%b0%d0%bb%d1%8c%d0%bd%d0%be%d0%b9-%d0%ba%d0%be%d0%b6%d0%b8-%d1%81-%d0%b2%d1%8b%d0%b3%d1%80%d0%b0%d0%b2%d0%b8%d1%80\/","title":{"rendered":"Curea din piele natural\u0103 cu caractere ju-jutsu gravate."},"content":{"rendered":"<p>Curea de \u00eenalt\u0103 calitate cu caractere jujutsu gravate pe cataram\u0103 (piele natural\u0103 cu plac\u0103 metalic\u0103),<strong> lungime total\u0103 140 cm<\/strong> (cu cataram\u0103; dac\u0103 cureaua este prea lung\u0103, poate fi necesar\u0103 reg\u0103urirea g\u0103urilor).<\/p>\n","protected":false},"excerpt":{"rendered":"<p>Curea de \u00eenalt\u0103 calitate cu caractere jujutsu gravate pe cataram\u0103 (piele natural\u0103 cu plac\u0103 metalic\u0103), lungime total\u0103 140 cm (cu<\/p>\n","protected":false},"featured_media":38366,"comment_status":"open","ping_status":"closed","template":"","meta":[],"product_brand":[],"product_cat":[814,801],"product_tag":[],"class_list":{"0":"post-38370","1":"product","2":"type-product","3":"status-publish","4":"has-post-thumbnail","6":"product_cat-accesorii-ro-7","7":"product_cat-adidas-ju-jutsu","9":"first","10":"instock","11":"shipping-taxable","12":"purchasable","13":"product-type-simple"},"_links":{"self":[{"href":"https:\/\/adidascombat.md\/ro\/wp-json\/wp\/v2\/product\/38370","targetHints":{"allow":["GET"]}}],"collection":[{"href":"https:\/\/adidascombat.md\/ro\/wp-json\/wp\/v2\/product"}],"about":[{"href":"https:\/\/adidascombat.md\/ro\/wp-json\/wp\/v2\/types\/product"}],"replies":[{"embeddable":true,"href":"https:\/\/adidascombat.md\/ro\/wp-json\/wp\/v2\/comments?post=38370"}],"version-history":[{"count":2,"href":"https:\/\/adidascombat.md\/ro\/wp-json\/wp\/v2\/product\/38370\/revisions"}],"predecessor-version":[{"id":38372,"href":"https:\/\/adidascombat.md\/ro\/wp-json\/wp\/v2\/product\/38370\/revisions\/38372"}],"wp:featuredmedia":[{"embeddable":true,"href":"https:\/\/adidascombat.md\/ro\/wp-json\/wp\/v2\/media\/38366"}],"wp:attachment":[{"href":"https:\/\/adidascombat.md\/ro\/wp-json\/wp\/v2\/media?parent=38370"}],"wp:term":[{"taxonomy":"product_brand","embeddable":true,"href":"https:\/\/adidascombat.md\/ro\/wp-json\/wp\/v2\/product_brand?post=38370"},{"taxonomy":"product_cat","embeddable":true,"href":"https:\/\/adidascombat.md\/ro\/wp-json\/wp\/v2\/product_cat?post=38370"},{"taxonomy":"product_tag","embeddable":true,"href":"https:\/\/adidascombat.md\/ro\/wp-json\/wp\/v2\/product_tag?post=38370"}],"curies":[{"name":"wp","href":"https:\/\/api.w.org\/{rel}","templated":true}]}}