{"id":38431,"date":"2026-02-25T13:19:28","date_gmt":"2026-02-25T13:19:28","guid":{"rendered":"https:\/\/adidascombat.md\/product\/%d0%bd%d0%b0%d0%ba%d0%bb%d0%b0%d0%b4%d0%ba%d0%b0-%d0%b4%d0%bb%d1%8f-%d1%82%d1%80%d0%b5%d0%bd%d0%b8%d1%80%d0%be%d0%b2%d0%ba%d0%b8-%d1%81%d0%b0%d0%bc%d0%be%d0%be%d0%b1%d0%be%d1%80%d0%be%d0%bd%d1%8b\/"},"modified":"2026-02-25T13:21:32","modified_gmt":"2026-02-25T13:21:32","slug":"%d0%bd%d0%b0%d0%ba%d0%bb%d0%b0%d0%b4%d0%ba%d0%b0-%d0%b4%d0%bb%d1%8f-%d1%82%d1%80%d0%b5%d0%bd%d0%b8%d1%80%d0%be%d0%b2%d0%ba%d0%b8-%d1%81%d0%b0%d0%bc%d0%be%d0%be%d0%b1%d0%be%d1%80%d0%be%d0%bd%d1%8b","status":"publish","type":"product","link":"https:\/\/adidascombat.md\/ro\/Produs\/%d0%bd%d0%b0%d0%ba%d0%bb%d0%b0%d0%b4%d0%ba%d0%b0-%d0%b4%d0%bb%d1%8f-%d1%82%d1%80%d0%b5%d0%bd%d0%b8%d1%80%d0%be%d0%b2%d0%ba%d0%b8-%d1%81%d0%b0%d0%bc%d0%be%d0%be%d0%b1%d0%be%d1%80%d0%be%d0%bd%d1%8b\/","title":{"rendered":"Scut antrenament pentru autoap\u0103rare \u00een form\u0103 de fa\u021b\u0103"},"content":{"rendered":"<p>Scut \u00een form\u0103 de fa\u021b\u0103 pentru un antrenament realist de autoap\u0103rare.<\/p>\n<p>Capul este fabricat din poliuretan durabil \u0219i este potrivit pentru utilizare universal\u0103.<\/p>\n<p>Se poart\u0103 ca un m\u00e2ner standard. Se vinde individual.<\/p>\n","protected":false},"excerpt":{"rendered":"<p>Scut \u00een form\u0103 de fa\u021b\u0103 pentru un antrenament realist de autoap\u0103rare. Capul este fabricat din poliuretan durabil \u0219i este potrivit<\/p>\n","protected":false},"featured_media":38427,"comment_status":"open","ping_status":"closed","template":"","meta":[],"product_brand":[],"product_cat":[814,801],"product_tag":[],"class_list":{"0":"post-38431","1":"product","2":"type-product","3":"status-publish","4":"has-post-thumbnail","6":"product_cat-accesorii-ro-7","7":"product_cat-adidas-ju-jutsu","9":"first","10":"instock","11":"shipping-taxable","12":"purchasable","13":"product-type-simple"},"_links":{"self":[{"href":"https:\/\/adidascombat.md\/ro\/wp-json\/wp\/v2\/product\/38431","targetHints":{"allow":["GET"]}}],"collection":[{"href":"https:\/\/adidascombat.md\/ro\/wp-json\/wp\/v2\/product"}],"about":[{"href":"https:\/\/adidascombat.md\/ro\/wp-json\/wp\/v2\/types\/product"}],"replies":[{"embeddable":true,"href":"https:\/\/adidascombat.md\/ro\/wp-json\/wp\/v2\/comments?post=38431"}],"version-history":[{"count":1,"href":"https:\/\/adidascombat.md\/ro\/wp-json\/wp\/v2\/product\/38431\/revisions"}],"predecessor-version":[{"id":38433,"href":"https:\/\/adidascombat.md\/ro\/wp-json\/wp\/v2\/product\/38431\/revisions\/38433"}],"wp:featuredmedia":[{"embeddable":true,"href":"https:\/\/adidascombat.md\/ro\/wp-json\/wp\/v2\/media\/38427"}],"wp:attachment":[{"href":"https:\/\/adidascombat.md\/ro\/wp-json\/wp\/v2\/media?parent=38431"}],"wp:term":[{"taxonomy":"product_brand","embeddable":true,"href":"https:\/\/adidascombat.md\/ro\/wp-json\/wp\/v2\/product_brand?post=38431"},{"taxonomy":"product_cat","embeddable":true,"href":"https:\/\/adidascombat.md\/ro\/wp-json\/wp\/v2\/product_cat?post=38431"},{"taxonomy":"product_tag","embeddable":true,"href":"https:\/\/adidascombat.md\/ro\/wp-json\/wp\/v2\/product_tag?post=38431"}],"curies":[{"name":"wp","href":"https:\/\/api.w.org\/{rel}","templated":true}]}}