{"id":38448,"date":"2026-02-25T13:33:36","date_gmt":"2026-02-25T13:33:36","guid":{"rendered":"https:\/\/adidascombat.md\/product\/%d1%81%d1%83%d0%bc%d0%ba%d0%b0-%d0%bd%d0%b0-%d0%ba%d0%be%d0%bb%d0%b5%d1%81%d0%b8%d0%ba%d0%b0%d1%85-%d0%b4%d0%bb%d1%8f-%d0%b4%d0%b6%d0%b8%d1%83-%d0%b4%d0%b6%d0%b8%d1%82%d1%81%d1%83\/"},"modified":"2026-02-25T13:34:47","modified_gmt":"2026-02-25T13:34:47","slug":"%d1%81%d1%83%d0%bc%d0%ba%d0%b0-%d0%bd%d0%b0-%d0%ba%d0%be%d0%bb%d0%b5%d1%81%d0%b8%d0%ba%d0%b0%d1%85-%d0%b4%d0%bb%d1%8f-%d0%b4%d0%b6%d0%b8%d1%83-%d0%b4%d0%b6%d0%b8%d1%82%d1%81%d1%83","status":"publish","type":"product","link":"https:\/\/adidascombat.md\/ro\/Produs\/%d1%81%d1%83%d0%bc%d0%ba%d0%b0-%d0%bd%d0%b0-%d0%ba%d0%be%d0%bb%d0%b5%d1%81%d0%b8%d0%ba%d0%b0%d1%85-%d0%b4%d0%bb%d1%8f-%d0%b4%d0%b6%d0%b8%d1%83-%d0%b4%d0%b6%d0%b8%d1%82%d1%81%d1%83\/","title":{"rendered":"Geant\u0103 cu ro\u021bi Jiu-Jitsu"},"content":{"rendered":"<p>Aceast\u0103 geant\u0103 de echip\u0103 durabil\u0103, fabricat\u0103 dintr-un amestec de poliester 600D \u0219i nailon 420D, dispune de un compartiment interior mare, o curea de um\u0103r c\u0103ptu\u0219it\u0103, reglabil\u0103 \u0219i deta\u0219abil\u0103, m\u00e2nere de transport \u00eempletite durabile, un buzunar ascuns pentru eticheta de nume, picioare din plastic \u0219i este potrivit\u0103 pentru broderie sau imprimare.<\/p>\n<p><strong>Capacitate: 104 litri.<\/strong><\/p>\n<p><strong>Dimensiuni: 86 x 40 x 38 cm.<\/strong><\/p>\n<p>Imprimeu elegant cu logo-ul sportului t\u0103u.<\/p>\n","protected":false},"excerpt":{"rendered":"<p>Aceast\u0103 geant\u0103 de echip\u0103 durabil\u0103, fabricat\u0103 dintr-un amestec de poliester 600D \u0219i nailon 420D, dispune de un compartiment interior mare,<\/p>\n","protected":false},"featured_media":38445,"comment_status":"open","ping_status":"closed","template":"","meta":[],"product_brand":[],"product_cat":[814,801],"product_tag":[],"class_list":{"0":"post-38448","1":"product","2":"type-product","3":"status-publish","4":"has-post-thumbnail","6":"product_cat-accesorii-ro-7","7":"product_cat-adidas-ju-jutsu","9":"first","10":"instock","11":"shipping-taxable","12":"purchasable","13":"product-type-simple"},"_links":{"self":[{"href":"https:\/\/adidascombat.md\/ro\/wp-json\/wp\/v2\/product\/38448","targetHints":{"allow":["GET"]}}],"collection":[{"href":"https:\/\/adidascombat.md\/ro\/wp-json\/wp\/v2\/product"}],"about":[{"href":"https:\/\/adidascombat.md\/ro\/wp-json\/wp\/v2\/types\/product"}],"replies":[{"embeddable":true,"href":"https:\/\/adidascombat.md\/ro\/wp-json\/wp\/v2\/comments?post=38448"}],"version-history":[{"count":2,"href":"https:\/\/adidascombat.md\/ro\/wp-json\/wp\/v2\/product\/38448\/revisions"}],"predecessor-version":[{"id":38450,"href":"https:\/\/adidascombat.md\/ro\/wp-json\/wp\/v2\/product\/38448\/revisions\/38450"}],"wp:featuredmedia":[{"embeddable":true,"href":"https:\/\/adidascombat.md\/ro\/wp-json\/wp\/v2\/media\/38445"}],"wp:attachment":[{"href":"https:\/\/adidascombat.md\/ro\/wp-json\/wp\/v2\/media?parent=38448"}],"wp:term":[{"taxonomy":"product_brand","embeddable":true,"href":"https:\/\/adidascombat.md\/ro\/wp-json\/wp\/v2\/product_brand?post=38448"},{"taxonomy":"product_cat","embeddable":true,"href":"https:\/\/adidascombat.md\/ro\/wp-json\/wp\/v2\/product_cat?post=38448"},{"taxonomy":"product_tag","embeddable":true,"href":"https:\/\/adidascombat.md\/ro\/wp-json\/wp\/v2\/product_tag?post=38448"}],"curies":[{"name":"wp","href":"https:\/\/api.w.org\/{rel}","templated":true}]}}