{"id":38482,"date":"2026-02-25T13:55:23","date_gmt":"2026-02-25T13:55:23","guid":{"rendered":"https:\/\/adidascombat.md\/product\/%d1%81%d0%bf%d0%be%d1%80%d1%82%d0%b8%d0%b2%d0%bd%d0%b0%d1%8f-%d0%bb%d0%b5%d0%bd%d1%82%d0%b0-athletic-tape-pro-375-%d0%bc%d0%bc-x-137-%d0%bc-%d1%83%d0%bf%d0%b0%d0%ba%d0%be%d0%b2%d0%ba%d0%b0-%d0%b8\/"},"modified":"2026-02-25T13:56:32","modified_gmt":"2026-02-25T13:56:32","slug":"%d1%81%d0%bf%d0%be%d1%80%d1%82%d0%b8%d0%b2%d0%bd%d0%b0%d1%8f-%d0%bb%d0%b5%d0%bd%d1%82%d0%b0-athletic-tape-pro-375-%d0%bc%d0%bc-x-137-%d0%bc-%d1%83%d0%bf%d0%b0%d0%ba%d0%be%d0%b2%d0%ba%d0%b0-%d0%b8","status":"publish","type":"product","link":"https:\/\/adidascombat.md\/ro\/Produs\/%d1%81%d0%bf%d0%be%d1%80%d1%82%d0%b8%d0%b2%d0%bd%d0%b0%d1%8f-%d0%bb%d0%b5%d0%bd%d1%82%d0%b0-athletic-tape-pro-375-%d0%bc%d0%bc-x-137-%d0%bc-%d1%83%d0%bf%d0%b0%d0%ba%d0%be%d0%b2%d0%ba%d0%b0-%d0%b8\/","title":{"rendered":"Band\u0103 adeziv\u0103 Athletic Pro &#8211; 37,5 mm x 13,7 m (Pachet de 2)"},"content":{"rendered":"<p>Band\u0103 adeziv\u0103 pentru degete, de calitate medical\u0103, neelastic\u0103, fabricat\u0103 din fibr\u0103 de viscoz\u0103 respirabil\u0103, cu un adeziv hipoalergenic \u00eembog\u0103\u021bit cu oxid de zinc pentru o compatibilitate \u00eembun\u0103t\u0103\u021bit\u0103 cu pielea.<\/p>\n<p>Include:<\/p>\n<p>2 x Pro Tape <strong>(fiecare 37,5 mm x 13,7 m)<\/strong><\/p>\n","protected":false},"excerpt":{"rendered":"<p>Band\u0103 adeziv\u0103 pentru degete, de calitate medical\u0103, neelastic\u0103, fabricat\u0103 din fibr\u0103 de viscoz\u0103 respirabil\u0103, cu un adeziv hipoalergenic \u00eembog\u0103\u021bit cu<\/p>\n","protected":false},"featured_media":38473,"comment_status":"open","ping_status":"closed","template":"","meta":[],"product_brand":[],"product_cat":[795,814,785,801],"product_tag":[],"class_list":{"0":"post-38482","1":"product","2":"type-product","3":"status-publish","4":"has-post-thumbnail","6":"product_cat-accesorii-ro-6","7":"product_cat-accesorii-ro-7","8":"product_cat-adidas-bjj-ro","9":"product_cat-adidas-ju-jutsu","11":"first","12":"instock","13":"shipping-taxable","14":"purchasable","15":"product-type-variable"},"_links":{"self":[{"href":"https:\/\/adidascombat.md\/ro\/wp-json\/wp\/v2\/product\/38482","targetHints":{"allow":["GET"]}}],"collection":[{"href":"https:\/\/adidascombat.md\/ro\/wp-json\/wp\/v2\/product"}],"about":[{"href":"https:\/\/adidascombat.md\/ro\/wp-json\/wp\/v2\/types\/product"}],"replies":[{"embeddable":true,"href":"https:\/\/adidascombat.md\/ro\/wp-json\/wp\/v2\/comments?post=38482"}],"version-history":[{"count":1,"href":"https:\/\/adidascombat.md\/ro\/wp-json\/wp\/v2\/product\/38482\/revisions"}],"predecessor-version":[{"id":38485,"href":"https:\/\/adidascombat.md\/ro\/wp-json\/wp\/v2\/product\/38482\/revisions\/38485"}],"wp:featuredmedia":[{"embeddable":true,"href":"https:\/\/adidascombat.md\/ro\/wp-json\/wp\/v2\/media\/38473"}],"wp:attachment":[{"href":"https:\/\/adidascombat.md\/ro\/wp-json\/wp\/v2\/media?parent=38482"}],"wp:term":[{"taxonomy":"product_brand","embeddable":true,"href":"https:\/\/adidascombat.md\/ro\/wp-json\/wp\/v2\/product_brand?post=38482"},{"taxonomy":"product_cat","embeddable":true,"href":"https:\/\/adidascombat.md\/ro\/wp-json\/wp\/v2\/product_cat?post=38482"},{"taxonomy":"product_tag","embeddable":true,"href":"https:\/\/adidascombat.md\/ro\/wp-json\/wp\/v2\/product_tag?post=38482"}],"curies":[{"name":"wp","href":"https:\/\/api.w.org\/{rel}","templated":true}]}}