{"id":38523,"date":"2026-02-25T14:14:14","date_gmt":"2026-02-25T14:14:14","guid":{"rendered":"https:\/\/adidascombat.md\/product\/%d1%80%d0%b0%d1%88%d0%b3%d0%b0%d1%80%d0%b4-%d1%81-%d0%ba%d0%be%d1%80%d0%be%d1%82%d0%ba%d0%b8%d0%bc%d0%b8-%d1%80%d1%83%d0%ba%d0%b0%d0%b2%d0%b0%d0%bc%d0%b8-%d1%81%d0%b8%d0%bd%d0%b8%d0%b9-%d0%be%d0%b4\/"},"modified":"2026-02-25T14:15:29","modified_gmt":"2026-02-25T14:15:29","slug":"%d1%80%d0%b0%d1%88%d0%b3%d0%b0%d1%80%d0%b4-%d1%81-%d0%ba%d0%be%d1%80%d0%be%d1%82%d0%ba%d0%b8%d0%bc%d0%b8-%d1%80%d1%83%d0%ba%d0%b0%d0%b2%d0%b0%d0%bc%d0%b8-%d1%81%d0%b8%d0%bd%d0%b8%d0%b9-%d0%be%d0%b4","status":"publish","type":"product","link":"https:\/\/adidascombat.md\/ro\/Produs\/%d1%80%d0%b0%d1%88%d0%b3%d0%b0%d1%80%d0%b4-%d1%81-%d0%ba%d0%be%d1%80%d0%be%d1%82%d0%ba%d0%b8%d0%bc%d0%b8-%d1%80%d1%83%d0%ba%d0%b0%d0%b2%d0%b0%d0%bc%d0%b8-%d1%81%d0%b8%d0%bd%d0%b8%d0%b9-%d0%be%d0%b4\/","title":{"rendered":"Rashguard cu m\u00e2nec\u0103 scurt\u0103, albastru &#8211; aprobat JJIF."},"content":{"rendered":"<p>Rashguard aprobat de JJIF cu cus\u0103turi \u00eent\u0103rite.<\/p>\n<p>\u00ce\u021bi po\u021bi personaliza rashguard-ul cu codul \u0219i numele \u021b\u0103rii tale folosind formularul de contact.<\/p>\n<p><strong>80% poliester, 20% elastan<\/strong><\/p>\n","protected":false},"excerpt":{"rendered":"<p>Rashguard aprobat de JJIF cu cus\u0103turi \u00eent\u0103rite. \u00ce\u021bi po\u021bi personaliza rashguard-ul cu codul \u0219i numele \u021b\u0103rii tale folosind formularul de<\/p>\n","protected":false},"featured_media":38514,"comment_status":"open","ping_status":"closed","template":"","meta":[],"product_brand":[],"product_cat":[785,801,789,815],"product_tag":[],"class_list":{"0":"post-38523","1":"product","2":"type-product","3":"status-publish","4":"has-post-thumbnail","6":"product_cat-adidas-bjj-ro","7":"product_cat-adidas-ju-jutsu","8":"product_cat-imbracaminte-antrenament-6","9":"product_cat-imbracaminte-incaltaminte-ro-7","11":"first","12":"instock","13":"shipping-taxable","14":"purchasable","15":"product-type-variable"},"_links":{"self":[{"href":"https:\/\/adidascombat.md\/ro\/wp-json\/wp\/v2\/product\/38523","targetHints":{"allow":["GET"]}}],"collection":[{"href":"https:\/\/adidascombat.md\/ro\/wp-json\/wp\/v2\/product"}],"about":[{"href":"https:\/\/adidascombat.md\/ro\/wp-json\/wp\/v2\/types\/product"}],"replies":[{"embeddable":true,"href":"https:\/\/adidascombat.md\/ro\/wp-json\/wp\/v2\/comments?post=38523"}],"version-history":[{"count":1,"href":"https:\/\/adidascombat.md\/ro\/wp-json\/wp\/v2\/product\/38523\/revisions"}],"predecessor-version":[{"id":38528,"href":"https:\/\/adidascombat.md\/ro\/wp-json\/wp\/v2\/product\/38523\/revisions\/38528"}],"wp:featuredmedia":[{"embeddable":true,"href":"https:\/\/adidascombat.md\/ro\/wp-json\/wp\/v2\/media\/38514"}],"wp:attachment":[{"href":"https:\/\/adidascombat.md\/ro\/wp-json\/wp\/v2\/media?parent=38523"}],"wp:term":[{"taxonomy":"product_brand","embeddable":true,"href":"https:\/\/adidascombat.md\/ro\/wp-json\/wp\/v2\/product_brand?post=38523"},{"taxonomy":"product_cat","embeddable":true,"href":"https:\/\/adidascombat.md\/ro\/wp-json\/wp\/v2\/product_cat?post=38523"},{"taxonomy":"product_tag","embeddable":true,"href":"https:\/\/adidascombat.md\/ro\/wp-json\/wp\/v2\/product_tag?post=38523"}],"curies":[{"name":"wp","href":"https:\/\/api.w.org\/{rel}","templated":true}]}}