{"id":38586,"date":"2026-02-25T14:46:27","date_gmt":"2026-02-25T14:46:27","guid":{"rendered":"https:\/\/adidascombat.md\/product\/%d0%bd%d0%b0%d0%b1%d0%be%d1%80-%d1%81%d0%bf%d0%be%d1%80%d1%82%d0%b8%d0%b2%d0%bd%d0%be%d0%b9-%d0%bb%d0%b5%d0%bd%d1%82%d1%8b-%d0%b4%d0%bb%d1%8f-%d0%bf%d0%b0%d0%bb%d1%8c%d1%86%d0%b5%d0%b2-5-%d0%b1\/"},"modified":"2026-02-25T14:48:24","modified_gmt":"2026-02-25T14:48:24","slug":"%d0%bd%d0%b0%d0%b1%d0%be%d1%80-%d1%81%d0%bf%d0%be%d1%80%d1%82%d0%b8%d0%b2%d0%bd%d0%be%d0%b9-%d0%bb%d0%b5%d0%bd%d1%82%d1%8b-%d0%b4%d0%bb%d1%8f-%d0%bf%d0%b0%d0%bb%d1%8c%d1%86%d0%b5%d0%b2-5-%d0%b1","status":"publish","type":"product","link":"https:\/\/adidascombat.md\/ro\/Produs\/%d0%bd%d0%b0%d0%b1%d0%be%d1%80-%d1%81%d0%bf%d0%be%d1%80%d1%82%d0%b8%d0%b2%d0%bd%d0%be%d0%b9-%d0%bb%d0%b5%d0%bd%d1%82%d1%8b-%d0%b4%d0%bb%d1%8f-%d0%bf%d0%b0%d0%bb%d1%8c%d1%86%d0%b5%d0%b2-5-%d0%b1\/","title":{"rendered":"Set de benzi adezive pentru degete sport &#8211; 5 benzi albe pentru degete \u00eentr-o cutie."},"content":{"rendered":"<p>Band\u0103 adeziv\u0103 pentru degete, de calitate medical\u0103, neelastic\u0103, fabricat\u0103 din fibr\u0103 de viscoz\u0103 respirabil\u0103, cu un adeziv hipoalergenic \u00eembog\u0103\u021bit cu oxid de zinc pentru o compatibilitate \u00eembun\u0103t\u0103\u021bit\u0103 cu pielea.<\/p>\n<p>Kitul include:<\/p>\n<p><strong>5 benzi albe pentru degete (fiecare 7,6 mm x 13,7 m)<\/strong><br \/>\no cutie de depozitare<\/p>\n","protected":false},"excerpt":{"rendered":"<p>Band\u0103 adeziv\u0103 pentru degete, de calitate medical\u0103, neelastic\u0103, fabricat\u0103 din fibr\u0103 de viscoz\u0103 respirabil\u0103, cu un adeziv hipoalergenic \u00eembog\u0103\u021bit cu<\/p>\n","protected":false},"featured_media":38583,"comment_status":"open","ping_status":"closed","template":"","meta":[],"product_brand":[],"product_cat":[795,814,785,801],"product_tag":[],"class_list":{"0":"post-38586","1":"product","2":"type-product","3":"status-publish","4":"has-post-thumbnail","6":"product_cat-accesorii-ro-6","7":"product_cat-accesorii-ro-7","8":"product_cat-adidas-bjj-ro","9":"product_cat-adidas-ju-jutsu","11":"first","12":"instock","13":"shipping-taxable","14":"purchasable","15":"product-type-simple"},"_links":{"self":[{"href":"https:\/\/adidascombat.md\/ro\/wp-json\/wp\/v2\/product\/38586","targetHints":{"allow":["GET"]}}],"collection":[{"href":"https:\/\/adidascombat.md\/ro\/wp-json\/wp\/v2\/product"}],"about":[{"href":"https:\/\/adidascombat.md\/ro\/wp-json\/wp\/v2\/types\/product"}],"replies":[{"embeddable":true,"href":"https:\/\/adidascombat.md\/ro\/wp-json\/wp\/v2\/comments?post=38586"}],"version-history":[{"count":1,"href":"https:\/\/adidascombat.md\/ro\/wp-json\/wp\/v2\/product\/38586\/revisions"}],"predecessor-version":[{"id":38588,"href":"https:\/\/adidascombat.md\/ro\/wp-json\/wp\/v2\/product\/38586\/revisions\/38588"}],"wp:featuredmedia":[{"embeddable":true,"href":"https:\/\/adidascombat.md\/ro\/wp-json\/wp\/v2\/media\/38583"}],"wp:attachment":[{"href":"https:\/\/adidascombat.md\/ro\/wp-json\/wp\/v2\/media?parent=38586"}],"wp:term":[{"taxonomy":"product_brand","embeddable":true,"href":"https:\/\/adidascombat.md\/ro\/wp-json\/wp\/v2\/product_brand?post=38586"},{"taxonomy":"product_cat","embeddable":true,"href":"https:\/\/adidascombat.md\/ro\/wp-json\/wp\/v2\/product_cat?post=38586"},{"taxonomy":"product_tag","embeddable":true,"href":"https:\/\/adidascombat.md\/ro\/wp-json\/wp\/v2\/product_tag?post=38586"}],"curies":[{"name":"wp","href":"https:\/\/api.w.org\/{rel}","templated":true}]}}