{"id":38602,"date":"2026-02-26T08:10:32","date_gmt":"2026-02-26T08:10:32","guid":{"rendered":"https:\/\/adidascombat.md\/product\/%d0%ba%d0%be%d1%80%d0%be%d0%b1%d0%ba%d0%b0-%d0%b4%d0%bb%d1%8f-%d1%85%d1%80%d0%b0%d0%bd%d0%b5%d0%bd%d0%b8%d1%8f-%d0%bb%d0%b5%d0%bd%d1%82-ju-sports\/"},"modified":"2026-02-26T08:12:06","modified_gmt":"2026-02-26T08:12:06","slug":"%d0%ba%d0%be%d1%80%d0%be%d0%b1%d0%ba%d0%b0-%d0%b4%d0%bb%d1%8f-%d1%85%d1%80%d0%b0%d0%bd%d0%b5%d0%bd%d0%b8%d1%8f-%d0%bb%d0%b5%d0%bd%d1%82-ju-sports","status":"publish","type":"product","link":"https:\/\/adidascombat.md\/ro\/Produs\/%d0%ba%d0%be%d1%80%d0%be%d0%b1%d0%ba%d0%b0-%d0%b4%d0%bb%d1%8f-%d1%85%d1%80%d0%b0%d0%bd%d0%b5%d0%bd%d0%b8%d1%8f-%d0%bb%d0%b5%d0%bd%d1%82-ju-sports\/","title":{"rendered":"Cutie de depozitare pentru benzi adezive  Ju-Sports"},"content":{"rendered":"<p>Cutie metalic\u0103 cu capac cu filet pentru depozitarea a 5 role de band\u0103 adeziv\u0103 pentru degete sau a 1 rol\u0103 de band\u0103 Pro.<\/p>\n","protected":false},"excerpt":{"rendered":"<p>Cutie metalic\u0103 cu capac cu filet pentru depozitarea a 5 role de band\u0103 adeziv\u0103 pentru degete sau a 1 rol\u0103<\/p>\n","protected":false},"featured_media":38599,"comment_status":"open","ping_status":"closed","template":"","meta":[],"product_brand":[],"product_cat":[795,814,785,801],"product_tag":[],"class_list":{"0":"post-38602","1":"product","2":"type-product","3":"status-publish","4":"has-post-thumbnail","6":"product_cat-accesorii-ro-6","7":"product_cat-accesorii-ro-7","8":"product_cat-adidas-bjj-ro","9":"product_cat-adidas-ju-jutsu","11":"first","12":"instock","13":"shipping-taxable","14":"purchasable","15":"product-type-simple"},"_links":{"self":[{"href":"https:\/\/adidascombat.md\/ro\/wp-json\/wp\/v2\/product\/38602","targetHints":{"allow":["GET"]}}],"collection":[{"href":"https:\/\/adidascombat.md\/ro\/wp-json\/wp\/v2\/product"}],"about":[{"href":"https:\/\/adidascombat.md\/ro\/wp-json\/wp\/v2\/types\/product"}],"replies":[{"embeddable":true,"href":"https:\/\/adidascombat.md\/ro\/wp-json\/wp\/v2\/comments?post=38602"}],"version-history":[{"count":2,"href":"https:\/\/adidascombat.md\/ro\/wp-json\/wp\/v2\/product\/38602\/revisions"}],"predecessor-version":[{"id":38604,"href":"https:\/\/adidascombat.md\/ro\/wp-json\/wp\/v2\/product\/38602\/revisions\/38604"}],"wp:featuredmedia":[{"embeddable":true,"href":"https:\/\/adidascombat.md\/ro\/wp-json\/wp\/v2\/media\/38599"}],"wp:attachment":[{"href":"https:\/\/adidascombat.md\/ro\/wp-json\/wp\/v2\/media?parent=38602"}],"wp:term":[{"taxonomy":"product_brand","embeddable":true,"href":"https:\/\/adidascombat.md\/ro\/wp-json\/wp\/v2\/product_brand?post=38602"},{"taxonomy":"product_cat","embeddable":true,"href":"https:\/\/adidascombat.md\/ro\/wp-json\/wp\/v2\/product_cat?post=38602"},{"taxonomy":"product_tag","embeddable":true,"href":"https:\/\/adidascombat.md\/ro\/wp-json\/wp\/v2\/product_tag?post=38602"}],"curies":[{"name":"wp","href":"https:\/\/api.w.org\/{rel}","templated":true}]}}