{"id":38616,"date":"2026-02-26T08:16:21","date_gmt":"2026-02-26T08:16:21","guid":{"rendered":"https:\/\/adidascombat.md\/product\/%d0%b0%d1%82%d0%bb%d0%b5%d1%82%d0%b8%d1%87%d0%b5%d1%81%d0%ba%d0%b0%d1%8f-%d0%bb%d0%b5%d0%bd%d1%82%d0%b0-%d0%b4%d0%bb%d1%8f-%d0%bf%d0%b0%d0%bb%d1%8c%d1%86%d0%b5%d0%b2-76-%d0%bc%d0%bc-x-137\/"},"modified":"2026-02-26T08:17:21","modified_gmt":"2026-02-26T08:17:21","slug":"%d0%b0%d1%82%d0%bb%d0%b5%d1%82%d0%b8%d1%87%d0%b5%d1%81%d0%ba%d0%b0%d1%8f-%d0%bb%d0%b5%d0%bd%d1%82%d0%b0-%d0%b4%d0%bb%d1%8f-%d0%bf%d0%b0%d0%bb%d1%8c%d1%86%d0%b5%d0%b2-76-%d0%bc%d0%bc-x-137","status":"publish","type":"product","link":"https:\/\/adidascombat.md\/ro\/Produs\/%d0%b0%d1%82%d0%bb%d0%b5%d1%82%d0%b8%d1%87%d0%b5%d1%81%d0%ba%d0%b0%d1%8f-%d0%bb%d0%b5%d0%bd%d1%82%d0%b0-%d0%b4%d0%bb%d1%8f-%d0%bf%d0%b0%d0%bb%d1%8c%d1%86%d0%b5%d0%b2-76-%d0%bc%d0%bc-x-137\/","title":{"rendered":"Band\u0103 adeziv\u0103 pentru degete sportive &#8211; 7,6 mm x 13,7 m (pachet de 5) neagr\u0103"},"content":{"rendered":"<p>Band\u0103 adeziv\u0103 pentru degete, de calitate medical\u0103, neelastic\u0103, fabricat\u0103 din viscoz\u0103 respirabil\u0103, cu o suprafa\u021b\u0103 adeziv\u0103 hipoalergenic\u0103, \u00eembog\u0103\u021bit\u0103 cu oxid de zinc pentru o protec\u021bie sporit\u0103 a pielii.<\/p>\n<p>Acest articol con\u021bine urm\u0103torul con\u021binut:<\/p>\n<p><strong>5 x Band\u0103 adeziv\u0103 neagr\u0103 pentru degete (7,6 mm x 13,7 m fiecare)<\/strong><\/p>\n","protected":false},"excerpt":{"rendered":"<p>Band\u0103 adeziv\u0103 pentru degete, de calitate medical\u0103, neelastic\u0103, fabricat\u0103 din viscoz\u0103 respirabil\u0103, cu o suprafa\u021b\u0103 adeziv\u0103 hipoalergenic\u0103, \u00eembog\u0103\u021bit\u0103 cu oxid<\/p>\n","protected":false},"featured_media":38607,"comment_status":"open","ping_status":"closed","template":"","meta":[],"product_brand":[],"product_cat":[795,814,785,801],"product_tag":[],"class_list":{"0":"post-38616","1":"product","2":"type-product","3":"status-publish","4":"has-post-thumbnail","6":"product_cat-accesorii-ro-6","7":"product_cat-accesorii-ro-7","8":"product_cat-adidas-bjj-ro","9":"product_cat-adidas-ju-jutsu","11":"first","12":"instock","13":"shipping-taxable","14":"purchasable","15":"product-type-simple"},"_links":{"self":[{"href":"https:\/\/adidascombat.md\/ro\/wp-json\/wp\/v2\/product\/38616","targetHints":{"allow":["GET"]}}],"collection":[{"href":"https:\/\/adidascombat.md\/ro\/wp-json\/wp\/v2\/product"}],"about":[{"href":"https:\/\/adidascombat.md\/ro\/wp-json\/wp\/v2\/types\/product"}],"replies":[{"embeddable":true,"href":"https:\/\/adidascombat.md\/ro\/wp-json\/wp\/v2\/comments?post=38616"}],"version-history":[{"count":2,"href":"https:\/\/adidascombat.md\/ro\/wp-json\/wp\/v2\/product\/38616\/revisions"}],"predecessor-version":[{"id":38618,"href":"https:\/\/adidascombat.md\/ro\/wp-json\/wp\/v2\/product\/38616\/revisions\/38618"}],"wp:featuredmedia":[{"embeddable":true,"href":"https:\/\/adidascombat.md\/ro\/wp-json\/wp\/v2\/media\/38607"}],"wp:attachment":[{"href":"https:\/\/adidascombat.md\/ro\/wp-json\/wp\/v2\/media?parent=38616"}],"wp:term":[{"taxonomy":"product_brand","embeddable":true,"href":"https:\/\/adidascombat.md\/ro\/wp-json\/wp\/v2\/product_brand?post=38616"},{"taxonomy":"product_cat","embeddable":true,"href":"https:\/\/adidascombat.md\/ro\/wp-json\/wp\/v2\/product_cat?post=38616"},{"taxonomy":"product_tag","embeddable":true,"href":"https:\/\/adidascombat.md\/ro\/wp-json\/wp\/v2\/product_tag?post=38616"}],"curies":[{"name":"wp","href":"https:\/\/api.w.org\/{rel}","templated":true}]}}