{"id":38632,"date":"2026-02-26T08:18:07","date_gmt":"2026-02-26T08:18:07","guid":{"rendered":"https:\/\/adidascombat.md\/product\/%d1%81%d0%bf%d0%be%d1%80%d1%82%d0%b8%d0%b2%d0%bd%d0%b0%d1%8f-%d0%bb%d0%b5%d0%bd%d1%82%d0%b0-%d0%b4%d0%bb%d1%8f-%d0%bf%d0%b0%d0%bb%d1%8c%d1%86%d0%b5%d0%b2-76-%d0%bc%d0%bc-x-137-%d0%bc\/"},"modified":"2026-03-10T10:03:41","modified_gmt":"2026-03-10T10:03:41","slug":"%d1%81%d0%bf%d0%be%d1%80%d1%82%d0%b8%d0%b2%d0%bd%d0%b0%d1%8f-%d0%bb%d0%b5%d0%bd%d1%82%d0%b0-%d0%b4%d0%bb%d1%8f-%d0%bf%d0%b0%d0%bb%d1%8c%d1%86%d0%b5%d0%b2-76-%d0%bc%d0%bc-x-137-%d0%bc","status":"publish","type":"product","link":"https:\/\/adidascombat.md\/ro\/Produs\/%d1%81%d0%bf%d0%be%d1%80%d1%82%d0%b8%d0%b2%d0%bd%d0%b0%d1%8f-%d0%bb%d0%b5%d0%bd%d1%82%d0%b0-%d0%b4%d0%bb%d1%8f-%d0%bf%d0%b0%d0%bb%d1%8c%d1%86%d0%b5%d0%b2-76-%d0%bc%d0%bc-x-137-%d0%bc\/","title":{"rendered":"Band\u0103 adeziv\u0103 pentru degete sportive &#8211; 7,6 mm x 13,7 m (pachet de 5) alb\u0103"},"content":{"rendered":"<p>Band\u0103 adeziv\u0103 pentru degete, de calitate medical\u0103, neelastic\u0103, fabricat\u0103 din viscoz\u0103 respirabil\u0103, cu o suprafa\u021b\u0103 adeziv\u0103 hipoalergenic\u0103, \u00eembog\u0103\u021bit\u0103 cu oxid de zinc pentru o protec\u021bie sporit\u0103 a pielii.<\/p>\n<p>Acest articol con\u021bine:<\/p>\n<p><strong>5 x band\u0103 adeziv\u0103 alb\u0103 pentru degete (7,6 mm x 13,7 m fiecare)<\/strong><\/p>\n","protected":false},"excerpt":{"rendered":"<p>Band\u0103 adeziv\u0103 pentru degete, de calitate medical\u0103, neelastic\u0103, fabricat\u0103 din viscoz\u0103 respirabil\u0103, cu o suprafa\u021b\u0103 adeziv\u0103 hipoalergenic\u0103, \u00eembog\u0103\u021bit\u0103 cu oxid<\/p>\n","protected":false},"featured_media":38623,"comment_status":"open","ping_status":"closed","template":"","meta":[],"product_brand":[],"product_cat":[801,810],"product_tag":[],"class_list":{"0":"post-38632","1":"product","2":"type-product","3":"status-publish","4":"has-post-thumbnail","6":"product_cat-adidas-ju-jutsu","7":"product_cat-bandaje-medicale-ro-7","9":"first","10":"instock","11":"shipping-taxable","12":"purchasable","13":"product-type-simple"},"_links":{"self":[{"href":"https:\/\/adidascombat.md\/ro\/wp-json\/wp\/v2\/product\/38632","targetHints":{"allow":["GET"]}}],"collection":[{"href":"https:\/\/adidascombat.md\/ro\/wp-json\/wp\/v2\/product"}],"about":[{"href":"https:\/\/adidascombat.md\/ro\/wp-json\/wp\/v2\/types\/product"}],"replies":[{"embeddable":true,"href":"https:\/\/adidascombat.md\/ro\/wp-json\/wp\/v2\/comments?post=38632"}],"version-history":[{"count":1,"href":"https:\/\/adidascombat.md\/ro\/wp-json\/wp\/v2\/product\/38632\/revisions"}],"predecessor-version":[{"id":38633,"href":"https:\/\/adidascombat.md\/ro\/wp-json\/wp\/v2\/product\/38632\/revisions\/38633"}],"wp:featuredmedia":[{"embeddable":true,"href":"https:\/\/adidascombat.md\/ro\/wp-json\/wp\/v2\/media\/38623"}],"wp:attachment":[{"href":"https:\/\/adidascombat.md\/ro\/wp-json\/wp\/v2\/media?parent=38632"}],"wp:term":[{"taxonomy":"product_brand","embeddable":true,"href":"https:\/\/adidascombat.md\/ro\/wp-json\/wp\/v2\/product_brand?post=38632"},{"taxonomy":"product_cat","embeddable":true,"href":"https:\/\/adidascombat.md\/ro\/wp-json\/wp\/v2\/product_cat?post=38632"},{"taxonomy":"product_tag","embeddable":true,"href":"https:\/\/adidascombat.md\/ro\/wp-json\/wp\/v2\/product_tag?post=38632"}],"curies":[{"name":"wp","href":"https:\/\/api.w.org\/{rel}","templated":true}]}}