{"id":38642,"date":"2026-02-26T08:29:38","date_gmt":"2026-02-26T08:29:38","guid":{"rendered":"https:\/\/adidascombat.md\/product\/%d0%ba%d0%b0%d0%bf%d0%b0-%d1%81-%d0%b3%d0%b5%d0%bb%d0%b5%d0%b2%d0%be%d0%b9-%d0%bf%d1%80%d0%be%d0%ba%d0%bb%d0%b0%d0%b4%d0%ba%d0%be%d0%b9\/"},"modified":"2026-02-26T08:30:59","modified_gmt":"2026-02-26T08:30:59","slug":"%d0%ba%d0%b0%d0%bf%d0%b0-%d1%81-%d0%b3%d0%b5%d0%bb%d0%b5%d0%b2%d0%be%d0%b9-%d0%bf%d1%80%d0%be%d0%ba%d0%bb%d0%b0%d0%b4%d0%ba%d0%be%d0%b9","status":"publish","type":"product","link":"https:\/\/adidascombat.md\/ro\/Produs\/%d0%ba%d0%b0%d0%bf%d0%b0-%d1%81-%d0%b3%d0%b5%d0%bb%d0%b5%d0%b2%d0%be%d0%b9-%d0%bf%d1%80%d0%be%d0%ba%d0%bb%d0%b0%d0%b4%d0%ba%d0%be%d0%b9\/","title":{"rendered":"Ap\u0103r\u0103toare de gur\u0103 cu c\u0103ptu\u0219eal\u0103 de gel"},"content":{"rendered":"<p>Ap\u0103r\u0103toare de gur\u0103 cu c\u0103ptu\u0219eal\u0103 din gel \u0219i cutie de ap\u0103 fierbinte reglabil\u0103, descriere inclus\u0103<\/p>\n","protected":false},"excerpt":{"rendered":"<p>Ap\u0103r\u0103toare de gur\u0103 cu c\u0103ptu\u0219eal\u0103 din gel \u0219i cutie de ap\u0103 fierbinte reglabil\u0103, descriere inclus\u0103<\/p>\n","protected":false},"featured_media":38639,"comment_status":"open","ping_status":"closed","template":"","meta":[],"product_brand":[],"product_cat":[801,804],"product_tag":[],"class_list":{"0":"post-38642","1":"product","2":"type-product","3":"status-publish","4":"has-post-thumbnail","6":"product_cat-adidas-ju-jutsu","7":"product_cat-echipament-protectie-7","9":"first","10":"instock","11":"shipping-taxable","12":"purchasable","13":"product-type-variable"},"_links":{"self":[{"href":"https:\/\/adidascombat.md\/ro\/wp-json\/wp\/v2\/product\/38642","targetHints":{"allow":["GET"]}}],"collection":[{"href":"https:\/\/adidascombat.md\/ro\/wp-json\/wp\/v2\/product"}],"about":[{"href":"https:\/\/adidascombat.md\/ro\/wp-json\/wp\/v2\/types\/product"}],"replies":[{"embeddable":true,"href":"https:\/\/adidascombat.md\/ro\/wp-json\/wp\/v2\/comments?post=38642"}],"version-history":[{"count":1,"href":"https:\/\/adidascombat.md\/ro\/wp-json\/wp\/v2\/product\/38642\/revisions"}],"predecessor-version":[{"id":38645,"href":"https:\/\/adidascombat.md\/ro\/wp-json\/wp\/v2\/product\/38642\/revisions\/38645"}],"wp:featuredmedia":[{"embeddable":true,"href":"https:\/\/adidascombat.md\/ro\/wp-json\/wp\/v2\/media\/38639"}],"wp:attachment":[{"href":"https:\/\/adidascombat.md\/ro\/wp-json\/wp\/v2\/media?parent=38642"}],"wp:term":[{"taxonomy":"product_brand","embeddable":true,"href":"https:\/\/adidascombat.md\/ro\/wp-json\/wp\/v2\/product_brand?post=38642"},{"taxonomy":"product_cat","embeddable":true,"href":"https:\/\/adidascombat.md\/ro\/wp-json\/wp\/v2\/product_cat?post=38642"},{"taxonomy":"product_tag","embeddable":true,"href":"https:\/\/adidascombat.md\/ro\/wp-json\/wp\/v2\/product_tag?post=38642"}],"curies":[{"name":"wp","href":"https:\/\/api.w.org\/{rel}","templated":true}]}}