{"id":38657,"date":"2026-02-26T08:37:54","date_gmt":"2026-02-26T08:37:54","guid":{"rendered":"https:\/\/adidascombat.md\/product\/%d0%b4%d0%b5%d1%82%d1%81%d0%ba%d0%b0%d1%8f-%d0%b7%d0%b0%d1%89%d0%b8%d1%82%d0%b0-%d0%b4%d0%bb%d1%8f-%d1%80%d1%83%d0%ba-%d0%b4%d0%bb%d1%8f-%d0%b4%d0%b6%d0%b8%d1%83-%d0%b4%d0%b7%d1%8e%d1%86%d1%83-%d1%81\/"},"modified":"2026-02-26T08:39:29","modified_gmt":"2026-02-26T08:39:29","slug":"%d0%b4%d0%b5%d1%82%d1%81%d0%ba%d0%b0%d1%8f-%d0%b7%d0%b0%d1%89%d0%b8%d1%82%d0%b0-%d0%b4%d0%bb%d1%8f-%d1%80%d1%83%d0%ba-%d0%b4%d0%bb%d1%8f-%d0%b4%d0%b6%d0%b8%d1%83-%d0%b4%d0%b7%d1%8e%d1%86%d1%83-%d1%81","status":"publish","type":"product","link":"https:\/\/adidascombat.md\/ro\/Produs\/%d0%b4%d0%b5%d1%82%d1%81%d0%ba%d0%b0%d1%8f-%d0%b7%d0%b0%d1%89%d0%b8%d1%82%d0%b0-%d0%b4%d0%bb%d1%8f-%d1%80%d1%83%d0%ba-%d0%b4%d0%bb%d1%8f-%d0%b4%d0%b6%d0%b8%d1%83-%d0%b4%d0%b7%d1%8e%d1%86%d1%83-%d1%81\/","title":{"rendered":"Ap\u0103r\u0103tori de m\u00e2n\u0103 pentru copii pentru jiu-jitsu, fabricate din material textil"},"content":{"rendered":"<p>Ap\u0103r\u0103tori de m\u00e2n\u0103\u00a0pentru copii de jiu-jitsu sunt fabricate dintr-un material asem\u0103n\u0103tor unui bandaj (100% bumbac). Au o gaur\u0103 pentru degetul mare \u0219i dou\u0103 g\u0103uri pentru c\u00e2te dou\u0103 degete fiecare.<\/p>\n<p>Perfecte pentru \u00eembr\u0103care \u0219i desc\u0103l\u021bare rapid\u0103, au o c\u0103ptu\u0219eal\u0103 bun\u0103 \u0219i sunt confortabile de purtat de micii juc\u0103tori de Jiu-Jitsu.<\/p>\n<p>M\u00e2nerele nu au \u00eenchidere cu velcro, deci nu exist\u0103 riscul de a v\u0103 zg\u00e2ria fa\u021ba \u00een timpul antrenamentului de priz\u0103, \u00een special pentru copiii mai mici.<br \/>\nPotrivite de la v\u00e2rsta de 5 ani, datorit\u0103 materialului elastic, pot fi purtate p\u00e2n\u0103 la aproximativ 10 ani (bine\u00een\u021beles, acest lucru depinde \u00eentotdeauna de dimensiunea m\u00e2inii!).<\/p>\n","protected":false},"excerpt":{"rendered":"<p>Ap\u0103r\u0103tori de m\u00e2n\u0103\u00a0pentru copii de jiu-jitsu sunt fabricate dintr-un material asem\u0103n\u0103tor unui bandaj (100% bumbac). Au o gaur\u0103 pentru degetul<\/p>\n","protected":false},"featured_media":38650,"comment_status":"open","ping_status":"closed","template":"","meta":[],"product_brand":[],"product_cat":[801,804],"product_tag":[],"class_list":{"0":"post-38657","1":"product","2":"type-product","3":"status-publish","4":"has-post-thumbnail","6":"product_cat-adidas-ju-jutsu","7":"product_cat-echipament-protectie-7","9":"first","10":"instock","11":"shipping-taxable","12":"purchasable","13":"product-type-variable"},"_links":{"self":[{"href":"https:\/\/adidascombat.md\/ro\/wp-json\/wp\/v2\/product\/38657","targetHints":{"allow":["GET"]}}],"collection":[{"href":"https:\/\/adidascombat.md\/ro\/wp-json\/wp\/v2\/product"}],"about":[{"href":"https:\/\/adidascombat.md\/ro\/wp-json\/wp\/v2\/types\/product"}],"replies":[{"embeddable":true,"href":"https:\/\/adidascombat.md\/ro\/wp-json\/wp\/v2\/comments?post=38657"}],"version-history":[{"count":1,"href":"https:\/\/adidascombat.md\/ro\/wp-json\/wp\/v2\/product\/38657\/revisions"}],"predecessor-version":[{"id":38661,"href":"https:\/\/adidascombat.md\/ro\/wp-json\/wp\/v2\/product\/38657\/revisions\/38661"}],"wp:featuredmedia":[{"embeddable":true,"href":"https:\/\/adidascombat.md\/ro\/wp-json\/wp\/v2\/media\/38650"}],"wp:attachment":[{"href":"https:\/\/adidascombat.md\/ro\/wp-json\/wp\/v2\/media?parent=38657"}],"wp:term":[{"taxonomy":"product_brand","embeddable":true,"href":"https:\/\/adidascombat.md\/ro\/wp-json\/wp\/v2\/product_brand?post=38657"},{"taxonomy":"product_cat","embeddable":true,"href":"https:\/\/adidascombat.md\/ro\/wp-json\/wp\/v2\/product_cat?post=38657"},{"taxonomy":"product_tag","embeddable":true,"href":"https:\/\/adidascombat.md\/ro\/wp-json\/wp\/v2\/product_tag?post=38657"}],"curies":[{"name":"wp","href":"https:\/\/api.w.org\/{rel}","templated":true}]}}