{"id":38675,"date":"2026-02-26T08:49:50","date_gmt":"2026-02-26T08:49:50","guid":{"rendered":"https:\/\/adidascombat.md\/product\/%d1%80%d0%b5%d0%b7%d0%b8%d0%bd%d0%be%d0%b2%d1%8b%d0%b9-%d0%bd%d0%be%d0%b6-%d0%ba%d0%be%d1%80%d0%be%d1%82%d0%ba%d0%be%d0%b3%d0%be-%d0%ba%d1%80%d0%b0%d1%81%d0%bd%d0%be%d0%b3%d0%be-%d1%86%d0%b2%d0%b5\/"},"modified":"2026-02-26T08:51:10","modified_gmt":"2026-02-26T08:51:10","slug":"%d1%80%d0%b5%d0%b7%d0%b8%d0%bd%d0%be%d0%b2%d1%8b%d0%b9-%d0%bd%d0%be%d0%b6-%d0%ba%d0%be%d1%80%d0%be%d1%82%d0%ba%d0%be%d0%b3%d0%be-%d0%ba%d1%80%d0%b0%d1%81%d0%bd%d0%be%d0%b3%d0%be-%d1%86%d0%b2%d0%b5","status":"publish","type":"product","link":"https:\/\/adidascombat.md\/ro\/Produs\/%d1%80%d0%b5%d0%b7%d0%b8%d0%bd%d0%be%d0%b2%d1%8b%d0%b9-%d0%bd%d0%be%d0%b6-%d0%ba%d0%be%d1%80%d0%be%d1%82%d0%ba%d0%be%d0%b3%d0%be-%d0%ba%d1%80%d0%b0%d1%81%d0%bd%d0%be%d0%b3%d0%be-%d1%86%d0%b2%d0%b5\/","title":{"rendered":"Cu\u021bit scurt de cauciuc ro\u0219u"},"content":{"rendered":"<p>Un cu\u021bit de cauciuc, un cu\u021bit de antrenament pentru Wing Tsun, Ving Tsun, Jujutsu, autoap\u0103rare, jiu-jitsu, lupt\u0103 all-around, hapkido etc.;<\/p>\n<p><strong>Lungime: 23 cm<\/strong>. Pute\u021bi str\u0103punge corpul cu \u201elama\u201d pentru a o sim\u021bi. Dac\u0103 lama devine prea str\u00e2ns\u0103, cu\u021bitul cedeaz\u0103, fiind ideal pentru antrenament realist.<\/p>\n<p>Aici, \u00een ro\u0219u, special pentru competi\u021bii de jiu-jitsu \u00een duet.<\/p>\n<p><strong>Caracteristici speciale:<\/strong><br \/>\nUn cu\u021bit de cauciuc, un cu\u021bit de antrenament pentru Wing Tsun, Ving Tsun, Ju-jutsu, autoap\u0103rare, jiu-jitsu, lupt\u0103 all-around, hapkido etc.<\/p>\n","protected":false},"excerpt":{"rendered":"<p>Un cu\u021bit de cauciuc, un cu\u021bit de antrenament pentru Wing Tsun, Ving Tsun, Jujutsu, autoap\u0103rare, jiu-jitsu, lupt\u0103 all-around, hapkido etc.;<\/p>\n","protected":false},"featured_media":38672,"comment_status":"open","ping_status":"closed","template":"","meta":[],"product_brand":[],"product_cat":[814,801,834,828],"product_tag":[],"class_list":{"0":"post-38675","1":"product","2":"type-product","3":"status-publish","4":"has-post-thumbnail","6":"product_cat-accesorii-ro-7","7":"product_cat-adidas-ju-jutsu","8":"product_cat-arme-antrenamente-9","9":"product_cat-hapkido-ro","11":"first","12":"instock","13":"shipping-taxable","14":"purchasable","15":"product-type-simple"},"_links":{"self":[{"href":"https:\/\/adidascombat.md\/ro\/wp-json\/wp\/v2\/product\/38675","targetHints":{"allow":["GET"]}}],"collection":[{"href":"https:\/\/adidascombat.md\/ro\/wp-json\/wp\/v2\/product"}],"about":[{"href":"https:\/\/adidascombat.md\/ro\/wp-json\/wp\/v2\/types\/product"}],"replies":[{"embeddable":true,"href":"https:\/\/adidascombat.md\/ro\/wp-json\/wp\/v2\/comments?post=38675"}],"version-history":[{"count":1,"href":"https:\/\/adidascombat.md\/ro\/wp-json\/wp\/v2\/product\/38675\/revisions"}],"predecessor-version":[{"id":38676,"href":"https:\/\/adidascombat.md\/ro\/wp-json\/wp\/v2\/product\/38675\/revisions\/38676"}],"wp:featuredmedia":[{"embeddable":true,"href":"https:\/\/adidascombat.md\/ro\/wp-json\/wp\/v2\/media\/38672"}],"wp:attachment":[{"href":"https:\/\/adidascombat.md\/ro\/wp-json\/wp\/v2\/media?parent=38675"}],"wp:term":[{"taxonomy":"product_brand","embeddable":true,"href":"https:\/\/adidascombat.md\/ro\/wp-json\/wp\/v2\/product_brand?post=38675"},{"taxonomy":"product_cat","embeddable":true,"href":"https:\/\/adidascombat.md\/ro\/wp-json\/wp\/v2\/product_cat?post=38675"},{"taxonomy":"product_tag","embeddable":true,"href":"https:\/\/adidascombat.md\/ro\/wp-json\/wp\/v2\/product_tag?post=38675"}],"curies":[{"name":"wp","href":"https:\/\/api.w.org\/{rel}","templated":true}]}}