{"id":38683,"date":"2026-02-26T08:53:45","date_gmt":"2026-02-26T08:53:45","guid":{"rendered":"https:\/\/adidascombat.md\/product\/%d1%80%d0%b5%d0%b7%d0%b8%d0%bd%d0%be%d0%b2%d1%8b%d0%b9-%d0%bd%d0%be%d0%b6-%d0%ba%d0%be%d1%80%d0%be%d1%82%d0%ba%d0%b8%d0%b9-%d1%81%d0%b8%d0%bd%d0%b5%d0%b3%d0%be-%d1%86%d0%b2%d0%b5%d1%82%d0%b0\/"},"modified":"2026-02-26T08:55:07","modified_gmt":"2026-02-26T08:55:07","slug":"%d1%80%d0%b5%d0%b7%d0%b8%d0%bd%d0%be%d0%b2%d1%8b%d0%b9-%d0%bd%d0%be%d0%b6-%d0%ba%d0%be%d1%80%d0%be%d1%82%d0%ba%d0%b8%d0%b9-%d1%81%d0%b8%d0%bd%d0%b5%d0%b3%d0%be-%d1%86%d0%b2%d0%b5%d1%82%d0%b0","status":"publish","type":"product","link":"https:\/\/adidascombat.md\/ro\/Produs\/%d1%80%d0%b5%d0%b7%d0%b8%d0%bd%d0%be%d0%b2%d1%8b%d0%b9-%d0%bd%d0%be%d0%b6-%d0%ba%d0%be%d1%80%d0%be%d1%82%d0%ba%d0%b8%d0%b9-%d1%81%d0%b8%d0%bd%d0%b5%d0%b3%d0%be-%d1%86%d0%b2%d0%b5%d1%82%d0%b0\/","title":{"rendered":"Cu\u021bit scurt de cauciuc albastru"},"content":{"rendered":"<p>Un cu\u021bit de cauciuc, un cu\u021bit de antrenament pentru Wing Tsun, Ving Tsun, Jujutsu, autoap\u0103rare, jiu-jitsu, lupt\u0103 all-round, hapkido etc.;<\/p>\n<p><strong>Lungime: 23 cm.<\/strong> Pute\u021bi str\u0103punge corpul cu \u201elama\u201d pentru a o sim\u021bi. Dac\u0103 lama devine prea str\u00e2ns\u0103, cu\u021bitul cedeaz\u0103, fiind ideal pentru antrenament realist. Vedet aici \u00een albastru, \u00een special pentru competi\u021bii de jiu-jitsu \u00een duet.<\/p>\n<p>Caracteristici speciale:<br \/>\nUn cu\u021bit de cauciuc, un cu\u021bit de antrenament pentru Wing Tsun, Ving Tsun, Jujutsu, autoap\u0103rare, jiu-jitsu, lupt\u0103 all-round, hapkido etc.<\/p>\n","protected":false},"excerpt":{"rendered":"<p>Un cu\u021bit de cauciuc, un cu\u021bit de antrenament pentru Wing Tsun, Ving Tsun, Jujutsu, autoap\u0103rare, jiu-jitsu, lupt\u0103 all-round, hapkido etc.;<\/p>\n","protected":false},"featured_media":38680,"comment_status":"open","ping_status":"closed","template":"","meta":[],"product_brand":[],"product_cat":[814,801,834,828],"product_tag":[],"class_list":{"0":"post-38683","1":"product","2":"type-product","3":"status-publish","4":"has-post-thumbnail","6":"product_cat-accesorii-ro-7","7":"product_cat-adidas-ju-jutsu","8":"product_cat-arme-antrenamente-9","9":"product_cat-hapkido-ro","11":"first","12":"instock","13":"shipping-taxable","14":"purchasable","15":"product-type-simple"},"_links":{"self":[{"href":"https:\/\/adidascombat.md\/ro\/wp-json\/wp\/v2\/product\/38683","targetHints":{"allow":["GET"]}}],"collection":[{"href":"https:\/\/adidascombat.md\/ro\/wp-json\/wp\/v2\/product"}],"about":[{"href":"https:\/\/adidascombat.md\/ro\/wp-json\/wp\/v2\/types\/product"}],"replies":[{"embeddable":true,"href":"https:\/\/adidascombat.md\/ro\/wp-json\/wp\/v2\/comments?post=38683"}],"version-history":[{"count":1,"href":"https:\/\/adidascombat.md\/ro\/wp-json\/wp\/v2\/product\/38683\/revisions"}],"predecessor-version":[{"id":38684,"href":"https:\/\/adidascombat.md\/ro\/wp-json\/wp\/v2\/product\/38683\/revisions\/38684"}],"wp:featuredmedia":[{"embeddable":true,"href":"https:\/\/adidascombat.md\/ro\/wp-json\/wp\/v2\/media\/38680"}],"wp:attachment":[{"href":"https:\/\/adidascombat.md\/ro\/wp-json\/wp\/v2\/media?parent=38683"}],"wp:term":[{"taxonomy":"product_brand","embeddable":true,"href":"https:\/\/adidascombat.md\/ro\/wp-json\/wp\/v2\/product_brand?post=38683"},{"taxonomy":"product_cat","embeddable":true,"href":"https:\/\/adidascombat.md\/ro\/wp-json\/wp\/v2\/product_cat?post=38683"},{"taxonomy":"product_tag","embeddable":true,"href":"https:\/\/adidascombat.md\/ro\/wp-json\/wp\/v2\/product_tag?post=38683"}],"curies":[{"name":"wp","href":"https:\/\/api.w.org\/{rel}","templated":true}]}}