{"id":38904,"date":"2026-02-26T10:55:04","date_gmt":"2026-02-26T10:55:04","guid":{"rendered":"https:\/\/adidascombat.md\/product\/%d0%b4%d0%b5%d1%82%d1%81%d0%ba%d0%b8%d0%b9-%d0%bf%d0%be%d1%8f%d1%81-ju-sports-bjj-%d0%b6%d0%b5%d0%bb%d1%82%d0%be%d0%b3%d0%be-%d1%86%d0%b2%d0%b5%d1%82%d0%b0\/"},"modified":"2026-02-26T10:56:13","modified_gmt":"2026-02-26T10:56:13","slug":"%d0%b4%d0%b5%d1%82%d1%81%d0%ba%d0%b8%d0%b9-%d0%bf%d0%be%d1%8f%d1%81-ju-sports-bjj-%d0%b6%d0%b5%d0%bb%d1%82%d0%be%d0%b3%d0%be-%d1%86%d0%b2%d0%b5%d1%82%d0%b0","status":"publish","type":"product","link":"https:\/\/adidascombat.md\/ro\/Produs\/%d0%b4%d0%b5%d1%82%d1%81%d0%ba%d0%b8%d0%b9-%d0%bf%d0%be%d1%8f%d1%81-ju-sports-bjj-%d0%b6%d0%b5%d0%bb%d1%82%d0%be%d0%b3%d0%be-%d1%86%d0%b2%d0%b5%d1%82%d0%b0\/","title":{"rendered":"Centur\u0103 Ju-Sports BJJ pentru copii, galben\u0103"},"content":{"rendered":"<p>Centur\u0103 de arte mar\u021biale pentru copii<\/p>\n<p>Material: 100% bumbac<br \/>\ncu o sec\u021biune tipic\u0103 pentru etape intermediare<br \/>\n<strong>l\u0103\u021bime de aproximativ 4 cm<\/strong><\/p>\n","protected":false},"excerpt":{"rendered":"<p>Centur\u0103 de arte mar\u021biale pentru copii Material: 100% bumbac cu o sec\u021biune tipic\u0103 pentru etape intermediare l\u0103\u021bime de aproximativ 4<\/p>\n","protected":false},"featured_media":38901,"comment_status":"open","ping_status":"closed","template":"","meta":[],"product_brand":[],"product_cat":[785,801,791,806],"product_tag":[],"class_list":{"0":"post-38904","1":"product","2":"type-product","3":"status-publish","4":"has-post-thumbnail","6":"product_cat-adidas-bjj-ro","7":"product_cat-adidas-ju-jutsu","8":"product_cat-centuri-ro-6","9":"product_cat-centuri-7","11":"first","12":"instock","13":"shipping-taxable","14":"purchasable","15":"product-type-variable"},"_links":{"self":[{"href":"https:\/\/adidascombat.md\/ro\/wp-json\/wp\/v2\/product\/38904","targetHints":{"allow":["GET"]}}],"collection":[{"href":"https:\/\/adidascombat.md\/ro\/wp-json\/wp\/v2\/product"}],"about":[{"href":"https:\/\/adidascombat.md\/ro\/wp-json\/wp\/v2\/types\/product"}],"replies":[{"embeddable":true,"href":"https:\/\/adidascombat.md\/ro\/wp-json\/wp\/v2\/comments?post=38904"}],"version-history":[{"count":1,"href":"https:\/\/adidascombat.md\/ro\/wp-json\/wp\/v2\/product\/38904\/revisions"}],"predecessor-version":[{"id":38908,"href":"https:\/\/adidascombat.md\/ro\/wp-json\/wp\/v2\/product\/38904\/revisions\/38908"}],"wp:featuredmedia":[{"embeddable":true,"href":"https:\/\/adidascombat.md\/ro\/wp-json\/wp\/v2\/media\/38901"}],"wp:attachment":[{"href":"https:\/\/adidascombat.md\/ro\/wp-json\/wp\/v2\/media?parent=38904"}],"wp:term":[{"taxonomy":"product_brand","embeddable":true,"href":"https:\/\/adidascombat.md\/ro\/wp-json\/wp\/v2\/product_brand?post=38904"},{"taxonomy":"product_cat","embeddable":true,"href":"https:\/\/adidascombat.md\/ro\/wp-json\/wp\/v2\/product_cat?post=38904"},{"taxonomy":"product_tag","embeddable":true,"href":"https:\/\/adidascombat.md\/ro\/wp-json\/wp\/v2\/product_tag?post=38904"}],"curies":[{"name":"wp","href":"https:\/\/api.w.org\/{rel}","templated":true}]}}