{"id":39100,"date":"2026-02-26T14:06:42","date_gmt":"2026-02-26T14:06:42","guid":{"rendered":"https:\/\/adidascombat.md\/product\/%d1%87%d1%91%d1%80%d0%bd%d1%8b%d0%b9-%d0%bf%d0%be%d1%8f%d1%81-%d0%bf%d0%be-%d0%b1%d1%80%d0%b0%d0%b7%d0%b8%d0%bb%d1%8c%d1%81%d0%ba%d0%be%d0%bc%d1%83-%d0%b4%d0%b6%d0%b8%d1%83-%d0%b4%d0%b6%d0%b8%d1%82\/"},"modified":"2026-02-26T14:08:34","modified_gmt":"2026-02-26T14:08:34","slug":"%d1%87%d1%91%d1%80%d0%bd%d1%8b%d0%b9-%d0%bf%d0%be%d1%8f%d1%81-%d0%bf%d0%be-%d0%b1%d1%80%d0%b0%d0%b7%d0%b8%d0%bb%d1%8c%d1%81%d0%ba%d0%be%d0%bc%d1%83-%d0%b4%d0%b6%d0%b8%d1%83-%d0%b4%d0%b6%d0%b8%d1%82","status":"publish","type":"product","link":"https:\/\/adidascombat.md\/ro\/Produs\/%d1%87%d1%91%d1%80%d0%bd%d1%8b%d0%b9-%d0%bf%d0%be%d1%8f%d1%81-%d0%bf%d0%be-%d0%b1%d1%80%d0%b0%d0%b7%d0%b8%d0%bb%d1%8c%d1%81%d0%ba%d0%be%d0%bc%d1%83-%d0%b4%d0%b6%d0%b8%d1%83-%d0%b4%d0%b6%d0%b8%d1%82\/","title":{"rendered":"Centur\u0103 neagr\u0103 la jiu-jitsu brazilian Ju-Sports"},"content":{"rendered":"<p>Material: 100% bumbac<br \/>\ncu o sec\u021biune tipic\u0103 pentru aplicare intermediar\u0103<br \/>\nl\u0103\u021bime de aproximativ 4,5 cm<br \/>\nDisponibil \u00een urm\u0103toarele dimensiuni: <strong>A1 (275 cm), A2 (290 cm), A3 (300 cm), A4 (320 cm), A5 (340 cm) \u0219i A6 (360 cm)<\/strong><\/p>\n","protected":false},"excerpt":{"rendered":"<p>Material: 100% bumbac cu o sec\u021biune tipic\u0103 pentru aplicare intermediar\u0103 l\u0103\u021bime de aproximativ 4,5 cm Disponibil \u00een urm\u0103toarele dimensiuni: A1<\/p>\n","protected":false},"featured_media":39098,"comment_status":"open","ping_status":"closed","template":"","meta":[],"product_brand":[],"product_cat":[785,801,791,806],"product_tag":[],"class_list":{"0":"post-39100","1":"product","2":"type-product","3":"status-publish","4":"has-post-thumbnail","6":"product_cat-adidas-bjj-ro","7":"product_cat-adidas-ju-jutsu","8":"product_cat-centuri-ro-6","9":"product_cat-centuri-7","11":"first","12":"instock","13":"shipping-taxable","14":"purchasable","15":"product-type-variable"},"_links":{"self":[{"href":"https:\/\/adidascombat.md\/ro\/wp-json\/wp\/v2\/product\/39100","targetHints":{"allow":["GET"]}}],"collection":[{"href":"https:\/\/adidascombat.md\/ro\/wp-json\/wp\/v2\/product"}],"about":[{"href":"https:\/\/adidascombat.md\/ro\/wp-json\/wp\/v2\/types\/product"}],"replies":[{"embeddable":true,"href":"https:\/\/adidascombat.md\/ro\/wp-json\/wp\/v2\/comments?post=39100"}],"version-history":[{"count":2,"href":"https:\/\/adidascombat.md\/ro\/wp-json\/wp\/v2\/product\/39100\/revisions"}],"predecessor-version":[{"id":39108,"href":"https:\/\/adidascombat.md\/ro\/wp-json\/wp\/v2\/product\/39100\/revisions\/39108"}],"wp:featuredmedia":[{"embeddable":true,"href":"https:\/\/adidascombat.md\/ro\/wp-json\/wp\/v2\/media\/39098"}],"wp:attachment":[{"href":"https:\/\/adidascombat.md\/ro\/wp-json\/wp\/v2\/media?parent=39100"}],"wp:term":[{"taxonomy":"product_brand","embeddable":true,"href":"https:\/\/adidascombat.md\/ro\/wp-json\/wp\/v2\/product_brand?post=39100"},{"taxonomy":"product_cat","embeddable":true,"href":"https:\/\/adidascombat.md\/ro\/wp-json\/wp\/v2\/product_cat?post=39100"},{"taxonomy":"product_tag","embeddable":true,"href":"https:\/\/adidascombat.md\/ro\/wp-json\/wp\/v2\/product_tag?post=39100"}],"curies":[{"name":"wp","href":"https:\/\/api.w.org\/{rel}","templated":true}]}}