{"id":39163,"date":"2026-02-26T14:58:32","date_gmt":"2026-02-26T14:58:32","guid":{"rendered":"https:\/\/adidascombat.md\/product\/ju-sports-bjj-belt-competition-270-%d1%81%d0%bc\/"},"modified":"2026-02-26T15:00:04","modified_gmt":"2026-02-26T15:00:04","slug":"ju-sports-bjj-belt-competition-270-%d1%81%d0%bc","status":"publish","type":"product","link":"https:\/\/adidascombat.md\/ro\/Produs\/ju-sports-bjj-belt-competition-270-%d1%81%d0%bc\/","title":{"rendered":"Centur\u0103 Ju-Sports BJJ Competition 270 cm"},"content":{"rendered":"<p>Centura Superlight este ideal\u0103 pentru competi\u021biile \u00een care c\u00e2nt\u0103re\u0219ti complet echipat. Lipsa c\u0103ptu\u0219elii face centura pu\u021bin mai sub\u021bire \u0219i foarte u\u0219oar\u0103. C\u00e2nt\u0103rind aproximativ 130 de grame, este aproximativ jum\u0103tate din greutatea unei centuri BJJ tipice. Cu toate acestea, este cusut\u0103 de mai multe ori \u0219i este conceput\u0103 pentru a rezista la condi\u021biile de competi\u021bie. Disponibil\u0103 doar \u00een lungimea complet\u0103 de 270 cm.<\/p>\n<p>Material: 100% bumbac<br \/>\ncu o sec\u021biune tipic\u0103 pentru aplica\u021bii intermediare<br \/>\nl\u0103\u021bime de aproximativ 4 cm<br \/>\nGreutate: aproximativ 130<\/p>\n","protected":false},"excerpt":{"rendered":"<p>Centura Superlight este ideal\u0103 pentru competi\u021biile \u00een care c\u00e2nt\u0103re\u0219ti complet echipat. Lipsa c\u0103ptu\u0219elii face centura pu\u021bin mai sub\u021bire \u0219i foarte<\/p>\n","protected":false},"featured_media":39160,"comment_status":"open","ping_status":"closed","template":"","meta":[],"product_brand":[],"product_cat":[785,801,791,806],"product_tag":[],"class_list":{"0":"post-39163","1":"product","2":"type-product","3":"status-publish","4":"has-post-thumbnail","6":"product_cat-adidas-bjj-ro","7":"product_cat-adidas-ju-jutsu","8":"product_cat-centuri-ro-6","9":"product_cat-centuri-7","11":"first","12":"instock","13":"shipping-taxable","14":"purchasable","15":"product-type-variable"},"_links":{"self":[{"href":"https:\/\/adidascombat.md\/ro\/wp-json\/wp\/v2\/product\/39163","targetHints":{"allow":["GET"]}}],"collection":[{"href":"https:\/\/adidascombat.md\/ro\/wp-json\/wp\/v2\/product"}],"about":[{"href":"https:\/\/adidascombat.md\/ro\/wp-json\/wp\/v2\/types\/product"}],"replies":[{"embeddable":true,"href":"https:\/\/adidascombat.md\/ro\/wp-json\/wp\/v2\/comments?post=39163"}],"version-history":[{"count":2,"href":"https:\/\/adidascombat.md\/ro\/wp-json\/wp\/v2\/product\/39163\/revisions"}],"predecessor-version":[{"id":39168,"href":"https:\/\/adidascombat.md\/ro\/wp-json\/wp\/v2\/product\/39163\/revisions\/39168"}],"wp:featuredmedia":[{"embeddable":true,"href":"https:\/\/adidascombat.md\/ro\/wp-json\/wp\/v2\/media\/39160"}],"wp:attachment":[{"href":"https:\/\/adidascombat.md\/ro\/wp-json\/wp\/v2\/media?parent=39163"}],"wp:term":[{"taxonomy":"product_brand","embeddable":true,"href":"https:\/\/adidascombat.md\/ro\/wp-json\/wp\/v2\/product_brand?post=39163"},{"taxonomy":"product_cat","embeddable":true,"href":"https:\/\/adidascombat.md\/ro\/wp-json\/wp\/v2\/product_cat?post=39163"},{"taxonomy":"product_tag","embeddable":true,"href":"https:\/\/adidascombat.md\/ro\/wp-json\/wp\/v2\/product_tag?post=39163"}],"curies":[{"name":"wp","href":"https:\/\/api.w.org\/{rel}","templated":true}]}}