{"id":39305,"date":"2026-02-26T16:05:34","date_gmt":"2026-02-26T16:05:34","guid":{"rendered":"https:\/\/adidascombat.md\/product\/bjj-premium-belt-%d0%b6%d0%b5%d0%bc%d1%87%d1%83%d0%b6%d0%bd%d0%be-%d1%87%d1%91%d1%80%d0%bd%d1%8b%d0%b9-%d0%b3%d0%bb%d0%b0%d0%b2%d0%bd%d1%8b%d0%b9-%d0%bf%d1%80%d0%be%d1%84%d0%b5%d1%81%d1%81\/"},"modified":"2026-02-26T16:06:43","modified_gmt":"2026-02-26T16:06:43","slug":"bjj-premium-belt-%d0%b6%d0%b5%d0%bc%d1%87%d1%83%d0%b6%d0%bd%d0%be-%d1%87%d1%91%d1%80%d0%bd%d1%8b%d0%b9-%d0%b3%d0%bb%d0%b0%d0%b2%d0%bd%d1%8b%d0%b9-%d0%bf%d1%80%d0%be%d1%84%d0%b5%d1%81%d1%81","status":"publish","type":"product","link":"https:\/\/adidascombat.md\/ro\/Produs\/bjj-premium-belt-%d0%b6%d0%b5%d0%bc%d1%87%d1%83%d0%b6%d0%bd%d0%be-%d1%87%d1%91%d1%80%d0%bd%d1%8b%d0%b9-%d0%b3%d0%bb%d0%b0%d0%b2%d0%bd%d1%8b%d0%b9-%d0%bf%d1%80%d0%be%d1%84%d0%b5%d1%81%d1%81\/","title":{"rendered":"Centur\u0103 BJJ Premium Negru Perlat &#8211; Profesor \u0218ef &#8211; Dung\u0103 Ro\u0219ie &#8211; Margini Albe Gradul 1"},"content":{"rendered":"<p>Centur\u0103 BJJ \u2013 pentru to\u021bi sportivii care \u00ee\u0219i doresc ceva special.<\/p>\n<p>Centur\u0103 confec\u021bionat\u0103 din material exterior Pearl Weave de \u00eenalt\u0103 calitate, cu o c\u0103ptu\u0219eal\u0103 special\u0103.<br \/>\nMaterial: 100% bumbac.<br \/>\n<strong>A1 (275 cm), A2 (295 cm), A3 (310 cm)<\/strong><br \/>\ncu o band\u0103 ro\u0219ie de absolvire cu margini albe pentru directorul academiei sau proprietarul acesteia \u0219i o band\u0103 suplimentar\u0103, cu l\u0103\u021bimea de aproximativ 4 cm.<\/p>\n","protected":false},"excerpt":{"rendered":"<p>Centur\u0103 BJJ \u2013 pentru to\u021bi sportivii care \u00ee\u0219i doresc ceva special. Centur\u0103 confec\u021bionat\u0103 din material exterior Pearl Weave de \u00eenalt\u0103<\/p>\n","protected":false},"featured_media":39302,"comment_status":"open","ping_status":"closed","template":"","meta":[],"product_brand":[],"product_cat":[785,801,806,791],"product_tag":[],"class_list":{"0":"post-39305","1":"product","2":"type-product","3":"status-publish","4":"has-post-thumbnail","6":"product_cat-adidas-bjj-ro","7":"product_cat-adidas-ju-jutsu","8":"product_cat-centuri-7","9":"product_cat-centuri-ro-6","11":"first","12":"instock","13":"shipping-taxable","14":"purchasable","15":"product-type-variable"},"_links":{"self":[{"href":"https:\/\/adidascombat.md\/ro\/wp-json\/wp\/v2\/product\/39305","targetHints":{"allow":["GET"]}}],"collection":[{"href":"https:\/\/adidascombat.md\/ro\/wp-json\/wp\/v2\/product"}],"about":[{"href":"https:\/\/adidascombat.md\/ro\/wp-json\/wp\/v2\/types\/product"}],"replies":[{"embeddable":true,"href":"https:\/\/adidascombat.md\/ro\/wp-json\/wp\/v2\/comments?post=39305"}],"version-history":[{"count":1,"href":"https:\/\/adidascombat.md\/ro\/wp-json\/wp\/v2\/product\/39305\/revisions"}],"predecessor-version":[{"id":39309,"href":"https:\/\/adidascombat.md\/ro\/wp-json\/wp\/v2\/product\/39305\/revisions\/39309"}],"wp:featuredmedia":[{"embeddable":true,"href":"https:\/\/adidascombat.md\/ro\/wp-json\/wp\/v2\/media\/39302"}],"wp:attachment":[{"href":"https:\/\/adidascombat.md\/ro\/wp-json\/wp\/v2\/media?parent=39305"}],"wp:term":[{"taxonomy":"product_brand","embeddable":true,"href":"https:\/\/adidascombat.md\/ro\/wp-json\/wp\/v2\/product_brand?post=39305"},{"taxonomy":"product_cat","embeddable":true,"href":"https:\/\/adidascombat.md\/ro\/wp-json\/wp\/v2\/product_cat?post=39305"},{"taxonomy":"product_tag","embeddable":true,"href":"https:\/\/adidascombat.md\/ro\/wp-json\/wp\/v2\/product_tag?post=39305"}],"curies":[{"name":"wp","href":"https:\/\/api.w.org\/{rel}","templated":true}]}}