{"id":39389,"date":"2026-03-02T13:43:29","date_gmt":"2026-03-02T13:43:29","guid":{"rendered":"https:\/\/adidascombat.md\/product\/%d1%80%d0%b0%d0%bd%d0%b3-rashguard-pro-%d0%ba%d0%be%d1%80%d0%be%d1%82%d0%ba%d0%b8%d0%b9-%d1%80%d1%83%d0%ba%d0%b0%d0%b2-%d1%84%d0%b8%d0%be%d0%bb%d0%b5%d1%82%d0%be%d0%b2%d1%8b%d0%b9\/"},"modified":"2026-03-02T13:44:44","modified_gmt":"2026-03-02T13:44:44","slug":"%d1%80%d0%b0%d0%bd%d0%b3-rashguard-pro-%d0%ba%d0%be%d1%80%d0%be%d1%82%d0%ba%d0%b8%d0%b9-%d1%80%d1%83%d0%ba%d0%b0%d0%b2-%d1%84%d0%b8%d0%be%d0%bb%d0%b5%d1%82%d0%be%d0%b2%d1%8b%d0%b9","status":"publish","type":"product","link":"https:\/\/adidascombat.md\/ro\/Produs\/%d1%80%d0%b0%d0%bd%d0%b3-rashguard-pro-%d0%ba%d0%be%d1%80%d0%be%d1%82%d0%ba%d0%b8%d0%b9-%d1%80%d1%83%d0%ba%d0%b0%d0%b2-%d1%84%d0%b8%d0%be%d0%bb%d0%b5%d1%82%d0%be%d0%b2%d1%8b%d0%b9\/","title":{"rendered":"Rashguard Rank Pro cu m\u00e2nec\u0103 scurt\u0103, violet"},"content":{"rendered":"<p>Clasament rashguard conform recomand\u0103rilor IBJJF. Ca centur\u0103 albastr\u0103 \u00een BJJ, dac\u0103 lup\u021bi \u00eentr-un no-gi (adic\u0103 f\u0103r\u0103 un costum de jiu-jitsu brazilian), trebuie s\u0103 por\u021bi un rashguard \u00een care un anumit procent din culoarea centurii se potrive\u0219te cu culoarea centurii atletului. Acest rashguard cu centur\u0103 albastr\u0103 \u00eendepline\u0219te exact aceste criterii. Desigur, poate fi purtat \u0219i \u00een urm\u0103toarele sporturi: &#8211; Lupt\u0103 liber\u0103 &#8211; Grappling &#8211; Luta Livre &#8211; Lupte prin submisiune &#8211; Arte mar\u021biale mixte (MMA) &#8211; Jiu-Jitsu brazilian &#8211; Antrenament realist No-Gi.<\/p>\n<p>Tricoul este ideal \u0219i pentru a fi purtat sub gi: este fabricat din 80% poliester \u0219i 20% elastan, elimin\u00e2nd optim transpira\u021bia de la corp, men\u021bin\u00e2nd corpul uscat. Compresia men\u021bine un tonus muscular ridicat, ceea ce sus\u021bine constant performan\u021ba.<\/p>\n<p>Designul simplu \u0219i la mod\u0103 face din acest tricou un articol vestimentar excelent, ideal pentru surfing \u0219i alte sporturi.<\/p>\n<p><strong>Caracteristici speciale:<\/strong><br \/>\nSuper-func\u021bional, elimin\u0103 transpira\u021bia de la corp<br \/>\nMen\u021bine temperatura optim\u0103 a corpului<br \/>\nToate echipamentul de protec\u021bie \u00eempotriva erup\u021biilor cutanate Ju-Sports Design este complet sublimat pentru a asigura o durabilitate perfect\u0103.<\/p>\n","protected":false},"excerpt":{"rendered":"<p>Clasament rashguard conform recomand\u0103rilor IBJJF. Ca centur\u0103 albastr\u0103 \u00een BJJ, dac\u0103 lup\u021bi \u00eentr-un no-gi (adic\u0103 f\u0103r\u0103 un costum de jiu-jitsu<\/p>\n","protected":false},"featured_media":39383,"comment_status":"open","ping_status":"closed","template":"","meta":[],"product_brand":[],"product_cat":[785,801,789,815,875,880],"product_tag":[],"class_list":{"0":"post-39389","1":"product","2":"type-product","3":"status-publish","4":"has-post-thumbnail","6":"product_cat-adidas-bjj-ro","7":"product_cat-adidas-ju-jutsu","8":"product_cat-imbracaminte-antrenament-6","9":"product_cat-imbracaminte-incaltaminte-ro-7","10":"product_cat-mmafreefight-thaiboxing","11":"product_cat-rash-guards-ro","13":"first","14":"instock","15":"shipping-taxable","16":"purchasable","17":"product-type-variable"},"_links":{"self":[{"href":"https:\/\/adidascombat.md\/ro\/wp-json\/wp\/v2\/product\/39389","targetHints":{"allow":["GET"]}}],"collection":[{"href":"https:\/\/adidascombat.md\/ro\/wp-json\/wp\/v2\/product"}],"about":[{"href":"https:\/\/adidascombat.md\/ro\/wp-json\/wp\/v2\/types\/product"}],"replies":[{"embeddable":true,"href":"https:\/\/adidascombat.md\/ro\/wp-json\/wp\/v2\/comments?post=39389"}],"version-history":[{"count":1,"href":"https:\/\/adidascombat.md\/ro\/wp-json\/wp\/v2\/product\/39389\/revisions"}],"predecessor-version":[{"id":39395,"href":"https:\/\/adidascombat.md\/ro\/wp-json\/wp\/v2\/product\/39389\/revisions\/39395"}],"wp:featuredmedia":[{"embeddable":true,"href":"https:\/\/adidascombat.md\/ro\/wp-json\/wp\/v2\/media\/39383"}],"wp:attachment":[{"href":"https:\/\/adidascombat.md\/ro\/wp-json\/wp\/v2\/media?parent=39389"}],"wp:term":[{"taxonomy":"product_brand","embeddable":true,"href":"https:\/\/adidascombat.md\/ro\/wp-json\/wp\/v2\/product_brand?post=39389"},{"taxonomy":"product_cat","embeddable":true,"href":"https:\/\/adidascombat.md\/ro\/wp-json\/wp\/v2\/product_cat?post=39389"},{"taxonomy":"product_tag","embeddable":true,"href":"https:\/\/adidascombat.md\/ro\/wp-json\/wp\/v2\/product_tag?post=39389"}],"curies":[{"name":"wp","href":"https:\/\/api.w.org\/{rel}","templated":true}]}}