{"id":39467,"date":"2026-03-02T15:13:30","date_gmt":"2026-03-02T15:13:30","guid":{"rendered":"https:\/\/adidascombat.md\/product\/%d0%b4%d0%b5%d1%82%d1%81%d0%ba%d0%be%d0%b5-%d0%ba%d0%be%d0%bc%d0%bf%d1%80%d0%b5%d1%81%d1%81%d0%b8%d0%be%d0%bd%d0%bd%d0%be%d0%b5-%d0%bd%d0%b8%d0%b6%d0%bd%d0%b5%d0%b5-%d0%b1%d0%b5%d0%bb%d1%8c%d0%b5\/"},"modified":"2026-03-02T15:16:09","modified_gmt":"2026-03-02T15:16:09","slug":"%d0%b4%d0%b5%d1%82%d1%81%d0%ba%d0%be%d0%b5-%d0%ba%d0%be%d0%bc%d0%bf%d1%80%d0%b5%d1%81%d1%81%d0%b8%d0%be%d0%bd%d0%bd%d0%be%d0%b5-%d0%bd%d0%b8%d0%b6%d0%bd%d0%b5%d0%b5-%d0%b1%d0%b5%d0%bb%d1%8c%d0%b5","status":"publish","type":"product","link":"https:\/\/adidascombat.md\/ro\/Produs\/%d0%b4%d0%b5%d1%82%d1%81%d0%ba%d0%be%d0%b5-%d0%ba%d0%be%d0%bc%d0%bf%d1%80%d0%b5%d1%81%d1%81%d0%b8%d0%be%d0%bd%d0%bd%d0%be%d0%b5-%d0%bd%d0%b8%d0%b6%d0%bd%d0%b5%d0%b5-%d0%b1%d0%b5%d0%bb%d1%8c%d0%b5\/","title":{"rendered":"Lenjerie intim\u0103 compresiv\u0103 pentru copii"},"content":{"rendered":"<p>Tricoul nostru compresiv special conceput pentru copii este ideal pentru tinerii sportivi care practic\u0103 arte mar\u021biale &#8211; fie c\u0103 este vorba de jiu-jitsu, jiu-jitsu brazilian (BJJ), judo, karate sau taekwondo. Ofer\u0103 confort optim, protec\u021bie \u0219i libertate de mi\u0219care sub gi.<\/p>\n<p><strong>Caracteristici:<\/strong><\/p>\n<ul>\n<li>Croial\u0103 perfect\u0103 \u0219i respirabilitate &#8211; sus\u021bine mu\u0219chii \u0219i promoveaz\u0103 circula\u021bia<\/li>\n<li>Material u\u0219or, care absoarbe umezeala &#8211; men\u021bine pielea uscat\u0103 chiar \u0219i \u00een timpul antrenamentelor intense<\/li>\n<li>Confort f\u0103r\u0103 cus\u0103turi &#8211; cus\u0103turile plate previn frecarea \u0219i irita\u021biile<\/li>\n<li>Elasticitate ridicat\u0103 &#8211; permite libertate complet\u0103 de mi\u0219care \u00een timpul tuturor tehnicilor \u0219i tranzi\u021biilor<\/li>\n<li>Rezistent \u0219i durabil &#8211; rezist\u0103 contactului cu o saltea dur\u0103 \u0219i sp\u0103l\u0103rilor frecvente<\/li>\n<li>Potrivire perfect\u0103 sub gi &#8211; antiderapant, nu adaug\u0103 volum<\/li>\n<li>\u00centre\u021binere u\u0219oar\u0103: Sp\u0103lare la ma\u0219in\u0103 la 30\u00b0C<\/li>\n<li>Material: Material mixt elastic de \u00eenalt\u0103 calitate (80% poliester, 20% elastan)<\/li>\n<\/ul>\n","protected":false},"excerpt":{"rendered":"<p>Tricoul nostru compresiv special conceput pentru copii este ideal pentru tinerii sportivi care practic\u0103 arte mar\u021biale &#8211; fie c\u0103 este<\/p>\n","protected":false},"featured_media":39459,"comment_status":"open","ping_status":"closed","template":"","meta":[],"product_brand":[],"product_cat":[785,801,789,815,875,880],"product_tag":[],"class_list":{"0":"post-39467","1":"product","2":"type-product","3":"status-publish","4":"has-post-thumbnail","6":"product_cat-adidas-bjj-ro","7":"product_cat-adidas-ju-jutsu","8":"product_cat-imbracaminte-antrenament-6","9":"product_cat-imbracaminte-incaltaminte-ro-7","10":"product_cat-mmafreefight-thaiboxing","11":"product_cat-rash-guards-ro","13":"first","14":"instock","15":"shipping-taxable","16":"purchasable","17":"product-type-variable"},"_links":{"self":[{"href":"https:\/\/adidascombat.md\/ro\/wp-json\/wp\/v2\/product\/39467","targetHints":{"allow":["GET"]}}],"collection":[{"href":"https:\/\/adidascombat.md\/ro\/wp-json\/wp\/v2\/product"}],"about":[{"href":"https:\/\/adidascombat.md\/ro\/wp-json\/wp\/v2\/types\/product"}],"replies":[{"embeddable":true,"href":"https:\/\/adidascombat.md\/ro\/wp-json\/wp\/v2\/comments?post=39467"}],"version-history":[{"count":2,"href":"https:\/\/adidascombat.md\/ro\/wp-json\/wp\/v2\/product\/39467\/revisions"}],"predecessor-version":[{"id":39473,"href":"https:\/\/adidascombat.md\/ro\/wp-json\/wp\/v2\/product\/39467\/revisions\/39473"}],"wp:featuredmedia":[{"embeddable":true,"href":"https:\/\/adidascombat.md\/ro\/wp-json\/wp\/v2\/media\/39459"}],"wp:attachment":[{"href":"https:\/\/adidascombat.md\/ro\/wp-json\/wp\/v2\/media?parent=39467"}],"wp:term":[{"taxonomy":"product_brand","embeddable":true,"href":"https:\/\/adidascombat.md\/ro\/wp-json\/wp\/v2\/product_brand?post=39467"},{"taxonomy":"product_cat","embeddable":true,"href":"https:\/\/adidascombat.md\/ro\/wp-json\/wp\/v2\/product_cat?post=39467"},{"taxonomy":"product_tag","embeddable":true,"href":"https:\/\/adidascombat.md\/ro\/wp-json\/wp\/v2\/product_tag?post=39467"}],"curies":[{"name":"wp","href":"https:\/\/api.w.org\/{rel}","templated":true}]}}