{"id":39485,"date":"2026-03-02T15:22:09","date_gmt":"2026-03-02T15:22:09","guid":{"rendered":"https:\/\/adidascombat.md\/product\/fight-short-contact-sports\/"},"modified":"2026-03-02T15:36:05","modified_gmt":"2026-03-02T15:36:05","slug":"fight-short-contact-sports","status":"publish","type":"product","link":"https:\/\/adidascombat.md\/ro\/Produs\/fight-short-contact-sports\/","title":{"rendered":"Fight Short Contact Sports"},"content":{"rendered":"<p>Pantaloni de lupt\u0103 concepu\u021bi pentru urm\u0103toarele sporturi: &#8211; Freefighting &#8211; Grappling &#8211; Luta Livre &#8211; Suicide Wrestling &#8211; Arte Mar\u021biale Mixte (MMA) &#8211; Antrenament realist f\u0103r\u0103 gimnastic\u0103<\/p>\n<p><strong>Caracteristici:<\/strong><\/p>\n<ul>\n<li><span class=\"HwtZe\" lang=\"ro\"><span class=\"jCAhz ChMk0b\"><span class=\"ryNqvb\">\u00a0Material: 80% poliester, 20% elastan <\/span><\/span><\/span><\/li>\n<li><span class=\"HwtZe\" lang=\"ro\"><span class=\"jCAhz ChMk0b\"><span class=\"ryNqvb\">Ideali pentru purtarea de protec\u021bii inghinale <\/span><\/span><\/span><\/li>\n<li><span class=\"HwtZe\" lang=\"ro\"><span class=\"jCAhz ChMk0b\"><span class=\"ryNqvb\">Croial\u0103 confortabil\u0103 \u0219i lejer\u0103 pentru o gam\u0103 optim\u0103 de mi\u0219care la lovituri <\/span><\/span><\/span><\/li>\n<li><span class=\"HwtZe\" lang=\"ro\"><span class=\"jCAhz ChMk0b\"><span class=\"ryNqvb\">Potrivi\u021bi \u0219i pentru purtare zilnic\u0103 <\/span><\/span><\/span><\/li>\n<li><span class=\"HwtZe\" lang=\"ro\"><span class=\"jCAhz ChMk0b\"><span class=\"ryNqvb\">Pentru antrenament realist f\u0103r\u0103 gimnastic\u0103<\/span><\/span><\/span><\/li>\n<\/ul>\n","protected":false},"excerpt":{"rendered":"<p>Pantaloni de lupt\u0103 concepu\u021bi pentru urm\u0103toarele sporturi: &#8211; Freefighting &#8211; Grappling &#8211; Luta Livre &#8211; Suicide Wrestling &#8211; Arte Mar\u021biale<\/p>\n","protected":false},"featured_media":39480,"comment_status":"open","ping_status":"closed","template":"","meta":[],"product_brand":[],"product_cat":[785,801,789,815,875,878],"product_tag":[],"class_list":{"0":"post-39485","1":"product","2":"type-product","3":"status-publish","4":"has-post-thumbnail","6":"product_cat-adidas-bjj-ro","7":"product_cat-adidas-ju-jutsu","8":"product_cat-imbracaminte-antrenament-6","9":"product_cat-imbracaminte-incaltaminte-ro-7","10":"product_cat-mmafreefight-thaiboxing","11":"product_cat-sorti-13","13":"first","14":"instock","15":"shipping-taxable","16":"purchasable","17":"product-type-variable"},"_links":{"self":[{"href":"https:\/\/adidascombat.md\/ro\/wp-json\/wp\/v2\/product\/39485","targetHints":{"allow":["GET"]}}],"collection":[{"href":"https:\/\/adidascombat.md\/ro\/wp-json\/wp\/v2\/product"}],"about":[{"href":"https:\/\/adidascombat.md\/ro\/wp-json\/wp\/v2\/types\/product"}],"replies":[{"embeddable":true,"href":"https:\/\/adidascombat.md\/ro\/wp-json\/wp\/v2\/comments?post=39485"}],"version-history":[{"count":2,"href":"https:\/\/adidascombat.md\/ro\/wp-json\/wp\/v2\/product\/39485\/revisions"}],"predecessor-version":[{"id":39490,"href":"https:\/\/adidascombat.md\/ro\/wp-json\/wp\/v2\/product\/39485\/revisions\/39490"}],"wp:featuredmedia":[{"embeddable":true,"href":"https:\/\/adidascombat.md\/ro\/wp-json\/wp\/v2\/media\/39480"}],"wp:attachment":[{"href":"https:\/\/adidascombat.md\/ro\/wp-json\/wp\/v2\/media?parent=39485"}],"wp:term":[{"taxonomy":"product_brand","embeddable":true,"href":"https:\/\/adidascombat.md\/ro\/wp-json\/wp\/v2\/product_brand?post=39485"},{"taxonomy":"product_cat","embeddable":true,"href":"https:\/\/adidascombat.md\/ro\/wp-json\/wp\/v2\/product_cat?post=39485"},{"taxonomy":"product_tag","embeddable":true,"href":"https:\/\/adidascombat.md\/ro\/wp-json\/wp\/v2\/product_tag?post=39485"}],"curies":[{"name":"wp","href":"https:\/\/api.w.org\/{rel}","templated":true}]}}