{"id":39609,"date":"2026-03-02T16:27:20","date_gmt":"2026-03-02T16:27:20","guid":{"rendered":"https:\/\/adidascombat.md\/product\/base-line-rashguard-%d0%b4%d0%bb%d0%b8%d0%bd%d0%bd%d1%8b%d0%b9-%d1%80%d1%83%d0%ba%d0%b0%d0%b2\/"},"modified":"2026-03-02T16:29:25","modified_gmt":"2026-03-02T16:29:25","slug":"base-line-rashguard-%d0%b4%d0%bb%d0%b8%d0%bd%d0%bd%d1%8b%d0%b9-%d1%80%d1%83%d0%ba%d0%b0%d0%b2","status":"publish","type":"product","link":"https:\/\/adidascombat.md\/ro\/Produs\/base-line-rashguard-%d0%b4%d0%bb%d0%b8%d0%bd%d0%bd%d1%8b%d0%b9-%d1%80%d1%83%d0%ba%d0%b0%d0%b2\/","title":{"rendered":"Rashguard Base Line cu m\u00e2nec\u0103 lung\u0103"},"content":{"rendered":"<p>Un clasic atemporal cu un design discret pentru antrenamentele de zi cu zi.<\/p>\n<ul>\n<li>Cus\u0103turi multifunc\u021bionale<\/li>\n<li>87% poliester, 13% elastan<\/li>\n<li>Culori: albastru, negru, ro\u0219u.<\/li>\n<\/ul>\n","protected":false},"excerpt":{"rendered":"<p>Un clasic atemporal cu un design discret pentru antrenamentele de zi cu zi. Cus\u0103turi multifunc\u021bionale 87% poliester, 13% elastan Culori:<\/p>\n","protected":false},"featured_media":39580,"comment_status":"open","ping_status":"closed","template":"","meta":[],"product_brand":[],"product_cat":[785,801,789,815],"product_tag":[],"class_list":{"0":"post-39609","1":"product","2":"type-product","3":"status-publish","4":"has-post-thumbnail","6":"product_cat-adidas-bjj-ro","7":"product_cat-adidas-ju-jutsu","8":"product_cat-imbracaminte-antrenament-6","9":"product_cat-imbracaminte-incaltaminte-ro-7","11":"first","12":"instock","13":"shipping-taxable","14":"purchasable","15":"product-type-variable"},"_links":{"self":[{"href":"https:\/\/adidascombat.md\/ro\/wp-json\/wp\/v2\/product\/39609","targetHints":{"allow":["GET"]}}],"collection":[{"href":"https:\/\/adidascombat.md\/ro\/wp-json\/wp\/v2\/product"}],"about":[{"href":"https:\/\/adidascombat.md\/ro\/wp-json\/wp\/v2\/types\/product"}],"replies":[{"embeddable":true,"href":"https:\/\/adidascombat.md\/ro\/wp-json\/wp\/v2\/comments?post=39609"}],"version-history":[{"count":2,"href":"https:\/\/adidascombat.md\/ro\/wp-json\/wp\/v2\/product\/39609\/revisions"}],"predecessor-version":[{"id":39623,"href":"https:\/\/adidascombat.md\/ro\/wp-json\/wp\/v2\/product\/39609\/revisions\/39623"}],"wp:featuredmedia":[{"embeddable":true,"href":"https:\/\/adidascombat.md\/ro\/wp-json\/wp\/v2\/media\/39580"}],"wp:attachment":[{"href":"https:\/\/adidascombat.md\/ro\/wp-json\/wp\/v2\/media?parent=39609"}],"wp:term":[{"taxonomy":"product_brand","embeddable":true,"href":"https:\/\/adidascombat.md\/ro\/wp-json\/wp\/v2\/product_brand?post=39609"},{"taxonomy":"product_cat","embeddable":true,"href":"https:\/\/adidascombat.md\/ro\/wp-json\/wp\/v2\/product_cat?post=39609"},{"taxonomy":"product_tag","embeddable":true,"href":"https:\/\/adidascombat.md\/ro\/wp-json\/wp\/v2\/product_tag?post=39609"}],"curies":[{"name":"wp","href":"https:\/\/api.w.org\/{rel}","templated":true}]}}