{"id":39767,"date":"2026-03-02T17:28:21","date_gmt":"2026-03-02T17:28:21","guid":{"rendered":"https:\/\/adidascombat.md\/product\/dark-line-rashguard-%d1%81-%d0%ba%d0%be%d1%80%d0%be%d1%82%d0%ba%d0%b8%d0%bc-%d1%80%d1%83%d0%ba%d0%b0%d0%b2%d0%be%d0%bc-%d1%87%d0%b5%d1%80%d0%b5%d0%bf\/"},"modified":"2026-03-02T17:30:08","modified_gmt":"2026-03-02T17:30:08","slug":"dark-line-rashguard-%d1%81-%d0%ba%d0%be%d1%80%d0%be%d1%82%d0%ba%d0%b8%d0%bc-%d1%80%d1%83%d0%ba%d0%b0%d0%b2%d0%be%d0%bc-%d1%87%d0%b5%d1%80%d0%b5%d0%bf","status":"publish","type":"product","link":"https:\/\/adidascombat.md\/ro\/Produs\/dark-line-rashguard-%d1%81-%d0%ba%d0%be%d1%80%d0%be%d1%82%d0%ba%d0%b8%d0%bc-%d1%80%d1%83%d0%ba%d0%b0%d0%b2%d0%be%d0%bc-%d1%87%d0%b5%d1%80%d0%b5%d0%bf\/","title":{"rendered":"Rashguard cu m\u00e2nec\u0103 scurt\u0103 Dark Line Skull"},"content":{"rendered":"<p>Rashguard cu m\u00e2nec\u0103 scurt\u0103 de la Ju-Sports.<\/p>\n<p>Acest design fantastic este complet sublimat pentru o durabilitate maxim\u0103.<br \/>\nAcest rashguard te protejeaz\u0103 de abraziuni \u00een timpul luptelor sau antrenamentelor.<br \/>\nNoua band\u0103 antiderapant\u0103 de la Ju-Sports se \u00eentinde de-a lungul tivului pentru a men\u021bine rashguard-ul la locul s\u0103u \u00een timpul exerci\u021biilor fizice.<br \/>\nCroiala r\u0103m\u00e2ne atletic\u0103, iar tricoul este, de asemenea, pu\u021bin mai lung.<\/p>\n<p>Datorit\u0103 materialului elastic \u00een patru direc\u021bii, tricoul se potrive\u0219te optim \u0219i men\u021bine tonusul muscular.<br \/>\nTranspira\u021bia este eliminat\u0103, men\u021bin\u00e2nd corpul uscat \u00een timpul antrenamentului.<\/p>\n<p>87% poliester, 13% elastan<\/p>\n<p><strong>Caracteristici speciale:<\/strong><\/p>\n<ul>\n<li>Super-func\u021bional, elimin\u0103 transpira\u021bia<\/li>\n<li>Men\u021bine temperatura optim\u0103 a corpului<\/li>\n<li>Toate rashguard-urile Ju-Sports Design sunt complet sublimate pentru a asigura o durabilitate perfect\u0103.<\/li>\n<\/ul>\n","protected":false},"excerpt":{"rendered":"<p>Rashguard cu m\u00e2nec\u0103 scurt\u0103 de la Ju-Sports. Acest design fantastic este complet sublimat pentru o durabilitate maxim\u0103. Acest rashguard te<\/p>\n","protected":false},"featured_media":39756,"comment_status":"open","ping_status":"closed","template":"","meta":[],"product_brand":[],"product_cat":[785,801,789,815,875,880],"product_tag":[],"class_list":{"0":"post-39767","1":"product","2":"type-product","3":"status-publish","4":"has-post-thumbnail","6":"product_cat-adidas-bjj-ro","7":"product_cat-adidas-ju-jutsu","8":"product_cat-imbracaminte-antrenament-6","9":"product_cat-imbracaminte-incaltaminte-ro-7","10":"product_cat-mmafreefight-thaiboxing","11":"product_cat-rash-guards-ro","13":"first","14":"instock","15":"shipping-taxable","16":"purchasable","17":"product-type-variable"},"_links":{"self":[{"href":"https:\/\/adidascombat.md\/ro\/wp-json\/wp\/v2\/product\/39767","targetHints":{"allow":["GET"]}}],"collection":[{"href":"https:\/\/adidascombat.md\/ro\/wp-json\/wp\/v2\/product"}],"about":[{"href":"https:\/\/adidascombat.md\/ro\/wp-json\/wp\/v2\/types\/product"}],"replies":[{"embeddable":true,"href":"https:\/\/adidascombat.md\/ro\/wp-json\/wp\/v2\/comments?post=39767"}],"version-history":[{"count":2,"href":"https:\/\/adidascombat.md\/ro\/wp-json\/wp\/v2\/product\/39767\/revisions"}],"predecessor-version":[{"id":39773,"href":"https:\/\/adidascombat.md\/ro\/wp-json\/wp\/v2\/product\/39767\/revisions\/39773"}],"wp:featuredmedia":[{"embeddable":true,"href":"https:\/\/adidascombat.md\/ro\/wp-json\/wp\/v2\/media\/39756"}],"wp:attachment":[{"href":"https:\/\/adidascombat.md\/ro\/wp-json\/wp\/v2\/media?parent=39767"}],"wp:term":[{"taxonomy":"product_brand","embeddable":true,"href":"https:\/\/adidascombat.md\/ro\/wp-json\/wp\/v2\/product_brand?post=39767"},{"taxonomy":"product_cat","embeddable":true,"href":"https:\/\/adidascombat.md\/ro\/wp-json\/wp\/v2\/product_cat?post=39767"},{"taxonomy":"product_tag","embeddable":true,"href":"https:\/\/adidascombat.md\/ro\/wp-json\/wp\/v2\/product_tag?post=39767"}],"curies":[{"name":"wp","href":"https:\/\/api.w.org\/{rel}","templated":true}]}}