{"id":40082,"date":"2026-03-09T10:05:45","date_gmt":"2026-03-09T10:05:45","guid":{"rendered":"https:\/\/adidascombat.md\/product\/rashguard-dv4-%d0%b4%d0%bb%d0%b8%d0%bd%d0%bd%d1%8b%d0%b9-%d1%80%d1%83%d0%ba%d0%b0%d0%b2-%d0%b7%d0%b5%d0%bb%d1%91%d0%bd%d1%8b%d0%b9\/"},"modified":"2026-03-09T10:07:09","modified_gmt":"2026-03-09T10:07:09","slug":"rashguard-dv4-%d0%b4%d0%bb%d0%b8%d0%bd%d0%bd%d1%8b%d0%b9-%d1%80%d1%83%d0%ba%d0%b0%d0%b2-%d0%b7%d0%b5%d0%bb%d1%91%d0%bd%d1%8b%d0%b9","status":"publish","type":"product","link":"https:\/\/adidascombat.md\/ro\/Produs\/rashguard-dv4-%d0%b4%d0%bb%d0%b8%d0%bd%d0%bd%d1%8b%d0%b9-%d1%80%d1%83%d0%ba%d0%b0%d0%b2-%d0%b7%d0%b5%d0%bb%d1%91%d0%bd%d1%8b%d0%b9\/","title":{"rendered":"Rashguard DV4 cu m\u00e2nec\u0103 lung\u0103, verde"},"content":{"rendered":"<p>Linia noastr\u0103 premium pentru picioarele tale.<br \/>\nMaterial foarte confortabil.<br \/>\nDesignul segmentat previne solicitarea excesiv\u0103.<br \/>\nPanourile laterale de ventila\u021bie integrate asigur\u0103 r\u0103cire.<br \/>\n87% poliester, 13% elastan<\/p>\n","protected":false},"excerpt":{"rendered":"<p>Linia noastr\u0103 premium pentru picioarele tale. Material foarte confortabil. Designul segmentat previne solicitarea excesiv\u0103. Panourile laterale de ventila\u021bie integrate asigur\u0103<\/p>\n","protected":false},"featured_media":40067,"comment_status":"open","ping_status":"closed","template":"","meta":[],"product_brand":[],"product_cat":[785,801,789,815,875,880],"product_tag":[],"class_list":{"0":"post-40082","1":"product","2":"type-product","3":"status-publish","4":"has-post-thumbnail","6":"product_cat-adidas-bjj-ro","7":"product_cat-adidas-ju-jutsu","8":"product_cat-imbracaminte-antrenament-6","9":"product_cat-imbracaminte-incaltaminte-ro-7","10":"product_cat-mmafreefight-thaiboxing","11":"product_cat-rash-guards-ro","13":"first","14":"instock","15":"shipping-taxable","16":"purchasable","17":"product-type-variable"},"_links":{"self":[{"href":"https:\/\/adidascombat.md\/ro\/wp-json\/wp\/v2\/product\/40082","targetHints":{"allow":["GET"]}}],"collection":[{"href":"https:\/\/adidascombat.md\/ro\/wp-json\/wp\/v2\/product"}],"about":[{"href":"https:\/\/adidascombat.md\/ro\/wp-json\/wp\/v2\/types\/product"}],"replies":[{"embeddable":true,"href":"https:\/\/adidascombat.md\/ro\/wp-json\/wp\/v2\/comments?post=40082"}],"version-history":[{"count":1,"href":"https:\/\/adidascombat.md\/ro\/wp-json\/wp\/v2\/product\/40082\/revisions"}],"predecessor-version":[{"id":40087,"href":"https:\/\/adidascombat.md\/ro\/wp-json\/wp\/v2\/product\/40082\/revisions\/40087"}],"wp:featuredmedia":[{"embeddable":true,"href":"https:\/\/adidascombat.md\/ro\/wp-json\/wp\/v2\/media\/40067"}],"wp:attachment":[{"href":"https:\/\/adidascombat.md\/ro\/wp-json\/wp\/v2\/media?parent=40082"}],"wp:term":[{"taxonomy":"product_brand","embeddable":true,"href":"https:\/\/adidascombat.md\/ro\/wp-json\/wp\/v2\/product_brand?post=40082"},{"taxonomy":"product_cat","embeddable":true,"href":"https:\/\/adidascombat.md\/ro\/wp-json\/wp\/v2\/product_cat?post=40082"},{"taxonomy":"product_tag","embeddable":true,"href":"https:\/\/adidascombat.md\/ro\/wp-json\/wp\/v2\/product_tag?post=40082"}],"curies":[{"name":"wp","href":"https:\/\/api.w.org\/{rel}","templated":true}]}}