{"id":40165,"date":"2026-03-09T10:18:45","date_gmt":"2026-03-09T10:18:45","guid":{"rendered":"https:\/\/adidascombat.md\/product\/%d1%80%d0%b0%d0%bd%d0%b3-rashguard-rv2-%d0%ba%d0%be%d1%80%d0%be%d1%82%d0%ba%d0%b8%d0%b9-%d1%80%d1%83%d0%ba%d0%b0%d0%b2-%d0%b1%d0%b5%d0%bb%d1%8b%d0%b9\/"},"modified":"2026-03-09T10:20:15","modified_gmt":"2026-03-09T10:20:15","slug":"%d1%80%d0%b0%d0%bd%d0%b3-rashguard-rv2-%d0%ba%d0%be%d1%80%d0%be%d1%82%d0%ba%d0%b8%d0%b9-%d1%80%d1%83%d0%ba%d0%b0%d0%b2-%d0%b1%d0%b5%d0%bb%d1%8b%d0%b9","status":"publish","type":"product","link":"https:\/\/adidascombat.md\/ro\/Produs\/%d1%80%d0%b0%d0%bd%d0%b3-rashguard-rv2-%d0%ba%d0%be%d1%80%d0%be%d1%82%d0%ba%d0%b8%d0%b9-%d1%80%d1%83%d0%ba%d0%b0%d0%b2-%d0%b1%d0%b5%d0%bb%d1%8b%d0%b9\/","title":{"rendered":"Rashguard RV2 cu m\u00e2nec\u0103 scurt\u0103, alb"},"content":{"rendered":"<p>Arat\u0103-\u021bi progresul \u00een Jiu-Jitsu brazilian cu echipamentul nostru de protec\u021bie rashguard clasificat.<\/p>\n<p><strong>Caracteristici speciale:<\/strong><br \/>\nAmestec de materiale extrem de confortabil: 87% poliester, 13% elastan<br \/>\nConstruc\u021bia segmentat\u0103 previne \u00eentinderea excesiv\u0103<br \/>\nPanourile de ventila\u021bie integrate sub axile ofer\u0103 r\u0103cire<br \/>\nCompresie optim\u0103 pentru un tonus muscular optim<br \/>\nSublimarea complet\u0103 asigur\u0103 o durabilitate de lung\u0103 durat\u0103<\/p>\n","protected":false},"excerpt":{"rendered":"<p>Arat\u0103-\u021bi progresul \u00een Jiu-Jitsu brazilian cu echipamentul nostru de protec\u021bie rashguard clasificat. Caracteristici speciale: Amestec de materiale extrem de confortabil:<\/p>\n","protected":false},"featured_media":40150,"comment_status":"open","ping_status":"closed","template":"","meta":[],"product_brand":[],"product_cat":[785,801,789,815,875,880],"product_tag":[],"class_list":{"0":"post-40165","1":"product","2":"type-product","3":"status-publish","4":"has-post-thumbnail","6":"product_cat-adidas-bjj-ro","7":"product_cat-adidas-ju-jutsu","8":"product_cat-imbracaminte-antrenament-6","9":"product_cat-imbracaminte-incaltaminte-ro-7","10":"product_cat-mmafreefight-thaiboxing","11":"product_cat-rash-guards-ro","13":"first","14":"instock","15":"shipping-taxable","16":"purchasable","17":"product-type-variable"},"_links":{"self":[{"href":"https:\/\/adidascombat.md\/ro\/wp-json\/wp\/v2\/product\/40165","targetHints":{"allow":["GET"]}}],"collection":[{"href":"https:\/\/adidascombat.md\/ro\/wp-json\/wp\/v2\/product"}],"about":[{"href":"https:\/\/adidascombat.md\/ro\/wp-json\/wp\/v2\/types\/product"}],"replies":[{"embeddable":true,"href":"https:\/\/adidascombat.md\/ro\/wp-json\/wp\/v2\/comments?post=40165"}],"version-history":[{"count":1,"href":"https:\/\/adidascombat.md\/ro\/wp-json\/wp\/v2\/product\/40165\/revisions"}],"predecessor-version":[{"id":40172,"href":"https:\/\/adidascombat.md\/ro\/wp-json\/wp\/v2\/product\/40165\/revisions\/40172"}],"wp:featuredmedia":[{"embeddable":true,"href":"https:\/\/adidascombat.md\/ro\/wp-json\/wp\/v2\/media\/40150"}],"wp:attachment":[{"href":"https:\/\/adidascombat.md\/ro\/wp-json\/wp\/v2\/media?parent=40165"}],"wp:term":[{"taxonomy":"product_brand","embeddable":true,"href":"https:\/\/adidascombat.md\/ro\/wp-json\/wp\/v2\/product_brand?post=40165"},{"taxonomy":"product_cat","embeddable":true,"href":"https:\/\/adidascombat.md\/ro\/wp-json\/wp\/v2\/product_cat?post=40165"},{"taxonomy":"product_tag","embeddable":true,"href":"https:\/\/adidascombat.md\/ro\/wp-json\/wp\/v2\/product_tag?post=40165"}],"curies":[{"name":"wp","href":"https:\/\/api.w.org\/{rel}","templated":true}]}}