{"id":40427,"date":"2026-03-09T10:54:20","date_gmt":"2026-03-09T10:54:20","guid":{"rendered":"https:\/\/adidascombat.md\/?post_type=product&#038;p=40427"},"modified":"2026-03-09T10:57:00","modified_gmt":"2026-03-09T10:57:00","slug":"tricou-rashguard-dv4-cu-maneca-scurta-violet-auriu-%d0%ba%d0%be%d0%bf%d0%b8%d1%80%d0%be%d0%b2%d0%b0%d1%82%d1%8c","status":"publish","type":"product","link":"https:\/\/adidascombat.md\/ro\/Produs\/tricou-rashguard-dv4-cu-maneca-scurta-violet-auriu-%d0%ba%d0%be%d0%bf%d0%b8%d1%80%d0%be%d0%b2%d0%b0%d1%82%d1%8c\/","title":{"rendered":"Tricou Rashguard DV4 cu m\u00e2nec\u0103 scurt\u0103, negru\/verde"},"content":{"rendered":"<p>Linia noastr\u0103 premium pentru picioarele tale.<br \/>\nMaterial foarte confortabil.<br \/>\nDesignul segmentat previne solicitarea excesiv\u0103.<br \/>\nPanourile laterale de ventila\u021bie integrate asigur\u0103 r\u0103cire.<br \/>\n87% poliester \/ 13% elastan<\/p>\n","protected":false},"excerpt":{"rendered":"<p>Linia noastr\u0103 premium pentru picioarele tale. Material foarte confortabil. Designul segmentat previne solicitarea excesiv\u0103. Panourile laterale de ventila\u021bie integrate asigur\u0103<\/p>\n","protected":false},"featured_media":40434,"comment_status":"open","ping_status":"closed","template":"","meta":[],"product_brand":[],"product_cat":[785,801,789,815,875,880],"product_tag":[],"class_list":{"0":"post-40427","1":"product","2":"type-product","3":"status-publish","4":"has-post-thumbnail","6":"product_cat-adidas-bjj-ro","7":"product_cat-adidas-ju-jutsu","8":"product_cat-imbracaminte-antrenament-6","9":"product_cat-imbracaminte-incaltaminte-ro-7","10":"product_cat-mmafreefight-thaiboxing","11":"product_cat-rash-guards-ro","13":"first","14":"instock","15":"shipping-taxable","16":"purchasable","17":"product-type-variable"},"_links":{"self":[{"href":"https:\/\/adidascombat.md\/ro\/wp-json\/wp\/v2\/product\/40427","targetHints":{"allow":["GET"]}}],"collection":[{"href":"https:\/\/adidascombat.md\/ro\/wp-json\/wp\/v2\/product"}],"about":[{"href":"https:\/\/adidascombat.md\/ro\/wp-json\/wp\/v2\/types\/product"}],"replies":[{"embeddable":true,"href":"https:\/\/adidascombat.md\/ro\/wp-json\/wp\/v2\/comments?post=40427"}],"version-history":[{"count":3,"href":"https:\/\/adidascombat.md\/ro\/wp-json\/wp\/v2\/product\/40427\/revisions"}],"predecessor-version":[{"id":40451,"href":"https:\/\/adidascombat.md\/ro\/wp-json\/wp\/v2\/product\/40427\/revisions\/40451"}],"wp:featuredmedia":[{"embeddable":true,"href":"https:\/\/adidascombat.md\/ro\/wp-json\/wp\/v2\/media\/40434"}],"wp:attachment":[{"href":"https:\/\/adidascombat.md\/ro\/wp-json\/wp\/v2\/media?parent=40427"}],"wp:term":[{"taxonomy":"product_brand","embeddable":true,"href":"https:\/\/adidascombat.md\/ro\/wp-json\/wp\/v2\/product_brand?post=40427"},{"taxonomy":"product_cat","embeddable":true,"href":"https:\/\/adidascombat.md\/ro\/wp-json\/wp\/v2\/product_cat?post=40427"},{"taxonomy":"product_tag","embeddable":true,"href":"https:\/\/adidascombat.md\/ro\/wp-json\/wp\/v2\/product_tag?post=40427"}],"curies":[{"name":"wp","href":"https:\/\/api.w.org\/{rel}","templated":true}]}}