{"id":40470,"date":"2026-03-10T06:29:06","date_gmt":"2026-03-10T06:29:06","guid":{"rendered":"https:\/\/adidascombat.md\/product\/dark-line-rashguard-%d1%81-%d0%b4%d0%bb%d0%b8%d0%bd%d0%bd%d1%8b%d0%bc-%d1%80%d1%83%d0%ba%d0%b0%d0%b2%d0%be%d0%bc-kabuto\/"},"modified":"2026-03-10T06:32:05","modified_gmt":"2026-03-10T06:32:05","slug":"dark-line-rashguard-%d1%81-%d0%b4%d0%bb%d0%b8%d0%bd%d0%bd%d1%8b%d0%bc-%d1%80%d1%83%d0%ba%d0%b0%d0%b2%d0%be%d0%bc-kabuto","status":"publish","type":"product","link":"https:\/\/adidascombat.md\/ro\/Produs\/dark-line-rashguard-%d1%81-%d0%b4%d0%bb%d0%b8%d0%bd%d0%bd%d1%8b%d0%bc-%d1%80%d1%83%d0%ba%d0%b0%d0%b2%d0%be%d0%bc-kabuto\/","title":{"rendered":"Rashguard cu m\u00e2nec\u0103 lung\u0103 Dark Line \u201eKabuto\u201d"},"content":{"rendered":"<p><strong>Rashguard cu m\u00e2nec\u0103 lung\u0103 de la Ju-Sports.<\/strong><\/p>\n<p>Acest design fantastic este complet sublimat pentru o durabilitate maxim\u0103.<br \/>\nAcest rashguard te protejeaz\u0103 de abraziuni \u00een timpul luptelor sau antrenamentelor.<br \/>\nNoua band\u0103 antiderapant\u0103 de la Ju-Sports se \u00eentinde de-a lungul tivului pentru a men\u021bine rashguard-ul la locul s\u0103u \u00een timpul exerci\u021biilor fizice.<br \/>\nCroiala r\u0103m\u00e2ne atletic\u0103, iar tricoul este, de asemenea, pu\u021bin mai lung.<\/p>\n<p>Datorit\u0103 materialului elastic \u00een patru direc\u021bii, tricoul se potrive\u0219te optim \u0219i men\u021bine tonusul muscular.<br \/>\nTranspira\u021bia este eliminat\u0103, men\u021bin\u00e2nd corpul uscat \u00een timpul antrenamentului.<\/p>\n<p>Material: 87% poliester, 13% elastan<br \/>\nSuper-func\u021bional, elimin\u0103 transpira\u021bia<br \/>\nMen\u021bine temperatura optim\u0103 a corpului<br \/>\nToate rashguard-urile Ju-Sports Design sunt complet sublimate pentru a asigura o durabilitate perfect\u0103.<\/p>\n","protected":false},"excerpt":{"rendered":"<p>Rashguard cu m\u00e2nec\u0103 lung\u0103 de la Ju-Sports. Acest design fantastic este complet sublimat pentru o durabilitate maxim\u0103. Acest rashguard te<\/p>\n","protected":false},"featured_media":40459,"comment_status":"open","ping_status":"closed","template":"","meta":[],"product_brand":[],"product_cat":[785,801,789,815,875,880],"product_tag":[],"class_list":{"0":"post-40470","1":"product","2":"type-product","3":"status-publish","4":"has-post-thumbnail","6":"product_cat-adidas-bjj-ro","7":"product_cat-adidas-ju-jutsu","8":"product_cat-imbracaminte-antrenament-6","9":"product_cat-imbracaminte-incaltaminte-ro-7","10":"product_cat-mmafreefight-thaiboxing","11":"product_cat-rash-guards-ro","13":"first","14":"instock","15":"shipping-taxable","16":"purchasable","17":"product-type-variable"},"_links":{"self":[{"href":"https:\/\/adidascombat.md\/ro\/wp-json\/wp\/v2\/product\/40470","targetHints":{"allow":["GET"]}}],"collection":[{"href":"https:\/\/adidascombat.md\/ro\/wp-json\/wp\/v2\/product"}],"about":[{"href":"https:\/\/adidascombat.md\/ro\/wp-json\/wp\/v2\/types\/product"}],"replies":[{"embeddable":true,"href":"https:\/\/adidascombat.md\/ro\/wp-json\/wp\/v2\/comments?post=40470"}],"version-history":[{"count":1,"href":"https:\/\/adidascombat.md\/ro\/wp-json\/wp\/v2\/product\/40470\/revisions"}],"predecessor-version":[{"id":40475,"href":"https:\/\/adidascombat.md\/ro\/wp-json\/wp\/v2\/product\/40470\/revisions\/40475"}],"wp:featuredmedia":[{"embeddable":true,"href":"https:\/\/adidascombat.md\/ro\/wp-json\/wp\/v2\/media\/40459"}],"wp:attachment":[{"href":"https:\/\/adidascombat.md\/ro\/wp-json\/wp\/v2\/media?parent=40470"}],"wp:term":[{"taxonomy":"product_brand","embeddable":true,"href":"https:\/\/adidascombat.md\/ro\/wp-json\/wp\/v2\/product_brand?post=40470"},{"taxonomy":"product_cat","embeddable":true,"href":"https:\/\/adidascombat.md\/ro\/wp-json\/wp\/v2\/product_cat?post=40470"},{"taxonomy":"product_tag","embeddable":true,"href":"https:\/\/adidascombat.md\/ro\/wp-json\/wp\/v2\/product_tag?post=40470"}],"curies":[{"name":"wp","href":"https:\/\/api.w.org\/{rel}","templated":true}]}}