{"id":40491,"date":"2026-03-10T06:36:23","date_gmt":"2026-03-10T06:36:23","guid":{"rendered":"https:\/\/adidascombat.md\/product\/adidas-rashguard-shortsleeve-trpcl-leaf-bjjrgls03w\/"},"modified":"2026-03-10T06:37:29","modified_gmt":"2026-03-10T06:37:29","slug":"adidas-rashguard-shortsleeve-trpcl-leaf-bjjrgls03w","status":"publish","type":"product","link":"https:\/\/adidascombat.md\/ro\/Produs\/adidas-rashguard-shortsleeve-trpcl-leaf-bjjrgls03w\/","title":{"rendered":"adidas Rashguard cu m\u00e2nec\u0103 scurt\u0103 TRPCL Leaf, BJJRGLS03W"},"content":{"rendered":"<p>Rashguard-ul adidas Leaf are un design uimitor!<\/p>\n<p>Las\u0103-te inspirat de noul design adidas Leaf &#8211; partenerul t\u0103u pentru wrestling, BJJ sau chiar sub tractul gastrointestinal pentru protec\u021bie \u00eempotriva abraziunii.<br \/>\n<strong>87% poliester, 13% spandex<\/strong><\/p>\n","protected":false},"excerpt":{"rendered":"<p>Rashguard-ul adidas Leaf are un design uimitor! Las\u0103-te inspirat de noul design adidas Leaf &#8211; partenerul t\u0103u pentru wrestling, BJJ<\/p>\n","protected":false},"featured_media":40478,"comment_status":"open","ping_status":"closed","template":"","meta":[],"product_brand":[],"product_cat":[785,801,789,815],"product_tag":[],"class_list":{"0":"post-40491","1":"product","2":"type-product","3":"status-publish","4":"has-post-thumbnail","6":"product_cat-adidas-bjj-ro","7":"product_cat-adidas-ju-jutsu","8":"product_cat-imbracaminte-antrenament-6","9":"product_cat-imbracaminte-incaltaminte-ro-7","11":"first","12":"instock","13":"shipping-taxable","14":"purchasable","15":"product-type-variable"},"_links":{"self":[{"href":"https:\/\/adidascombat.md\/ro\/wp-json\/wp\/v2\/product\/40491","targetHints":{"allow":["GET"]}}],"collection":[{"href":"https:\/\/adidascombat.md\/ro\/wp-json\/wp\/v2\/product"}],"about":[{"href":"https:\/\/adidascombat.md\/ro\/wp-json\/wp\/v2\/types\/product"}],"replies":[{"embeddable":true,"href":"https:\/\/adidascombat.md\/ro\/wp-json\/wp\/v2\/comments?post=40491"}],"version-history":[{"count":1,"href":"https:\/\/adidascombat.md\/ro\/wp-json\/wp\/v2\/product\/40491\/revisions"}],"predecessor-version":[{"id":40496,"href":"https:\/\/adidascombat.md\/ro\/wp-json\/wp\/v2\/product\/40491\/revisions\/40496"}],"wp:featuredmedia":[{"embeddable":true,"href":"https:\/\/adidascombat.md\/ro\/wp-json\/wp\/v2\/media\/40478"}],"wp:attachment":[{"href":"https:\/\/adidascombat.md\/ro\/wp-json\/wp\/v2\/media?parent=40491"}],"wp:term":[{"taxonomy":"product_brand","embeddable":true,"href":"https:\/\/adidascombat.md\/ro\/wp-json\/wp\/v2\/product_brand?post=40491"},{"taxonomy":"product_cat","embeddable":true,"href":"https:\/\/adidascombat.md\/ro\/wp-json\/wp\/v2\/product_cat?post=40491"},{"taxonomy":"product_tag","embeddable":true,"href":"https:\/\/adidascombat.md\/ro\/wp-json\/wp\/v2\/product_tag?post=40491"}],"curies":[{"name":"wp","href":"https:\/\/api.w.org\/{rel}","templated":true}]}}