{"id":40512,"date":"2026-03-10T06:44:25","date_gmt":"2026-03-10T06:44:25","guid":{"rendered":"https:\/\/adidascombat.md\/product\/adidas-rashguard-longsleeve-%d0%b1%d0%b5%d0%bb%d1%8b%d0%b9-%d1%81%d0%b8%d0%bd%d0%b8%d0%b9-%d0%be%d1%80%d0%b0%d0%bd%d0%b6%d0%b5%d0%b2%d1%8b%d0%b9-wave-bjjrgls03w\/"},"modified":"2026-03-10T06:45:43","modified_gmt":"2026-03-10T06:45:43","slug":"adidas-rashguard-longsleeve-%d0%b1%d0%b5%d0%bb%d1%8b%d0%b9-%d1%81%d0%b8%d0%bd%d0%b8%d0%b9-%d0%be%d1%80%d0%b0%d0%bd%d0%b6%d0%b5%d0%b2%d1%8b%d0%b9-wave-bjjrgls03w","status":"publish","type":"product","link":"https:\/\/adidascombat.md\/ro\/Produs\/adidas-rashguard-longsleeve-%d0%b1%d0%b5%d0%bb%d1%8b%d0%b9-%d1%81%d0%b8%d0%bd%d0%b8%d0%b9-%d0%be%d1%80%d0%b0%d0%bd%d0%b6%d0%b5%d0%b2%d1%8b%d0%b9-wave-bjjrgls03w\/","title":{"rendered":"adidas Rashguard cu m\u00e2nec\u0103 lung\u0103, alb\/albastru\/portocaliu Wave, BJJRGLS03W"},"content":{"rendered":"<p>Tricou cu m\u00e2nec\u0103 lung\u0103 adidas Rashguard este companionul t\u0103u zilnic pentru antrenamente no-gi, BJJ, lupte sau pur \u0219i simplu pentru antrenamente la sal\u0103 sau alergare.<\/p>\n<p>Acest tricou jiu-jitsu este pentru oricine iube\u0219te performan\u021ba \u00eenalt\u0103 \u0219i caut\u0103 un design fantastic, rezistent la abraziune.<\/p>\n<p><strong>87% poliester, 13% spandex<\/strong><\/p>\n","protected":false},"excerpt":{"rendered":"<p>Tricou cu m\u00e2nec\u0103 lung\u0103 adidas Rashguard este companionul t\u0103u zilnic pentru antrenamente no-gi, BJJ, lupte sau pur \u0219i simplu pentru<\/p>\n","protected":false},"featured_media":40503,"comment_status":"open","ping_status":"closed","template":"","meta":[],"product_brand":[],"product_cat":[785,801,789,815],"product_tag":[],"class_list":{"0":"post-40512","1":"product","2":"type-product","3":"status-publish","4":"has-post-thumbnail","6":"product_cat-adidas-bjj-ro","7":"product_cat-adidas-ju-jutsu","8":"product_cat-imbracaminte-antrenament-6","9":"product_cat-imbracaminte-incaltaminte-ro-7","11":"first","12":"instock","13":"shipping-taxable","14":"purchasable","15":"product-type-variable"},"_links":{"self":[{"href":"https:\/\/adidascombat.md\/ro\/wp-json\/wp\/v2\/product\/40512","targetHints":{"allow":["GET"]}}],"collection":[{"href":"https:\/\/adidascombat.md\/ro\/wp-json\/wp\/v2\/product"}],"about":[{"href":"https:\/\/adidascombat.md\/ro\/wp-json\/wp\/v2\/types\/product"}],"replies":[{"embeddable":true,"href":"https:\/\/adidascombat.md\/ro\/wp-json\/wp\/v2\/comments?post=40512"}],"version-history":[{"count":1,"href":"https:\/\/adidascombat.md\/ro\/wp-json\/wp\/v2\/product\/40512\/revisions"}],"predecessor-version":[{"id":40517,"href":"https:\/\/adidascombat.md\/ro\/wp-json\/wp\/v2\/product\/40512\/revisions\/40517"}],"wp:featuredmedia":[{"embeddable":true,"href":"https:\/\/adidascombat.md\/ro\/wp-json\/wp\/v2\/media\/40503"}],"wp:attachment":[{"href":"https:\/\/adidascombat.md\/ro\/wp-json\/wp\/v2\/media?parent=40512"}],"wp:term":[{"taxonomy":"product_brand","embeddable":true,"href":"https:\/\/adidascombat.md\/ro\/wp-json\/wp\/v2\/product_brand?post=40512"},{"taxonomy":"product_cat","embeddable":true,"href":"https:\/\/adidascombat.md\/ro\/wp-json\/wp\/v2\/product_cat?post=40512"},{"taxonomy":"product_tag","embeddable":true,"href":"https:\/\/adidascombat.md\/ro\/wp-json\/wp\/v2\/product_tag?post=40512"}],"curies":[{"name":"wp","href":"https:\/\/api.w.org\/{rel}","templated":true}]}}