{"id":40539,"date":"2026-03-10T06:51:36","date_gmt":"2026-03-10T06:51:36","guid":{"rendered":"https:\/\/adidascombat.md\/product\/%d0%bd%d0%b0%d0%b1%d0%be%d1%80-dark-line-%d1%87%d0%b5%d1%80%d0%b5%d0%bf-%d1%80%d1%8d%d1%88%d0%b3%d0%b0%d1%80%d0%b4-%d1%81%d0%bf%d1%8d%d1%82%d1%81\/"},"modified":"2026-03-10T06:54:13","modified_gmt":"2026-03-10T06:54:13","slug":"%d0%bd%d0%b0%d0%b1%d0%be%d1%80-dark-line-%d1%87%d0%b5%d1%80%d0%b5%d0%bf-%d1%80%d1%8d%d1%88%d0%b3%d0%b0%d1%80%d0%b4-%d1%81%d0%bf%d1%8d%d1%82%d1%81","status":"publish","type":"product","link":"https:\/\/adidascombat.md\/ro\/Produs\/%d0%bd%d0%b0%d0%b1%d0%be%d1%80-dark-line-%d1%87%d0%b5%d1%80%d0%b5%d0%bf-%d1%80%d1%8d%d1%88%d0%b3%d0%b0%d1%80%d0%b4-%d1%81%d0%bf%d1%8d%d1%82%d1%81\/","title":{"rendered":"Set Dark Line Skull: Rashguard + Pantaloni"},"content":{"rendered":"<p>Un set excelent de la Dark Line, mai ieftin dec\u00e2t dac\u0103 le cump\u0103ra\u021bi separat! Setul este format dintr-un rashguard \u201eSkull\u201d \u0219i pantaloni\u00a0 \u201eDragon\u201d.<\/p>\n<p>Motivul fantastic este complet sublimat pentru o durabilitate maxim\u0103.<br \/>\nAcest rashguard v\u0103 protejeaz\u0103 de abraziuni \u00een timpul luptelor sau antrenamentului.<br \/>\nNoua band\u0103 antiderapant\u0103 Ju-Sports se \u00eentinde de-a lungul tivului pentru a men\u021bine rashguard-ul la locul s\u0103u \u00een timpul exerci\u021biilor fizice.<br \/>\nCroiala r\u0103m\u00e2ne atletic slim, iar tricoul este, de asemenea, pu\u021bin mai lung.<\/p>\n<p>Datorit\u0103 materialului elastic \u00een patru direc\u021bii, tricoul se potrive\u0219te optim \u0219i men\u021bine tonusul muscular.<br \/>\nTranspira\u021bia este eliminat\u0103, men\u021bin\u00e2nd corpul uscat \u00een timpul antrenamentului.<\/p>\n<p>87% poliester, 13% elastan<\/p>\n<p>\u2014 Pantaloni lungi pentru grappling sau MMA \u00eentr-un design excelent. 87% poliester, 13% elastan.<\/p>\n<p>Ofer\u0103 protec\u021bie optim\u0103 \u00eempotriva arsurilor de la saltea \u0219i poate fi purtat \u0219i sub pantaloni scur\u021bi.<\/p>\n<p>Materialul elastic \u00een patru direc\u021bii ofer\u0103 o potrivire \u0219i o compresie perfecte, men\u021bin\u00e2nd tonusul muscular \u00een timpul antrenamentului \u0219i men\u021bin\u00e2ndu-v\u0103 cald.<br \/>\nPotrivit pentru wrestling, MMA \u0219i multe alte stiluri.<\/p>\n","protected":false},"excerpt":{"rendered":"<p>Un set excelent de la Dark Line, mai ieftin dec\u00e2t dac\u0103 le cump\u0103ra\u021bi separat! Setul este format dintr-un rashguard \u201eSkull\u201d<\/p>\n","protected":false},"featured_media":40524,"comment_status":"open","ping_status":"closed","template":"","meta":[],"product_brand":[],"product_cat":[785,801,789,815,875,880],"product_tag":[],"class_list":{"0":"post-40539","1":"product","2":"type-product","3":"status-publish","4":"has-post-thumbnail","6":"product_cat-adidas-bjj-ro","7":"product_cat-adidas-ju-jutsu","8":"product_cat-imbracaminte-antrenament-6","9":"product_cat-imbracaminte-incaltaminte-ro-7","10":"product_cat-mmafreefight-thaiboxing","11":"product_cat-rash-guards-ro","13":"first","14":"instock","15":"shipping-taxable","16":"purchasable","17":"product-type-variable"},"_links":{"self":[{"href":"https:\/\/adidascombat.md\/ro\/wp-json\/wp\/v2\/product\/40539","targetHints":{"allow":["GET"]}}],"collection":[{"href":"https:\/\/adidascombat.md\/ro\/wp-json\/wp\/v2\/product"}],"about":[{"href":"https:\/\/adidascombat.md\/ro\/wp-json\/wp\/v2\/types\/product"}],"replies":[{"embeddable":true,"href":"https:\/\/adidascombat.md\/ro\/wp-json\/wp\/v2\/comments?post=40539"}],"version-history":[{"count":2,"href":"https:\/\/adidascombat.md\/ro\/wp-json\/wp\/v2\/product\/40539\/revisions"}],"predecessor-version":[{"id":40545,"href":"https:\/\/adidascombat.md\/ro\/wp-json\/wp\/v2\/product\/40539\/revisions\/40545"}],"wp:featuredmedia":[{"embeddable":true,"href":"https:\/\/adidascombat.md\/ro\/wp-json\/wp\/v2\/media\/40524"}],"wp:attachment":[{"href":"https:\/\/adidascombat.md\/ro\/wp-json\/wp\/v2\/media?parent=40539"}],"wp:term":[{"taxonomy":"product_brand","embeddable":true,"href":"https:\/\/adidascombat.md\/ro\/wp-json\/wp\/v2\/product_brand?post=40539"},{"taxonomy":"product_cat","embeddable":true,"href":"https:\/\/adidascombat.md\/ro\/wp-json\/wp\/v2\/product_cat?post=40539"},{"taxonomy":"product_tag","embeddable":true,"href":"https:\/\/adidascombat.md\/ro\/wp-json\/wp\/v2\/product_tag?post=40539"}],"curies":[{"name":"wp","href":"https:\/\/api.w.org\/{rel}","templated":true}]}}