{"id":40692,"date":"2026-03-10T08:11:10","date_gmt":"2026-03-10T08:11:10","guid":{"rendered":"https:\/\/adidascombat.md\/?post_type=product&#038;p=40692"},"modified":"2026-03-10T08:13:32","modified_gmt":"2026-03-10T08:13:32","slug":"tricou-adidas-community-line-jiu-jitsu-negru-adiclts25-jj-%d0%ba%d0%be%d0%bf%d0%b8%d1%80%d0%be%d0%b2%d0%b0%d1%82%d1%8c","status":"publish","type":"product","link":"https:\/\/adidascombat.md\/ro\/Produs\/tricou-adidas-community-line-jiu-jitsu-negru-adiclts25-jj-%d0%ba%d0%be%d0%bf%d0%b8%d1%80%d0%be%d0%b2%d0%b0%d1%82%d1%8c\/","title":{"rendered":"Tricou adidas Community Line Jiu-Jitsu albastru, adiCLTS25-JJ"},"content":{"rendered":"<p>Prezint\u0103-\u021bi abilit\u0103\u021bile de BJJ \u00eentr-un tricou BJJ nou! Croial\u0103 excelent\u0103, design elegant \u0219i un stil distinct adidas cu logo-ul sportiv \u00eencorporat \u00een logo &#8211; acest nou tricou adidas te va face s\u0103 ar\u0103\u021bi c\u00e2t mai bine, indiferent dac\u0103 te antrenezi sau pur \u0219i simplu te relaxezi!<br \/>\nNoul design \u0219i culori ofer\u0103 antrenamentului t\u0103u aspectul perfect.<\/p>\n<ul>\n<li>\u00a0Material: 50% bumbac, 50% poliester<\/li>\n<li>Culoare: Negru cu imprimeu<\/li>\n<li>M\u0103rimi: S-2XL<br \/>\n<strong>Not\u0103: Deoarece acesta este un produs unisex, femeile ar trebui s\u0103 aleag\u0103 o m\u0103rime mai mic\u0103.<\/strong><\/li>\n<\/ul>\n","protected":false},"excerpt":{"rendered":"<p>Prezint\u0103-\u021bi abilit\u0103\u021bile de BJJ \u00eentr-un tricou BJJ nou! Croial\u0103 excelent\u0103, design elegant \u0219i un stil distinct adidas cu logo-ul sportiv<\/p>\n","protected":false},"featured_media":40699,"comment_status":"open","ping_status":"closed","template":"","meta":[],"product_brand":[],"product_cat":[785,801,793,815],"product_tag":[],"class_list":{"0":"post-40692","1":"product","2":"type-product","3":"status-publish","4":"has-post-thumbnail","6":"product_cat-adidas-bjj-ro","7":"product_cat-adidas-ju-jutsu","8":"product_cat-imbracaminte-casual-ro-6","9":"product_cat-imbracaminte-incaltaminte-ro-7","11":"first","12":"instock","13":"shipping-taxable","14":"purchasable","15":"product-type-variable"},"_links":{"self":[{"href":"https:\/\/adidascombat.md\/ro\/wp-json\/wp\/v2\/product\/40692","targetHints":{"allow":["GET"]}}],"collection":[{"href":"https:\/\/adidascombat.md\/ro\/wp-json\/wp\/v2\/product"}],"about":[{"href":"https:\/\/adidascombat.md\/ro\/wp-json\/wp\/v2\/types\/product"}],"replies":[{"embeddable":true,"href":"https:\/\/adidascombat.md\/ro\/wp-json\/wp\/v2\/comments?post=40692"}],"version-history":[{"count":2,"href":"https:\/\/adidascombat.md\/ro\/wp-json\/wp\/v2\/product\/40692\/revisions"}],"predecessor-version":[{"id":40711,"href":"https:\/\/adidascombat.md\/ro\/wp-json\/wp\/v2\/product\/40692\/revisions\/40711"}],"wp:featuredmedia":[{"embeddable":true,"href":"https:\/\/adidascombat.md\/ro\/wp-json\/wp\/v2\/media\/40699"}],"wp:attachment":[{"href":"https:\/\/adidascombat.md\/ro\/wp-json\/wp\/v2\/media?parent=40692"}],"wp:term":[{"taxonomy":"product_brand","embeddable":true,"href":"https:\/\/adidascombat.md\/ro\/wp-json\/wp\/v2\/product_brand?post=40692"},{"taxonomy":"product_cat","embeddable":true,"href":"https:\/\/adidascombat.md\/ro\/wp-json\/wp\/v2\/product_cat?post=40692"},{"taxonomy":"product_tag","embeddable":true,"href":"https:\/\/adidascombat.md\/ro\/wp-json\/wp\/v2\/product_tag?post=40692"}],"curies":[{"name":"wp","href":"https:\/\/api.w.org\/{rel}","templated":true}]}}