{"id":40961,"date":"2026-03-10T10:01:13","date_gmt":"2026-03-10T10:01:13","guid":{"rendered":"https:\/\/adidascombat.md\/product\/%d1%80%d0%b5%d1%84%d0%b5%d1%80%d0%b8-%d0%ba%d0%b0%d1%84%d1%84-bjj\/"},"modified":"2026-03-10T10:02:24","modified_gmt":"2026-03-10T10:02:24","slug":"%d1%80%d0%b5%d1%84%d0%b5%d1%80%d0%b8-%d0%ba%d0%b0%d1%84%d1%84-bjj","status":"publish","type":"product","link":"https:\/\/adidascombat.md\/ro\/Produs\/%d1%80%d0%b5%d1%84%d0%b5%d1%80%d0%b8-%d0%ba%d0%b0%d1%84%d1%84-bjj\/","title":{"rendered":"Man\u0219et\u0103 de arbitru BJJ"},"content":{"rendered":"<p>Bandaj\/man\u0219et\u0103 pentru arbitru de BJJ, \u00eenchis\u0103 cu velcro.<\/p>\n<p>Dungi galbene \u0219i verzi.<\/p>\n","protected":false},"excerpt":{"rendered":"<p>Bandaj\/man\u0219et\u0103 pentru arbitru de BJJ, \u00eenchis\u0103 cu velcro. Dungi galbene \u0219i verzi.<\/p>\n","protected":false},"featured_media":40958,"comment_status":"open","ping_status":"closed","template":"","meta":[],"product_brand":[],"product_cat":[795,785],"product_tag":[],"class_list":{"0":"post-40961","1":"product","2":"type-product","3":"status-publish","4":"has-post-thumbnail","6":"product_cat-accesorii-ro-6","7":"product_cat-adidas-bjj-ro","9":"first","10":"instock","11":"shipping-taxable","12":"purchasable","13":"product-type-simple"},"_links":{"self":[{"href":"https:\/\/adidascombat.md\/ro\/wp-json\/wp\/v2\/product\/40961","targetHints":{"allow":["GET"]}}],"collection":[{"href":"https:\/\/adidascombat.md\/ro\/wp-json\/wp\/v2\/product"}],"about":[{"href":"https:\/\/adidascombat.md\/ro\/wp-json\/wp\/v2\/types\/product"}],"replies":[{"embeddable":true,"href":"https:\/\/adidascombat.md\/ro\/wp-json\/wp\/v2\/comments?post=40961"}],"version-history":[{"count":1,"href":"https:\/\/adidascombat.md\/ro\/wp-json\/wp\/v2\/product\/40961\/revisions"}],"predecessor-version":[{"id":40962,"href":"https:\/\/adidascombat.md\/ro\/wp-json\/wp\/v2\/product\/40961\/revisions\/40962"}],"wp:featuredmedia":[{"embeddable":true,"href":"https:\/\/adidascombat.md\/ro\/wp-json\/wp\/v2\/media\/40958"}],"wp:attachment":[{"href":"https:\/\/adidascombat.md\/ro\/wp-json\/wp\/v2\/media?parent=40961"}],"wp:term":[{"taxonomy":"product_brand","embeddable":true,"href":"https:\/\/adidascombat.md\/ro\/wp-json\/wp\/v2\/product_brand?post=40961"},{"taxonomy":"product_cat","embeddable":true,"href":"https:\/\/adidascombat.md\/ro\/wp-json\/wp\/v2\/product_cat?post=40961"},{"taxonomy":"product_tag","embeddable":true,"href":"https:\/\/adidascombat.md\/ro\/wp-json\/wp\/v2\/product_tag?post=40961"}],"curies":[{"name":"wp","href":"https:\/\/api.w.org\/{rel}","templated":true}]}}