{"id":41024,"date":"2026-03-10T10:56:06","date_gmt":"2026-03-10T10:56:06","guid":{"rendered":"https:\/\/adidascombat.md\/product\/adidas-2in1-%d1%81%d1%83%d0%bc%d0%ba%d0%b0-%d0%b4%d0%b6%d0%b8%d1%83-%d0%b4%d0%b6%d0%b8%d1%82%d1%81%d1%83-%d1%87%d0%b5%d1%80%d0%bd%d1%8b%d0%b9-%d0%b1%d0%b5%d0%bb%d1%8b%d0%b9-%d0%bf%d1%83-adiaacc051bjj\/"},"modified":"2026-03-10T10:57:28","modified_gmt":"2026-03-10T10:57:28","slug":"adidas-2in1-%d1%81%d1%83%d0%bc%d0%ba%d0%b0-%d0%b4%d0%b6%d0%b8%d1%83-%d0%b4%d0%b6%d0%b8%d1%82%d1%81%d1%83-%d1%87%d0%b5%d1%80%d0%bd%d1%8b%d0%b9-%d0%b1%d0%b5%d0%bb%d1%8b%d0%b9-%d0%bf%d1%83-adiaacc051bjj","status":"publish","type":"product","link":"https:\/\/adidascombat.md\/ro\/Produs\/adidas-2in1-%d1%81%d1%83%d0%bc%d0%ba%d0%b0-%d0%b4%d0%b6%d0%b8%d1%83-%d0%b4%d0%b6%d0%b8%d1%82%d1%81%d1%83-%d1%87%d0%b5%d1%80%d0%bd%d1%8b%d0%b9-%d0%b1%d0%b5%d0%bb%d1%8b%d0%b9-%d0%bf%d1%83-adiaacc051bjj\/","title":{"rendered":"Geant\u0103 adidas 2in1 Jiu-Jitsu Negru\/Alb PU, adiaACC051BJJ"},"content":{"rendered":"<p>Noua colec\u021bie de gen\u021bi sport adidas Martial Arts este disponibil\u0103 \u00eentr-o gam\u0103 larg\u0103 de stiluri \u0219i dimensiuni, ceea ce le face un must-have pentru mai mult dec\u00e2t arti\u0219tii mar\u021biali. Toate modelele sunt fabricate din materiale extrem de durabile, rezistente \u0219i u\u0219or de \u00eentre\u021binut.<\/p>\n<p>Geanta 2 \u00een 1 nu este doar adaptat\u0103 nevoilor arti\u0219tilor mar\u021biali, ci este \u0219i deosebit de practic\u0103, deoarece poate servi \u0219i ca rucsac. Curelele sunt depozitate \u00eentr-o hus\u0103 de protec\u021bie dedicat\u0103. Ca toate modelele din colec\u021bia actual\u0103, aceasta dispune de un compartiment principal spa\u021bios, cu un fermoar elegant, mare, cu \u00eenchidere rapid\u0103. Este disponibil \u0219i un compartiment lateral suplimentar cu un buzunar din plas\u0103 \u00eencorporat pentru depozitarea \u00een siguran\u021b\u0103 a obiectelor mici. Toate compartimentele \u0219i buzunarele sunt cu fermoar. C\u0103ptu\u0219eala moale de pe cureaua de um\u0103r \u0219i barele de sus\u021binere asigur\u0103 un confort optim la transport. Materialul PU extrem de durabil \u0219i flexibil asigur\u0103 o durat\u0103 lung\u0103 de via\u021b\u0103.<\/p>\n<p><strong>M: 62 x 31 x 31 cm, capacitate: 50 litri<\/strong><br \/>\n<strong>L: 72 x 34 cm, capacitate: 65 litri<\/strong><br \/>\nBucla practic\u0103 de ag\u0103\u021bare<\/p>\n","protected":false},"excerpt":{"rendered":"<p>Noua colec\u021bie de gen\u021bi sport adidas Martial Arts este disponibil\u0103 \u00eentr-o gam\u0103 larg\u0103 de stiluri \u0219i dimensiuni, ceea ce le<\/p>\n","protected":false},"featured_media":41006,"comment_status":"open","ping_status":"closed","template":"","meta":[],"product_brand":[],"product_cat":[795,785],"product_tag":[],"class_list":{"0":"post-41024","1":"product","2":"type-product","3":"status-publish","4":"has-post-thumbnail","6":"product_cat-accesorii-ro-6","7":"product_cat-adidas-bjj-ro","9":"first","10":"instock","11":"shipping-taxable","12":"purchasable","13":"product-type-variable"},"_links":{"self":[{"href":"https:\/\/adidascombat.md\/ro\/wp-json\/wp\/v2\/product\/41024","targetHints":{"allow":["GET"]}}],"collection":[{"href":"https:\/\/adidascombat.md\/ro\/wp-json\/wp\/v2\/product"}],"about":[{"href":"https:\/\/adidascombat.md\/ro\/wp-json\/wp\/v2\/types\/product"}],"replies":[{"embeddable":true,"href":"https:\/\/adidascombat.md\/ro\/wp-json\/wp\/v2\/comments?post=41024"}],"version-history":[{"count":1,"href":"https:\/\/adidascombat.md\/ro\/wp-json\/wp\/v2\/product\/41024\/revisions"}],"predecessor-version":[{"id":41027,"href":"https:\/\/adidascombat.md\/ro\/wp-json\/wp\/v2\/product\/41024\/revisions\/41027"}],"wp:featuredmedia":[{"embeddable":true,"href":"https:\/\/adidascombat.md\/ro\/wp-json\/wp\/v2\/media\/41006"}],"wp:attachment":[{"href":"https:\/\/adidascombat.md\/ro\/wp-json\/wp\/v2\/media?parent=41024"}],"wp:term":[{"taxonomy":"product_brand","embeddable":true,"href":"https:\/\/adidascombat.md\/ro\/wp-json\/wp\/v2\/product_brand?post=41024"},{"taxonomy":"product_cat","embeddable":true,"href":"https:\/\/adidascombat.md\/ro\/wp-json\/wp\/v2\/product_cat?post=41024"},{"taxonomy":"product_tag","embeddable":true,"href":"https:\/\/adidascombat.md\/ro\/wp-json\/wp\/v2\/product_tag?post=41024"}],"curies":[{"name":"wp","href":"https:\/\/api.w.org\/{rel}","templated":true}]}}