{"id":41073,"date":"2026-03-10T11:07:13","date_gmt":"2026-03-10T11:07:13","guid":{"rendered":"https:\/\/adidascombat.md\/product\/%d1%81%d1%83%d0%bc%d0%ba%d0%b0-%d0%b4%d0%b5%d1%82%d0%b8-bjj\/"},"modified":"2026-03-10T11:08:30","modified_gmt":"2026-03-10T11:08:30","slug":"%d1%81%d1%83%d0%bc%d0%ba%d0%b0-%d0%b4%d0%b5%d1%82%d0%b8-bjj","status":"publish","type":"product","link":"https:\/\/adidascombat.md\/ro\/Produs\/%d1%81%d1%83%d0%bc%d0%ba%d0%b0-%d0%b4%d0%b5%d1%82%d0%b8-bjj\/","title":{"rendered":"Geant\u0103 BJJ pentru copii"},"content":{"rendered":"<p>Poliester 600D, compartiment frontal cu fermoar, fermoare cu fermoar suplimentar, curea de um\u0103r reglabil\u0103,<strong> 60 x 28 x 28 cm<\/strong>.<\/p>\n<p>Presiune nobil\u0103 cu emblema ta sportiv\u0103, perfect\u0103 pentru copii, ai tot ce ai nevoie pentru antrenament.<\/p>\n","protected":false},"excerpt":{"rendered":"<p>Poliester 600D, compartiment frontal cu fermoar, fermoare cu fermoar suplimentar, curea de um\u0103r reglabil\u0103, 60 x 28 x 28 cm.<\/p>\n","protected":false},"featured_media":41040,"comment_status":"open","ping_status":"closed","template":"","meta":[],"product_brand":[],"product_cat":[795,785],"product_tag":[],"class_list":{"0":"post-41073","1":"product","2":"type-product","3":"status-publish","4":"has-post-thumbnail","6":"product_cat-accesorii-ro-6","7":"product_cat-adidas-bjj-ro","9":"first","10":"instock","11":"shipping-taxable","12":"purchasable","13":"product-type-variable"},"_links":{"self":[{"href":"https:\/\/adidascombat.md\/ro\/wp-json\/wp\/v2\/product\/41073","targetHints":{"allow":["GET"]}}],"collection":[{"href":"https:\/\/adidascombat.md\/ro\/wp-json\/wp\/v2\/product"}],"about":[{"href":"https:\/\/adidascombat.md\/ro\/wp-json\/wp\/v2\/types\/product"}],"replies":[{"embeddable":true,"href":"https:\/\/adidascombat.md\/ro\/wp-json\/wp\/v2\/comments?post=41073"}],"version-history":[{"count":1,"href":"https:\/\/adidascombat.md\/ro\/wp-json\/wp\/v2\/product\/41073\/revisions"}],"predecessor-version":[{"id":41077,"href":"https:\/\/adidascombat.md\/ro\/wp-json\/wp\/v2\/product\/41073\/revisions\/41077"}],"wp:featuredmedia":[{"embeddable":true,"href":"https:\/\/adidascombat.md\/ro\/wp-json\/wp\/v2\/media\/41040"}],"wp:attachment":[{"href":"https:\/\/adidascombat.md\/ro\/wp-json\/wp\/v2\/media?parent=41073"}],"wp:term":[{"taxonomy":"product_brand","embeddable":true,"href":"https:\/\/adidascombat.md\/ro\/wp-json\/wp\/v2\/product_brand?post=41073"},{"taxonomy":"product_cat","embeddable":true,"href":"https:\/\/adidascombat.md\/ro\/wp-json\/wp\/v2\/product_cat?post=41073"},{"taxonomy":"product_tag","embeddable":true,"href":"https:\/\/adidascombat.md\/ro\/wp-json\/wp\/v2\/product_tag?post=41073"}],"curies":[{"name":"wp","href":"https:\/\/api.w.org\/{rel}","templated":true}]}}