{"id":41108,"date":"2026-03-10T11:23:37","date_gmt":"2026-03-10T11:23:37","guid":{"rendered":"https:\/\/adidascombat.md\/product\/%d1%81%d1%83%d0%bc%d0%ba%d0%b0-%d0%bd%d0%b0-%d0%ba%d0%be%d0%bb%d0%b5%d1%81%d0%b8%d0%ba%d0%b0%d1%85-%d1%81-%d0%b2%d1%8b%d0%b4%d0%b2%d0%b8%d0%b6%d0%bd%d0%be%d0%b9-%d1%80%d1%83%d1%87%d0%ba%d0%be%d0%b9-bj\/"},"modified":"2026-03-10T11:25:35","modified_gmt":"2026-03-10T11:25:35","slug":"%d1%81%d1%83%d0%bc%d0%ba%d0%b0-%d0%bd%d0%b0-%d0%ba%d0%be%d0%bb%d0%b5%d1%81%d0%b8%d0%ba%d0%b0%d1%85-%d1%81-%d0%b2%d1%8b%d0%b4%d0%b2%d0%b8%d0%b6%d0%bd%d0%be%d0%b9-%d1%80%d1%83%d1%87%d0%ba%d0%be%d0%b9-bj","status":"publish","type":"product","link":"https:\/\/adidascombat.md\/ro\/Produs\/%d1%81%d1%83%d0%bc%d0%ba%d0%b0-%d0%bd%d0%b0-%d0%ba%d0%be%d0%bb%d0%b5%d1%81%d0%b8%d0%ba%d0%b0%d1%85-%d1%81-%d0%b2%d1%8b%d0%b4%d0%b2%d0%b8%d0%b6%d0%bd%d0%be%d0%b9-%d1%80%d1%83%d1%87%d0%ba%d0%be%d0%b9-bj\/","title":{"rendered":"Geant\u0103 cu rotile BJJ cu m\u00e2ner retractabil"},"content":{"rendered":"<p>Aceast\u0103 geant\u0103 combinat\u0103 din poliester 600D\/nailon 420D are guler rotund rezistent, interior mare, curea de um\u0103r c\u0103ptu\u0219it\u0103, reglabil\u0103 \u0219i deta\u0219abil\u0103, m\u00e2nere de transport \u021besute, compartiment ascuns pentru etichete \u0219i picioare din plastic. Potrivit\u0103 pentru broderie sau imprimare.<br \/>\n<strong>Capacitate: 104 litri. Format: 86 x 40 x 38 cm.<\/strong><br \/>\nImprimat\u0103 elegant cu logo-ul sportiv.<\/p>\n","protected":false},"excerpt":{"rendered":"<p>Aceast\u0103 geant\u0103 combinat\u0103 din poliester 600D\/nailon 420D are guler rotund rezistent, interior mare, curea de um\u0103r c\u0103ptu\u0219it\u0103, reglabil\u0103 \u0219i deta\u0219abil\u0103,<\/p>\n","protected":false},"featured_media":41105,"comment_status":"open","ping_status":"closed","template":"","meta":[],"product_brand":[],"product_cat":[795,785],"product_tag":[],"class_list":{"0":"post-41108","1":"product","2":"type-product","3":"status-publish","4":"has-post-thumbnail","6":"product_cat-accesorii-ro-6","7":"product_cat-adidas-bjj-ro","9":"first","10":"instock","11":"shipping-taxable","12":"purchasable","13":"product-type-simple"},"_links":{"self":[{"href":"https:\/\/adidascombat.md\/ro\/wp-json\/wp\/v2\/product\/41108","targetHints":{"allow":["GET"]}}],"collection":[{"href":"https:\/\/adidascombat.md\/ro\/wp-json\/wp\/v2\/product"}],"about":[{"href":"https:\/\/adidascombat.md\/ro\/wp-json\/wp\/v2\/types\/product"}],"replies":[{"embeddable":true,"href":"https:\/\/adidascombat.md\/ro\/wp-json\/wp\/v2\/comments?post=41108"}],"version-history":[{"count":2,"href":"https:\/\/adidascombat.md\/ro\/wp-json\/wp\/v2\/product\/41108\/revisions"}],"predecessor-version":[{"id":41110,"href":"https:\/\/adidascombat.md\/ro\/wp-json\/wp\/v2\/product\/41108\/revisions\/41110"}],"wp:featuredmedia":[{"embeddable":true,"href":"https:\/\/adidascombat.md\/ro\/wp-json\/wp\/v2\/media\/41105"}],"wp:attachment":[{"href":"https:\/\/adidascombat.md\/ro\/wp-json\/wp\/v2\/media?parent=41108"}],"wp:term":[{"taxonomy":"product_brand","embeddable":true,"href":"https:\/\/adidascombat.md\/ro\/wp-json\/wp\/v2\/product_brand?post=41108"},{"taxonomy":"product_cat","embeddable":true,"href":"https:\/\/adidascombat.md\/ro\/wp-json\/wp\/v2\/product_cat?post=41108"},{"taxonomy":"product_tag","embeddable":true,"href":"https:\/\/adidascombat.md\/ro\/wp-json\/wp\/v2\/product_tag?post=41108"}],"curies":[{"name":"wp","href":"https:\/\/api.w.org\/{rel}","templated":true}]}}