{"id":41153,"date":"2026-03-10T14:47:07","date_gmt":"2026-03-10T14:47:07","guid":{"rendered":"https:\/\/adidascombat.md\/?post_type=product&#038;p=41153"},"modified":"2026-03-10T14:53:13","modified_gmt":"2026-03-10T14:53:13","slug":"bonsai-costum-bjj-%d0%ba%d0%be%d0%bf%d0%b8%d1%80%d0%be%d0%b2%d0%b0%d1%82%d1%8c","status":"publish","type":"product","link":"https:\/\/adidascombat.md\/ro\/Produs\/bonsai-costum-bjj-%d0%ba%d0%be%d0%bf%d0%b8%d1%80%d0%be%d0%b2%d0%b0%d1%82%d1%8c\/","title":{"rendered":"Bonsai costum BJJ albastru"},"content":{"rendered":"<p>Acest costum de BJJ pentru copii este special conceput at\u00e2t pentru sportivii tineri, c\u00e2t \u0219i pentru cei foarte tineri \u0219i ofer\u0103 combina\u021bia perfect\u0103 de confort, libertate de mi\u0219care \u0219i durabilitate. Gi-ul este confec\u021bionat dintr-un material gros de judo din poli-bumbac de 200 GSM (\u00b15%), cu un raport de 65:35, fiind ideal pentru antrenament \u0219i competi\u021bie.<\/p>\n<p>Jacheta este confec\u021bionat\u0103 din material alb de judo cu un model cu romburi pe o singur\u0103 linie. Pantalonii sunt confec\u021biona\u021bi dintr-un material serge din polietilen\u0103-bumbac de 190 GSM (\u00b15%) pentru o durabilitate ridicat\u0103, men\u021bin\u00e2nd \u00een acela\u0219i timp o bun\u0103 libertate de mi\u0219care.<\/p>\n<p>Costumul nu este sanforizat, permi\u021b\u00e2nd o u\u0219oar\u0103 contrac\u021bie dup\u0103 sp\u0103lare. Aceast\u0103 combina\u021bie de materiale asigur\u0103 o greutate redus\u0103, durabilitate \u0219i o \u00eentre\u021binere u\u0219oar\u0103 &#8211; perfect pentru copiii care practic\u0103 BJJ \u00een mod regulat.<\/p>\n<p><strong>Este inclus\u0103 o centur\u0103 alb\u0103 de BJJ.<\/strong><\/p>\n<p><strong>Caracteristici produs:<\/strong><\/p>\n<ul>\n<li>\u00a0Costum BJJ pentru copii, confec\u021bionat din material albastru de judo<\/li>\n<li>Jachet\u0103: 200 GSM (\u00b15%) bumbac polietilen 65:35, design cu romburi pe o singur\u0103 linie<\/li>\n<li>Pantaloni: 190 GSM (\u00b15%) bumbac poliuretan 60:40<\/li>\n<li>Nesanforizat (nepre-sp\u0103lat)<\/li>\n<li>U\u0219or, durabil \u0219i confortabil de purtat<\/li>\n<li>Ideal pentru antrenament \u0219i competi\u021bie<\/li>\n<\/ul>\n","protected":false},"excerpt":{"rendered":"<p>Acest costum de BJJ pentru copii este special conceput at\u00e2t pentru sportivii tineri, c\u00e2t \u0219i pentru cei foarte tineri \u0219i<\/p>\n","protected":false},"featured_media":41171,"comment_status":"open","ping_status":"closed","template":"","meta":[],"product_brand":[],"product_cat":[785,801,787,813],"product_tag":[],"class_list":{"0":"post-41153","1":"product","2":"type-product","3":"status-publish","4":"has-post-thumbnail","6":"product_cat-adidas-bjj-ro","7":"product_cat-adidas-ju-jutsu","8":"product_cat-costume-ro-6","9":"product_cat-costume-ro-7","11":"first","12":"instock","13":"shipping-taxable","14":"purchasable","15":"product-type-variable"},"_links":{"self":[{"href":"https:\/\/adidascombat.md\/ro\/wp-json\/wp\/v2\/product\/41153","targetHints":{"allow":["GET"]}}],"collection":[{"href":"https:\/\/adidascombat.md\/ro\/wp-json\/wp\/v2\/product"}],"about":[{"href":"https:\/\/adidascombat.md\/ro\/wp-json\/wp\/v2\/types\/product"}],"replies":[{"embeddable":true,"href":"https:\/\/adidascombat.md\/ro\/wp-json\/wp\/v2\/comments?post=41153"}],"version-history":[{"count":2,"href":"https:\/\/adidascombat.md\/ro\/wp-json\/wp\/v2\/product\/41153\/revisions"}],"predecessor-version":[{"id":41183,"href":"https:\/\/adidascombat.md\/ro\/wp-json\/wp\/v2\/product\/41153\/revisions\/41183"}],"wp:featuredmedia":[{"embeddable":true,"href":"https:\/\/adidascombat.md\/ro\/wp-json\/wp\/v2\/media\/41171"}],"wp:attachment":[{"href":"https:\/\/adidascombat.md\/ro\/wp-json\/wp\/v2\/media?parent=41153"}],"wp:term":[{"taxonomy":"product_brand","embeddable":true,"href":"https:\/\/adidascombat.md\/ro\/wp-json\/wp\/v2\/product_brand?post=41153"},{"taxonomy":"product_cat","embeddable":true,"href":"https:\/\/adidascombat.md\/ro\/wp-json\/wp\/v2\/product_cat?post=41153"},{"taxonomy":"product_tag","embeddable":true,"href":"https:\/\/adidascombat.md\/ro\/wp-json\/wp\/v2\/product_tag?post=41153"}],"curies":[{"name":"wp","href":"https:\/\/api.w.org\/{rel}","templated":true}]}}