{"id":41217,"date":"2026-03-11T06:46:49","date_gmt":"2026-03-11T06:46:49","guid":{"rendered":"https:\/\/adidascombat.md\/?post_type=product&#038;p=41217"},"modified":"2026-03-11T06:50:02","modified_gmt":"2026-03-11T06:50:02","slug":"costum-bjj-ju-sports-copii-alb-%d0%ba%d0%be%d0%bf%d0%b8%d1%80%d0%be%d0%b2%d0%b0%d1%82%d1%8c","status":"publish","type":"product","link":"https:\/\/adidascombat.md\/ro\/Produs\/costum-bjj-ju-sports-copii-alb-%d0%ba%d0%be%d0%bf%d0%b8%d1%80%d0%be%d0%b2%d0%b0%d1%82%d1%8c\/","title":{"rendered":"Costum BJJ Ju-Sports Copii, albastru"},"content":{"rendered":"<p>Gi-ul BJJ, special conceput pentru copii, impresioneaz\u0103 prin m\u0103iestria sa bogat\u0103 \u0219i designul vibrant, potrivit pentru copii. Jacheta este \u00eent\u0103rit\u0103 \u00een zonele solicitate, iar capetele m\u00e2necilor sunt cusute de mai multe ori. Pantalonii sunt \u00eent\u0103ri\u021bi \u00een fa\u021b\u0103 \u0219i cusu\u021bi \u0219i de-a lungul tivului.<\/p>\n<ul>\n<li>\u00a0Croial\u0103 slim BJJ<\/li>\n<li>Pantaloni cu talie elastic\u0103 \u0219i \u0219ireturi suplimentare<\/li>\n<li>Raport excelent calitate-pre\u021b<\/li>\n<li>Curea alb\u0103 inclus\u0103<\/li>\n<li>100% bumbac<\/li>\n<\/ul>\n","protected":false},"excerpt":{"rendered":"<p>Gi-ul BJJ, special conceput pentru copii, impresioneaz\u0103 prin m\u0103iestria sa bogat\u0103 \u0219i designul vibrant, potrivit pentru copii. Jacheta este \u00eent\u0103rit\u0103<\/p>\n","protected":false},"featured_media":41229,"comment_status":"open","ping_status":"closed","template":"","meta":[],"product_brand":[],"product_cat":[785,787],"product_tag":[],"class_list":{"0":"post-41217","1":"product","2":"type-product","3":"status-publish","4":"has-post-thumbnail","6":"product_cat-adidas-bjj-ro","7":"product_cat-costume-ro-6","9":"first","10":"instock","11":"shipping-taxable","12":"purchasable","13":"product-type-variable"},"_links":{"self":[{"href":"https:\/\/adidascombat.md\/ro\/wp-json\/wp\/v2\/product\/41217","targetHints":{"allow":["GET"]}}],"collection":[{"href":"https:\/\/adidascombat.md\/ro\/wp-json\/wp\/v2\/product"}],"about":[{"href":"https:\/\/adidascombat.md\/ro\/wp-json\/wp\/v2\/types\/product"}],"replies":[{"embeddable":true,"href":"https:\/\/adidascombat.md\/ro\/wp-json\/wp\/v2\/comments?post=41217"}],"version-history":[{"count":2,"href":"https:\/\/adidascombat.md\/ro\/wp-json\/wp\/v2\/product\/41217\/revisions"}],"predecessor-version":[{"id":41246,"href":"https:\/\/adidascombat.md\/ro\/wp-json\/wp\/v2\/product\/41217\/revisions\/41246"}],"wp:featuredmedia":[{"embeddable":true,"href":"https:\/\/adidascombat.md\/ro\/wp-json\/wp\/v2\/media\/41229"}],"wp:attachment":[{"href":"https:\/\/adidascombat.md\/ro\/wp-json\/wp\/v2\/media?parent=41217"}],"wp:term":[{"taxonomy":"product_brand","embeddable":true,"href":"https:\/\/adidascombat.md\/ro\/wp-json\/wp\/v2\/product_brand?post=41217"},{"taxonomy":"product_cat","embeddable":true,"href":"https:\/\/adidascombat.md\/ro\/wp-json\/wp\/v2\/product_cat?post=41217"},{"taxonomy":"product_tag","embeddable":true,"href":"https:\/\/adidascombat.md\/ro\/wp-json\/wp\/v2\/product_tag?post=41217"}],"curies":[{"name":"wp","href":"https:\/\/api.w.org\/{rel}","templated":true}]}}