{"id":41357,"date":"2026-03-11T08:00:55","date_gmt":"2026-03-11T08:00:55","guid":{"rendered":"https:\/\/adidascombat.md\/product\/%d0%bf%d0%be%d1%82%d0%b0%d1%88%d0%b5%d0%b2%d0%b0%d1%8f-%d0%bb%d0%be%d0%b7%d0%b0-%d0%bd%d0%b0%d1%82%d1%83%d1%80%d0%b0%d0%bb%d1%8c%d0%bd%d0%b0%d1%8f-%d0%bb%d0%b8%d0%b0%d0%bd%d0%b0-%d0%bd%d0%b5-%d0%be\/"},"modified":"2026-03-11T08:02:34","modified_gmt":"2026-03-11T08:02:34","slug":"%d0%bf%d0%be%d1%82%d0%b0%d1%88%d0%b5%d0%b2%d0%b0%d1%8f-%d0%bb%d0%be%d0%b7%d0%b0-%d0%bd%d0%b0%d1%82%d1%83%d1%80%d0%b0%d0%bb%d1%8c%d0%bd%d0%b0%d1%8f-%d0%bb%d0%b8%d0%b0%d0%bd%d0%b0-%d0%bd%d0%b5-%d0%be","status":"publish","type":"product","link":"https:\/\/adidascombat.md\/ro\/Produs\/%d0%bf%d0%be%d1%82%d0%b0%d1%88%d0%b5%d0%b2%d0%b0%d1%8f-%d0%bb%d0%be%d0%b7%d0%b0-%d0%bd%d0%b0%d1%82%d1%83%d1%80%d0%b0%d0%bb%d1%8c%d0%bd%d0%b0%d1%8f-%d0%bb%d0%b8%d0%b0%d0%bd%d0%b0-%d0%bd%d0%b5-%d0%be\/","title":{"rendered":"B\u0103\u021b de bambus, necojit"},"content":{"rendered":"<p>B\u0103\u021b de bambus necur\u0103\u021bat, ceea ce \u00eel face incredibil de stabil.<\/p>\n<p><strong>Caracteristici speciale:<\/strong><\/p>\n<ul>\n<li>B\u0103\u021burile de bambus necur\u0103\u021bat sunt cele mai stabile be\u021be, deoarece curmarea scoar\u021bei face be\u021bul mai vulnerabil la rupere.<\/li>\n<li>Pentru antrenament cu arme \u2013 Arnis, Escrima, Kali, Jutsu, Kobudo etc.<\/li>\n<li>Se potrive\u0219te perfect \u00een m\u00e2n\u0103.<\/li>\n<li>C\u00e2nt\u0103re\u0219te aproximativ 170 g.<br \/>\nMulte alte be\u021be sunt disponibile \u00een magazin.<\/li>\n<\/ul>\n","protected":false},"excerpt":{"rendered":"<p>B\u0103\u021b de bambus necur\u0103\u021bat, ceea ce \u00eel face incredibil de stabil. Caracteristici speciale: B\u0103\u021burile de bambus necur\u0103\u021bat sunt cele mai<\/p>\n","protected":false},"featured_media":41350,"comment_status":"open","ping_status":"closed","template":"","meta":[],"product_brand":[],"product_cat":[814,834,828,840],"product_tag":[],"class_list":{"0":"post-41357","1":"product","2":"type-product","3":"status-publish","4":"has-post-thumbnail","6":"product_cat-accesorii-ro-7","7":"product_cat-arme-antrenamente-9","8":"product_cat-hapkido-ro","9":"product_cat-kobudo-ro","11":"first","12":"instock","13":"shipping-taxable","14":"purchasable","15":"product-type-simple"},"_links":{"self":[{"href":"https:\/\/adidascombat.md\/ro\/wp-json\/wp\/v2\/product\/41357","targetHints":{"allow":["GET"]}}],"collection":[{"href":"https:\/\/adidascombat.md\/ro\/wp-json\/wp\/v2\/product"}],"about":[{"href":"https:\/\/adidascombat.md\/ro\/wp-json\/wp\/v2\/types\/product"}],"replies":[{"embeddable":true,"href":"https:\/\/adidascombat.md\/ro\/wp-json\/wp\/v2\/comments?post=41357"}],"version-history":[{"count":2,"href":"https:\/\/adidascombat.md\/ro\/wp-json\/wp\/v2\/product\/41357\/revisions"}],"predecessor-version":[{"id":41359,"href":"https:\/\/adidascombat.md\/ro\/wp-json\/wp\/v2\/product\/41357\/revisions\/41359"}],"wp:featuredmedia":[{"embeddable":true,"href":"https:\/\/adidascombat.md\/ro\/wp-json\/wp\/v2\/media\/41350"}],"wp:attachment":[{"href":"https:\/\/adidascombat.md\/ro\/wp-json\/wp\/v2\/media?parent=41357"}],"wp:term":[{"taxonomy":"product_brand","embeddable":true,"href":"https:\/\/adidascombat.md\/ro\/wp-json\/wp\/v2\/product_brand?post=41357"},{"taxonomy":"product_cat","embeddable":true,"href":"https:\/\/adidascombat.md\/ro\/wp-json\/wp\/v2\/product_cat?post=41357"},{"taxonomy":"product_tag","embeddable":true,"href":"https:\/\/adidascombat.md\/ro\/wp-json\/wp\/v2\/product_tag?post=41357"}],"curies":[{"name":"wp","href":"https:\/\/api.w.org\/{rel}","templated":true}]}}