{"id":41373,"date":"2026-03-11T08:20:29","date_gmt":"2026-03-11T08:20:29","guid":{"rendered":"https:\/\/adidascombat.md\/product\/%d0%bf%d0%b0%d0%bb%d0%ba%d0%b0-%d0%b8%d0%b7-%d1%81%d0%b2%d0%b5%d1%82%d0%bb%d0%be%d0%b3%d0%be-%d0%b4%d0%b5%d1%80%d0%b5%d0%b2%d0%b0-%d1%81-%d0%b3%d0%be%d1%80%d1%8f%d1%89%d0%b8%d0%bc-%d1%83%d0%b7%d0%be\/"},"modified":"2026-03-11T08:21:57","modified_gmt":"2026-03-11T08:21:57","slug":"%d0%bf%d0%b0%d0%bb%d0%ba%d0%b0-%d0%b8%d0%b7-%d1%81%d0%b2%d0%b5%d1%82%d0%bb%d0%be%d0%b3%d0%be-%d0%b4%d0%b5%d1%80%d0%b5%d0%b2%d0%b0-%d1%81-%d0%b3%d0%be%d1%80%d1%8f%d1%89%d0%b8%d0%bc-%d1%83%d0%b7%d0%be","status":"publish","type":"product","link":"https:\/\/adidascombat.md\/ro\/Produs\/%d0%bf%d0%b0%d0%bb%d0%ba%d0%b0-%d0%b8%d0%b7-%d1%81%d0%b2%d0%b5%d1%82%d0%bb%d0%be%d0%b3%d0%be-%d0%b4%d0%b5%d1%80%d0%b5%d0%b2%d0%b0-%d1%81-%d0%b3%d0%be%d1%80%d1%8f%d1%89%d0%b8%d0%bc-%d1%83%d0%b7%d0%be\/","title":{"rendered":"Un b\u0103\u021b din lemn deschis la culoare, cu un model de tigru \u00een fl\u0103c\u0103ri pe \u00eentreg perimetrul."},"content":{"rendered":"<p>Un toiag din lemn de culoare deschis\u0103, cu un model de tigru \u00een fl\u0103c\u0103ri de jur \u00eemprejur.<\/p>\n<p><strong>Caracteristici speciale:<\/strong><\/p>\n<ul>\n<li>Coloan\u0103 luminoas\u0103<\/li>\n<li>Pentru antrenament cu arme &#8211; Arnis, Escrima, Kali, Jutsu, Kobudo etc.<\/li>\n<li>Se potrive\u0219te perfect \u00een m\u00e2n\u0103<\/li>\n<li>C\u00e2nt\u0103re\u0219te doar 142 g<\/li>\n<\/ul>\n","protected":false},"excerpt":{"rendered":"<p>Un toiag din lemn de culoare deschis\u0103, cu un model de tigru \u00een fl\u0103c\u0103ri de jur \u00eemprejur. Caracteristici speciale: Coloan\u0103<\/p>\n","protected":false},"featured_media":41370,"comment_status":"open","ping_status":"closed","template":"","meta":[],"product_brand":[],"product_cat":[834,828,840],"product_tag":[],"class_list":{"0":"post-41373","1":"product","2":"type-product","3":"status-publish","4":"has-post-thumbnail","6":"product_cat-arme-antrenamente-9","7":"product_cat-hapkido-ro","8":"product_cat-kobudo-ro","10":"first","11":"instock","12":"shipping-taxable","13":"purchasable","14":"product-type-simple"},"_links":{"self":[{"href":"https:\/\/adidascombat.md\/ro\/wp-json\/wp\/v2\/product\/41373","targetHints":{"allow":["GET"]}}],"collection":[{"href":"https:\/\/adidascombat.md\/ro\/wp-json\/wp\/v2\/product"}],"about":[{"href":"https:\/\/adidascombat.md\/ro\/wp-json\/wp\/v2\/types\/product"}],"replies":[{"embeddable":true,"href":"https:\/\/adidascombat.md\/ro\/wp-json\/wp\/v2\/comments?post=41373"}],"version-history":[{"count":2,"href":"https:\/\/adidascombat.md\/ro\/wp-json\/wp\/v2\/product\/41373\/revisions"}],"predecessor-version":[{"id":41375,"href":"https:\/\/adidascombat.md\/ro\/wp-json\/wp\/v2\/product\/41373\/revisions\/41375"}],"wp:featuredmedia":[{"embeddable":true,"href":"https:\/\/adidascombat.md\/ro\/wp-json\/wp\/v2\/media\/41370"}],"wp:attachment":[{"href":"https:\/\/adidascombat.md\/ro\/wp-json\/wp\/v2\/media?parent=41373"}],"wp:term":[{"taxonomy":"product_brand","embeddable":true,"href":"https:\/\/adidascombat.md\/ro\/wp-json\/wp\/v2\/product_brand?post=41373"},{"taxonomy":"product_cat","embeddable":true,"href":"https:\/\/adidascombat.md\/ro\/wp-json\/wp\/v2\/product_cat?post=41373"},{"taxonomy":"product_tag","embeddable":true,"href":"https:\/\/adidascombat.md\/ro\/wp-json\/wp\/v2\/product_tag?post=41373"}],"curies":[{"name":"wp","href":"https:\/\/api.w.org\/{rel}","templated":true}]}}