{"id":41398,"date":"2026-03-11T08:33:48","date_gmt":"2026-03-11T08:33:48","guid":{"rendered":"https:\/\/adidascombat.md\/product\/%d1%80%d0%b5%d0%b7%d0%b8%d0%bd%d0%be%d0%b2%d1%8b%d0%b9-%d0%bf%d0%b8%d1%81%d1%82%d0%be%d0%bb%d0%b5%d1%82-2\/"},"modified":"2026-03-11T08:34:51","modified_gmt":"2026-03-11T08:34:51","slug":"%d1%80%d0%b5%d0%b7%d0%b8%d0%bd%d0%be%d0%b2%d1%8b%d0%b9-%d0%bf%d0%b8%d1%81%d1%82%d0%be%d0%bb%d0%b5%d1%82-2","status":"publish","type":"product","link":"https:\/\/adidascombat.md\/ro\/Produs\/%d1%80%d0%b5%d0%b7%d0%b8%d0%bd%d0%be%d0%b2%d1%8b%d0%b9-%d0%bf%d0%b8%d1%81%d1%82%d0%be%d0%bb%d0%b5%d1%82-2\/","title":{"rendered":"Pistol de cauciuc"},"content":{"rendered":"<p>Pistol de cauciuc pentru Wing Tsun, Jujutsu, autoap\u0103rare, jiu-jitsu, lupt\u0103 freestyle, hapkido etc.;<\/p>\n<ul>\n<li>Lungime: 22 cm<\/li>\n<li>cu orificiu pentru tr\u0103gaci<\/li>\n<\/ul>\n","protected":false},"excerpt":{"rendered":"<p>Pistol de cauciuc pentru Wing Tsun, Jujutsu, autoap\u0103rare, jiu-jitsu, lupt\u0103 freestyle, hapkido etc.; Lungime: 22 cm cu orificiu pentru tr\u0103gaci<\/p>\n","protected":false},"featured_media":41395,"comment_status":"open","ping_status":"closed","template":"","meta":[],"product_brand":[],"product_cat":[814,801,834,828],"product_tag":[],"class_list":{"0":"post-41398","1":"product","2":"type-product","3":"status-publish","4":"has-post-thumbnail","6":"product_cat-accesorii-ro-7","7":"product_cat-adidas-ju-jutsu","8":"product_cat-arme-antrenamente-9","9":"product_cat-hapkido-ro","11":"first","12":"instock","13":"shipping-taxable","14":"purchasable","15":"product-type-simple"},"_links":{"self":[{"href":"https:\/\/adidascombat.md\/ro\/wp-json\/wp\/v2\/product\/41398","targetHints":{"allow":["GET"]}}],"collection":[{"href":"https:\/\/adidascombat.md\/ro\/wp-json\/wp\/v2\/product"}],"about":[{"href":"https:\/\/adidascombat.md\/ro\/wp-json\/wp\/v2\/types\/product"}],"replies":[{"embeddable":true,"href":"https:\/\/adidascombat.md\/ro\/wp-json\/wp\/v2\/comments?post=41398"}],"version-history":[{"count":1,"href":"https:\/\/adidascombat.md\/ro\/wp-json\/wp\/v2\/product\/41398\/revisions"}],"predecessor-version":[{"id":41399,"href":"https:\/\/adidascombat.md\/ro\/wp-json\/wp\/v2\/product\/41398\/revisions\/41399"}],"wp:featuredmedia":[{"embeddable":true,"href":"https:\/\/adidascombat.md\/ro\/wp-json\/wp\/v2\/media\/41395"}],"wp:attachment":[{"href":"https:\/\/adidascombat.md\/ro\/wp-json\/wp\/v2\/media?parent=41398"}],"wp:term":[{"taxonomy":"product_brand","embeddable":true,"href":"https:\/\/adidascombat.md\/ro\/wp-json\/wp\/v2\/product_brand?post=41398"},{"taxonomy":"product_cat","embeddable":true,"href":"https:\/\/adidascombat.md\/ro\/wp-json\/wp\/v2\/product_cat?post=41398"},{"taxonomy":"product_tag","embeddable":true,"href":"https:\/\/adidascombat.md\/ro\/wp-json\/wp\/v2\/product_tag?post=41398"}],"curies":[{"name":"wp","href":"https:\/\/api.w.org\/{rel}","templated":true}]}}