{"id":41434,"date":"2026-03-11T11:05:42","date_gmt":"2026-03-11T11:05:42","guid":{"rendered":"https:\/\/adidascombat.md\/product\/%d0%b1%d0%be%d0%bb%d1%8c%d1%88%d0%b0%d1%8f-%d1%81%d1%83%d0%bc%d0%ba%d0%b0-hapkido\/"},"modified":"2026-03-11T11:06:28","modified_gmt":"2026-03-11T11:06:28","slug":"%d0%b1%d0%be%d0%bb%d1%8c%d1%88%d0%b0%d1%8f-%d1%81%d1%83%d0%bc%d0%ba%d0%b0-hapkido","status":"publish","type":"product","link":"https:\/\/adidascombat.md\/ro\/Produs\/%d0%b1%d0%be%d0%bb%d1%8c%d1%88%d0%b0%d1%8f-%d1%81%d1%83%d0%bc%d0%ba%d0%b0-hapkido\/","title":{"rendered":"Geant\u0103 mare Hapkido"},"content":{"rendered":"<p>O combina\u021bie de poliester 600D \u0219i nailon 420D, aceast\u0103 geant\u0103 durabil\u0103 are un interior spa\u021bios, o curea de um\u0103r reglabil\u0103, deta\u0219abil\u0103 \u0219i c\u0103ptu\u0219it\u0103, m\u00e2nere de transport \u021besute durabile, un compartiment ascuns pentru insign\u0103 \u0219i picioare din plastic potrivite pentru broderie sau imprimare.<\/p>\n<p><strong>Capacitate: 104 litri.<\/strong><\/p>\n<p><strong>Format: 86 x 40 x 38 cm.<\/strong><\/p>\n<p>Imprimat\u0103 elegant cu motivul sportului t\u0103u preferat.<\/p>\n","protected":false},"excerpt":{"rendered":"<p>O combina\u021bie de poliester 600D \u0219i nailon 420D, aceast\u0103 geant\u0103 durabil\u0103 are un interior spa\u021bios, o curea de um\u0103r reglabil\u0103,<\/p>\n","protected":false},"featured_media":41431,"comment_status":"open","ping_status":"closed","template":"","meta":[],"product_brand":[],"product_cat":[832,828],"product_tag":[],"class_list":{"0":"post-41434","1":"product","2":"type-product","3":"status-publish","4":"has-post-thumbnail","6":"product_cat-accesorii-9","7":"product_cat-hapkido-ro","9":"first","10":"instock","11":"shipping-taxable","12":"purchasable","13":"product-type-variable"},"_links":{"self":[{"href":"https:\/\/adidascombat.md\/ro\/wp-json\/wp\/v2\/product\/41434","targetHints":{"allow":["GET"]}}],"collection":[{"href":"https:\/\/adidascombat.md\/ro\/wp-json\/wp\/v2\/product"}],"about":[{"href":"https:\/\/adidascombat.md\/ro\/wp-json\/wp\/v2\/types\/product"}],"replies":[{"embeddable":true,"href":"https:\/\/adidascombat.md\/ro\/wp-json\/wp\/v2\/comments?post=41434"}],"version-history":[{"count":1,"href":"https:\/\/adidascombat.md\/ro\/wp-json\/wp\/v2\/product\/41434\/revisions"}],"predecessor-version":[{"id":41438,"href":"https:\/\/adidascombat.md\/ro\/wp-json\/wp\/v2\/product\/41434\/revisions\/41438"}],"wp:featuredmedia":[{"embeddable":true,"href":"https:\/\/adidascombat.md\/ro\/wp-json\/wp\/v2\/media\/41431"}],"wp:attachment":[{"href":"https:\/\/adidascombat.md\/ro\/wp-json\/wp\/v2\/media?parent=41434"}],"wp:term":[{"taxonomy":"product_brand","embeddable":true,"href":"https:\/\/adidascombat.md\/ro\/wp-json\/wp\/v2\/product_brand?post=41434"},{"taxonomy":"product_cat","embeddable":true,"href":"https:\/\/adidascombat.md\/ro\/wp-json\/wp\/v2\/product_cat?post=41434"},{"taxonomy":"product_tag","embeddable":true,"href":"https:\/\/adidascombat.md\/ro\/wp-json\/wp\/v2\/product_tag?post=41434"}],"curies":[{"name":"wp","href":"https:\/\/api.w.org\/{rel}","templated":true}]}}