{"id":41453,"date":"2026-03-11T11:12:37","date_gmt":"2026-03-11T11:12:37","guid":{"rendered":"https:\/\/adidascombat.md\/product\/%d1%81%d1%83%d0%bc%d0%ba%d0%b0-%d0%ba%d0%be%d0%bc%d0%b0%d0%bd%d0%b4%d0%bd%d0%b0%d1%8f-hapkido\/"},"modified":"2026-03-11T11:15:38","modified_gmt":"2026-03-11T11:15:38","slug":"%d1%81%d1%83%d0%bc%d0%ba%d0%b0-%d0%ba%d0%be%d0%bc%d0%b0%d0%bd%d0%b4%d0%bd%d0%b0%d1%8f-hapkido","status":"publish","type":"product","link":"https:\/\/adidascombat.md\/ro\/Produs\/%d1%81%d1%83%d0%bc%d0%ba%d0%b0-%d0%ba%d0%be%d0%bc%d0%b0%d0%bd%d0%b4%d0%bd%d0%b0%d1%8f-hapkido\/","title":{"rendered":"Geant\u0103 de echip\u0103 Hapkido"},"content":{"rendered":"<p>Amestec de poliester\/nailon (600D\/420D), curea de transport c\u0103ptu\u0219it\u0103, 2 buzunare exterioare mari, fund \u00eent\u0103rit.<\/p>\n<p><strong>Capacitate: 55 litri.<\/strong><\/p>\n<p><strong>Dimensiuni: 62 x 30 x 30 cm.<\/strong><\/p>\n<p>Cu un imprimeu Hapkido pe lateralul gen\u021bii. Tot ce ai nevoie pentru antrenament \u00eencape \u00een\u0103untru, cu suficient spa\u021biu pentru echipament de protec\u021bie, pe l\u00e2ng\u0103 \u00eembr\u0103c\u0103minte.<\/p>\n","protected":false},"excerpt":{"rendered":"<p>Amestec de poliester\/nailon (600D\/420D), curea de transport c\u0103ptu\u0219it\u0103, 2 buzunare exterioare mari, fund \u00eent\u0103rit. Capacitate: 55 litri. Dimensiuni: 62 x<\/p>\n","protected":false},"featured_media":41450,"comment_status":"open","ping_status":"closed","template":"","meta":[],"product_brand":[],"product_cat":[832,828],"product_tag":[],"class_list":{"0":"post-41453","1":"product","2":"type-product","3":"status-publish","4":"has-post-thumbnail","6":"product_cat-accesorii-9","7":"product_cat-hapkido-ro","9":"first","10":"instock","11":"shipping-taxable","12":"purchasable","13":"product-type-variable"},"_links":{"self":[{"href":"https:\/\/adidascombat.md\/ro\/wp-json\/wp\/v2\/product\/41453","targetHints":{"allow":["GET"]}}],"collection":[{"href":"https:\/\/adidascombat.md\/ro\/wp-json\/wp\/v2\/product"}],"about":[{"href":"https:\/\/adidascombat.md\/ro\/wp-json\/wp\/v2\/types\/product"}],"replies":[{"embeddable":true,"href":"https:\/\/adidascombat.md\/ro\/wp-json\/wp\/v2\/comments?post=41453"}],"version-history":[{"count":2,"href":"https:\/\/adidascombat.md\/ro\/wp-json\/wp\/v2\/product\/41453\/revisions"}],"predecessor-version":[{"id":41458,"href":"https:\/\/adidascombat.md\/ro\/wp-json\/wp\/v2\/product\/41453\/revisions\/41458"}],"wp:featuredmedia":[{"embeddable":true,"href":"https:\/\/adidascombat.md\/ro\/wp-json\/wp\/v2\/media\/41450"}],"wp:attachment":[{"href":"https:\/\/adidascombat.md\/ro\/wp-json\/wp\/v2\/media?parent=41453"}],"wp:term":[{"taxonomy":"product_brand","embeddable":true,"href":"https:\/\/adidascombat.md\/ro\/wp-json\/wp\/v2\/product_brand?post=41453"},{"taxonomy":"product_cat","embeddable":true,"href":"https:\/\/adidascombat.md\/ro\/wp-json\/wp\/v2\/product_cat?post=41453"},{"taxonomy":"product_tag","embeddable":true,"href":"https:\/\/adidascombat.md\/ro\/wp-json\/wp\/v2\/product_tag?post=41453"}],"curies":[{"name":"wp","href":"https:\/\/api.w.org\/{rel}","templated":true}]}}