{"id":41488,"date":"2026-03-11T14:34:20","date_gmt":"2026-03-11T14:34:20","guid":{"rendered":"https:\/\/adidascombat.md\/product\/adidas-speed-tilt-g150-mma-%d0%bf%d0%b5%d1%80%d1%87%d0%b0%d1%82%d0%ba%d0%b8\/"},"modified":"2026-03-11T14:35:23","modified_gmt":"2026-03-11T14:35:23","slug":"adidas-speed-tilt-g150-mma-%d0%bf%d0%b5%d1%80%d1%87%d0%b0%d1%82%d0%ba%d0%b8","status":"publish","type":"product","link":"https:\/\/adidascombat.md\/ro\/Produs\/adidas-speed-tilt-g150-mma-%d0%bf%d0%b5%d1%80%d1%87%d0%b0%d1%82%d0%ba%d0%b8\/","title":{"rendered":"M\u0103nu\u0219i adidas Speed \u200b\u200b\u200b\u200bTilt G150 MMA"},"content":{"rendered":"<p>Aceast\u0103 m\u0103nu\u0219\u0103 adidas MMA este fabricat\u0103 din piele sintetic\u0103 FLX 3.0.<\/p>\n<p>Prezint\u0103 o zon\u0103 deschis\u0103 pentru degetul mare, care poate fi \u00eenchis\u0103 separat cu velcro.<\/p>\n<p>\u00cen plus, noul logo adidas Performance este imprimat pe spate pentru un aspect modern.<\/p>\n<p>Tehnologia patentat\u0103 adidas TILT ofer\u0103 stabilitate maxim\u0103 la \u00eencheietura m\u00e2inii.<\/p>\n","protected":false},"excerpt":{"rendered":"<p>Aceast\u0103 m\u0103nu\u0219\u0103 adidas MMA este fabricat\u0103 din piele sintetic\u0103 FLX 3.0. Prezint\u0103 o zon\u0103 deschis\u0103 pentru degetul mare, care poate<\/p>\n","protected":false},"featured_media":41469,"comment_status":"open","ping_status":"closed","template":"","meta":[],"product_brand":[],"product_cat":[876,875],"product_tag":[],"class_list":{"0":"post-41488","1":"product","2":"type-product","3":"status-publish","4":"has-post-thumbnail","6":"product_cat-manusi-13","7":"product_cat-mmafreefight-thaiboxing","9":"first","10":"instock","11":"shipping-taxable","12":"purchasable","13":"product-type-variable"},"_links":{"self":[{"href":"https:\/\/adidascombat.md\/ro\/wp-json\/wp\/v2\/product\/41488","targetHints":{"allow":["GET"]}}],"collection":[{"href":"https:\/\/adidascombat.md\/ro\/wp-json\/wp\/v2\/product"}],"about":[{"href":"https:\/\/adidascombat.md\/ro\/wp-json\/wp\/v2\/types\/product"}],"replies":[{"embeddable":true,"href":"https:\/\/adidascombat.md\/ro\/wp-json\/wp\/v2\/comments?post=41488"}],"version-history":[{"count":1,"href":"https:\/\/adidascombat.md\/ro\/wp-json\/wp\/v2\/product\/41488\/revisions"}],"predecessor-version":[{"id":41493,"href":"https:\/\/adidascombat.md\/ro\/wp-json\/wp\/v2\/product\/41488\/revisions\/41493"}],"wp:featuredmedia":[{"embeddable":true,"href":"https:\/\/adidascombat.md\/ro\/wp-json\/wp\/v2\/media\/41469"}],"wp:attachment":[{"href":"https:\/\/adidascombat.md\/ro\/wp-json\/wp\/v2\/media?parent=41488"}],"wp:term":[{"taxonomy":"product_brand","embeddable":true,"href":"https:\/\/adidascombat.md\/ro\/wp-json\/wp\/v2\/product_brand?post=41488"},{"taxonomy":"product_cat","embeddable":true,"href":"https:\/\/adidascombat.md\/ro\/wp-json\/wp\/v2\/product_cat?post=41488"},{"taxonomy":"product_tag","embeddable":true,"href":"https:\/\/adidascombat.md\/ro\/wp-json\/wp\/v2\/product_tag?post=41488"}],"curies":[{"name":"wp","href":"https:\/\/api.w.org\/{rel}","templated":true}]}}