{"id":41528,"date":"2026-03-11T14:43:46","date_gmt":"2026-03-11T14:43:46","guid":{"rendered":"https:\/\/adidascombat.md\/?post_type=product&#038;p=41528"},"modified":"2026-03-11T14:46:14","modified_gmt":"2026-03-11T14:46:14","slug":"manusi-de-sparring-mma-allkampf-rosii-carbon-%d0%ba%d0%be%d0%bf%d0%b8%d1%80%d0%be%d0%b2%d0%b0%d1%82%d1%8c","status":"publish","type":"product","link":"https:\/\/adidascombat.md\/ro\/Produs\/manusi-de-sparring-mma-allkampf-rosii-carbon-%d0%ba%d0%be%d0%bf%d0%b8%d1%80%d0%be%d0%b2%d0%b0%d1%82%d1%8c\/","title":{"rendered":"M\u0103nu\u0219i de sparring MMA\/Allkampf, albastre"},"content":{"rendered":"<p>M\u0103nu\u0219\u0103 profesional\u0103 MMA fabricat\u0103 din PU cu textur\u0103 de carbon. Design nou cu c\u0103ptu\u0219eal\u0103 optimizat\u0103 anatomic pentru dosul m\u00e2inii! M\u0103nu\u0219\u0103 oficial\u0103 a Campionatului Mondial Amator MMA din 2019!<\/p>\n<p>Aceast\u0103 m\u0103nu\u0219\u0103 este ideal\u0103 \u0219i pentru sparring MMA, lupte, Krav Maga sau orice antrenament realist de autoap\u0103rare.<\/p>\n<p>O \u00eenchidere dubl\u0103, rezistent\u0103, cu velcro, asigur\u0103 stabilitatea \u00eencheieturii m\u00e2inii, \u00een timp ce designul \u00eengust asigur\u0103 o priz\u0103 bun\u0103 f\u0103r\u0103 a interfera cu priza.<\/p>\n<p>Dispune de o protec\u021bie pentru degetul mare \u0219i de un protector special tip ciocan pe v\u00e2rful pumnului.<\/p>\n<p>Cusute durabil \u0219i cu un design atr\u0103g\u0103tor, acestea sunt caracteristicile distinctive ale acestui protector din carbon.<\/p>\n","protected":false},"excerpt":{"rendered":"<p>M\u0103nu\u0219\u0103 profesional\u0103 MMA fabricat\u0103 din PU cu textur\u0103 de carbon. Design nou cu c\u0103ptu\u0219eal\u0103 optimizat\u0103 anatomic pentru dosul m\u00e2inii! M\u0103nu\u0219\u0103<\/p>\n","protected":false},"featured_media":41534,"comment_status":"open","ping_status":"closed","template":"","meta":[],"product_brand":[],"product_cat":[876,875],"product_tag":[],"class_list":{"0":"post-41528","1":"product","2":"type-product","3":"status-publish","4":"has-post-thumbnail","6":"product_cat-manusi-13","7":"product_cat-mmafreefight-thaiboxing","9":"first","10":"instock","11":"shipping-taxable","12":"purchasable","13":"product-type-variable"},"_links":{"self":[{"href":"https:\/\/adidascombat.md\/ro\/wp-json\/wp\/v2\/product\/41528","targetHints":{"allow":["GET"]}}],"collection":[{"href":"https:\/\/adidascombat.md\/ro\/wp-json\/wp\/v2\/product"}],"about":[{"href":"https:\/\/adidascombat.md\/ro\/wp-json\/wp\/v2\/types\/product"}],"replies":[{"embeddable":true,"href":"https:\/\/adidascombat.md\/ro\/wp-json\/wp\/v2\/comments?post=41528"}],"version-history":[{"count":3,"href":"https:\/\/adidascombat.md\/ro\/wp-json\/wp\/v2\/product\/41528\/revisions"}],"predecessor-version":[{"id":41550,"href":"https:\/\/adidascombat.md\/ro\/wp-json\/wp\/v2\/product\/41528\/revisions\/41550"}],"wp:featuredmedia":[{"embeddable":true,"href":"https:\/\/adidascombat.md\/ro\/wp-json\/wp\/v2\/media\/41534"}],"wp:attachment":[{"href":"https:\/\/adidascombat.md\/ro\/wp-json\/wp\/v2\/media?parent=41528"}],"wp:term":[{"taxonomy":"product_brand","embeddable":true,"href":"https:\/\/adidascombat.md\/ro\/wp-json\/wp\/v2\/product_brand?post=41528"},{"taxonomy":"product_cat","embeddable":true,"href":"https:\/\/adidascombat.md\/ro\/wp-json\/wp\/v2\/product_cat?post=41528"},{"taxonomy":"product_tag","embeddable":true,"href":"https:\/\/adidascombat.md\/ro\/wp-json\/wp\/v2\/product_tag?post=41528"}],"curies":[{"name":"wp","href":"https:\/\/api.w.org\/{rel}","templated":true}]}}